{"id":22508,"date":"2025-07-02T17:25:28","date_gmt":"2025-07-02T08:25:28","guid":{"rendered":"https:\/\/sfashionaccessories.com\/?post_type=product&#038;p=22508"},"modified":"2025-11-30T16:25:13","modified_gmt":"2025-11-30T07:25:13","slug":"mascara-mega-fantastica-preta-faces-natura","status":"publish","type":"product","link":"https:\/\/sfashionaccessories.com\/?product=mascara-mega-fantastica-preta-faces-natura","title":{"rendered":"M\u00e1scara Mega Fant\u00e1stica Preta Faces- Natura"},"content":{"rendered":"<div class=\"relative flex\">\n<div class=\"flex gap-2 items-center\"><span class=\"text-sm font-bold\">C\u00edlios mais alongados, curvados e volumosos<\/span><\/div>\n<\/div>\n<div class=\"relative flex\">\n<div class=\"flex gap-2 items-center\"><span class=\"text-sm\">A M\u00e1scara Mega Fant\u00e1tisca Preta Faces deixa seus c\u00edlios maisalongados, curvados e volumosos.<\/span><\/div>\n<div class=\"flex gap-2 items-center\"><span class=\"text-sm\"> Possui f\u00f3rmula comD-pantenol, que auxilia na hidrata\u00e7\u00e3o do fio, evitando a quebra.Ela \u00e9 ideal para deixar o olhar marcante em qualquer ocasi\u00e3o.<\/span><\/div>\n<\/div>\n","protected":false},"excerpt":{"rendered":"<p>C\u00edlios mais alongados, curvados e volumosos A M\u00e1scara Mega Fant\u00e1tisca Preta Faces deixa seus c\u00edlios maisalongados, curvados e volumosos. Possui f\u00f3rmula comD-pantenol, que auxilia na hidrata\u00e7\u00e3o do fio, evitando a quebra.Ela \u00e9 ideal para deixar o olhar marcante em qualquer ocasi\u00e3o.<\/p>\n","protected":false},"featured_media":22509,"comment_status":"open","ping_status":"closed","template":"","meta":{"_kadence_starter_templates_imported_post":false},"product_brand":[],"product_cat":[206,205,785,705,203],"product_tag":[676,786,234],"class_list":{"0":"post-22508","1":"product","2":"type-product","3":"status-publish","4":"has-post-thumbnail","6":"product_cat-cosmeticos-cremes-hidradantesperfumes","7":"product_cat-baton-po-brush-maquiagem","8":"product_cat-mascara-de-cilios","9":"product_cat-mascara-de-olhos","10":"product_cat-natura-creme-oleo-sabonete-perfume","11":"product_tag-maquiagem","12":"product_tag-mascara-de-cilios","13":"product_tag-natura","15":"first","16":"instock","17":"shipping-taxable","18":"purchasable","19":"product-type-simple"},"_links":{"self":[{"href":"https:\/\/sfashionaccessories.com\/index.php?rest_route=\/wp\/v2\/product\/22508","targetHints":{"allow":["GET"]}}],"collection":[{"href":"https:\/\/sfashionaccessories.com\/index.php?rest_route=\/wp\/v2\/product"}],"about":[{"href":"https:\/\/sfashionaccessories.com\/index.php?rest_route=\/wp\/v2\/types\/product"}],"replies":[{"embeddable":true,"href":"https:\/\/sfashionaccessories.com\/index.php?rest_route=%2Fwp%2Fv2%2Fcomments&post=22508"}],"wp:featuredmedia":[{"embeddable":true,"href":"https:\/\/sfashionaccessories.com\/index.php?rest_route=\/wp\/v2\/media\/22509"}],"wp:attachment":[{"href":"https:\/\/sfashionaccessories.com\/index.php?rest_route=%2Fwp%2Fv2%2Fmedia&parent=22508"}],"wp:term":[{"taxonomy":"product_brand","embeddable":true,"href":"https:\/\/sfashionaccessories.com\/index.php?rest_route=%2Fwp%2Fv2%2Fproduct_brand&post=22508"},{"taxonomy":"product_cat","embeddable":true,"href":"https:\/\/sfashionaccessories.com\/index.php?rest_route=%2Fwp%2Fv2%2Fproduct_cat&post=22508"},{"taxonomy":"product_tag","embeddable":true,"href":"https:\/\/sfashionaccessories.com\/index.php?rest_route=%2Fwp%2Fv2%2Fproduct_tag&post=22508"}],"curies":[{"name":"wp","href":"https:\/\/api.w.org\/{rel}","templated":true}]}}