{"id":22527,"date":"2025-07-12T12:33:48","date_gmt":"2025-07-12T03:33:48","guid":{"rendered":"https:\/\/sfashionaccessories.com\/?post_type=product&#038;p=22527"},"modified":"2026-02-18T15:27:27","modified_gmt":"2026-02-18T06:27:27","slug":"oleo-de-ricino-sos-natutrat-skafe-60ml","status":"publish","type":"product","link":"https:\/\/sfashionaccessories.com\/?product=oleo-de-ricino-sos-natutrat-skafe-60ml","title":{"rendered":"\u00d3leo de Ricino SOS Natutrat Skafe 60ml"},"content":{"rendered":"<p>O \u00d3leo de R\u00edcino Natutrat S.O.S extra\u00eddo da planta mamona, nutre, fortalece e hidrata os fios profundamente, evitando a quebra dos cabelos e auxiliando no crescimento saud\u00e1vel.Quer um cabel\u00e3o e n\u00e3o sabe como? O \u00d3leo de R\u00edcino Natutrat S.O.S \u00e9 indicado para todos os tipos de cabelo, auxilia no crescimento e fortalece os fios. Perfeito para voc\u00ea que sonha em ter um cabel\u00e3o, forte e saud\u00e1vel. Utilizado desde o Egito antigo, o \u00d3leo de R\u00edcino (ou \u00d3leo de Mamona), \u00e9 um grande aliado das manas no cuidado com os cabelos! Seus ativos naturais fazem desse produtinho um poderoso hidratante e fortalecedor dos fios. Ajuda na selagem das cut\u00edculas, impedindo que os fios fiquem com apar\u00eancia de ressecados, dando brilho e sedosidade aos cabelos.<\/p>\n","protected":false},"excerpt":{"rendered":"<p>O \u00d3leo de R\u00edcino Natutrat S.O.S extra\u00eddo da planta mamona, nutre, fortalece e hidrata os fios profundamente, evitando a quebra dos cabelos e auxiliando no crescimento saud\u00e1vel.Quer um cabel\u00e3o e n\u00e3o sabe como? O \u00d3leo de R\u00edcino Natutrat S.O.S \u00e9 indicado para todos os tipos de cabelo, auxilia no crescimento e fortalece os fios. Perfeito [&hellip;]<\/p>\n","protected":false},"featured_media":22526,"comment_status":"open","ping_status":"closed","template":"","meta":{"_kadence_starter_templates_imported_post":false},"product_brand":[],"product_cat":[204,206,564,1007],"product_tag":[476,272,418,876,299],"class_list":{"0":"post-22527","1":"product","2":"type-product","3":"status-publish","4":"has-post-thumbnail","6":"product_cat-matizador-sampoo-condicionador-hidratante","7":"product_cat-cosmeticos-cremes-hidradantesperfumes","8":"product_cat-oleo-finalizador","9":"product_cat-skafe-natutrat","10":"product_tag-cabelos","11":"product_tag-cosmeticos","12":"product_tag-oleo","13":"product_tag-oleo-capilar","14":"product_tag-tratamento","16":"first","17":"instock","18":"shipping-taxable","19":"purchasable","20":"product-type-simple"},"_links":{"self":[{"href":"https:\/\/sfashionaccessories.com\/index.php?rest_route=\/wp\/v2\/product\/22527","targetHints":{"allow":["GET"]}}],"collection":[{"href":"https:\/\/sfashionaccessories.com\/index.php?rest_route=\/wp\/v2\/product"}],"about":[{"href":"https:\/\/sfashionaccessories.com\/index.php?rest_route=\/wp\/v2\/types\/product"}],"replies":[{"embeddable":true,"href":"https:\/\/sfashionaccessories.com\/index.php?rest_route=%2Fwp%2Fv2%2Fcomments&post=22527"}],"wp:featuredmedia":[{"embeddable":true,"href":"https:\/\/sfashionaccessories.com\/index.php?rest_route=\/wp\/v2\/media\/22526"}],"wp:attachment":[{"href":"https:\/\/sfashionaccessories.com\/index.php?rest_route=%2Fwp%2Fv2%2Fmedia&parent=22527"}],"wp:term":[{"taxonomy":"product_brand","embeddable":true,"href":"https:\/\/sfashionaccessories.com\/index.php?rest_route=%2Fwp%2Fv2%2Fproduct_brand&post=22527"},{"taxonomy":"product_cat","embeddable":true,"href":"https:\/\/sfashionaccessories.com\/index.php?rest_route=%2Fwp%2Fv2%2Fproduct_cat&post=22527"},{"taxonomy":"product_tag","embeddable":true,"href":"https:\/\/sfashionaccessories.com\/index.php?rest_route=%2Fwp%2Fv2%2Fproduct_tag&post=22527"}],"curies":[{"name":"wp","href":"https:\/\/api.w.org\/{rel}","templated":true}]}}