{"id":22528,"date":"2025-07-12T12:45:05","date_gmt":"2025-07-12T03:45:05","guid":{"rendered":"https:\/\/sfashionaccessories.com\/?post_type=product&#038;p=22528"},"modified":"2026-04-18T14:31:30","modified_gmt":"2026-04-18T05:31:30","slug":"avon-care-intimate-sabonete-liquido-intimo-fresh-250ml","status":"publish","type":"product","link":"https:\/\/sfashionaccessories.com\/?product=avon-care-intimate-sabonete-liquido-intimo-fresh-250ml","title":{"rendered":"AVON CARE INTIMATE SABONETE L\u00cdQUIDO \u00cdNTIMO FRESH 250ML"},"content":{"rendered":"<p>O Sabonete l\u00edquido \u00edntimo Fresh com Aloe Vera e Vitamina E proporciona uma limpeza suave e delicada. Deixa voc\u00ea com uma sensa\u00e7\u00e3o de frescor e confian\u00e7a, sua f\u00f3rmula sem parabenos limpa suavemente, ajudando a eliminar os odores e a manter o seu pH vaginal equilibrado. Limpeza suave e delicada.<\/p>\n<p>3 em 1<\/p>\n<p>&#8211; pH Equilibrado<\/p>\n<p>&#8211; Limpeza suave com frescor o dia todo<\/p>\n<p>&#8211; Uso di\u00e1rio<\/p>\n<p>Desenvolvido por mulheres para mulheres<\/p>\n<p>Por que devo usar sabonete \u00edntimo em vez do meu sabonete normal ou gel de banho?<\/p>\n<p>A pele do seu corpo \u00e9 diferente da pele das suas \u00e1reas \u00edntimas. Produtos regulares podem ressecar a pele e desregular o Ph da \u00e1rea \u00edntima enquanto os produtos de Avon Car Intimate s\u00e3o especialmente desenvolvidos para ser mais suave e manter o delicado equil\u00edbrio do pH.<\/p>\n","protected":false},"excerpt":{"rendered":"<p>O Sabonete l\u00edquido \u00edntimo Fresh com Aloe Vera e Vitamina E proporciona uma limpeza suave e delicada. Deixa voc\u00ea com uma sensa\u00e7\u00e3o de frescor e confian\u00e7a, sua f\u00f3rmula sem parabenos limpa suavemente, ajudando a eliminar os odores e a manter o seu pH vaginal equilibrado. Limpeza suave e delicada. 3 em 1 &#8211; pH Equilibrado [&hellip;]<\/p>\n","protected":false},"featured_media":22532,"comment_status":"open","ping_status":"closed","template":"","meta":{"_kadence_starter_templates_imported_post":false},"product_brand":[],"product_cat":[548,206,720,286],"product_tag":[549,272,395,191,736],"class_list":{"0":"post-22528","1":"product","2":"type-product","3":"status-publish","4":"has-post-thumbnail","6":"product_cat-avon","7":"product_cat-cosmeticos-cremes-hidradantesperfumes","8":"product_cat-sabonete-sabonete-liquido-e-gel-avon","9":"product_cat-sabonete-sabonete-liquido-2","10":"product_tag-avon","11":"product_tag-cosmeticos","12":"product_tag-feminino","13":"product_tag-sabonete","14":"product_tag-sabonete-intimo","16":"first","17":"outofstock","18":"shipping-taxable","19":"purchasable","20":"product-type-simple"},"_links":{"self":[{"href":"https:\/\/sfashionaccessories.com\/index.php?rest_route=\/wp\/v2\/product\/22528","targetHints":{"allow":["GET"]}}],"collection":[{"href":"https:\/\/sfashionaccessories.com\/index.php?rest_route=\/wp\/v2\/product"}],"about":[{"href":"https:\/\/sfashionaccessories.com\/index.php?rest_route=\/wp\/v2\/types\/product"}],"replies":[{"embeddable":true,"href":"https:\/\/sfashionaccessories.com\/index.php?rest_route=%2Fwp%2Fv2%2Fcomments&post=22528"}],"wp:featuredmedia":[{"embeddable":true,"href":"https:\/\/sfashionaccessories.com\/index.php?rest_route=\/wp\/v2\/media\/22532"}],"wp:attachment":[{"href":"https:\/\/sfashionaccessories.com\/index.php?rest_route=%2Fwp%2Fv2%2Fmedia&parent=22528"}],"wp:term":[{"taxonomy":"product_brand","embeddable":true,"href":"https:\/\/sfashionaccessories.com\/index.php?rest_route=%2Fwp%2Fv2%2Fproduct_brand&post=22528"},{"taxonomy":"product_cat","embeddable":true,"href":"https:\/\/sfashionaccessories.com\/index.php?rest_route=%2Fwp%2Fv2%2Fproduct_cat&post=22528"},{"taxonomy":"product_tag","embeddable":true,"href":"https:\/\/sfashionaccessories.com\/index.php?rest_route=%2Fwp%2Fv2%2Fproduct_tag&post=22528"}],"curies":[{"name":"wp","href":"https:\/\/api.w.org\/{rel}","templated":true}]}}