{"id":22549,"date":"2025-07-12T13:03:20","date_gmt":"2025-07-12T04:03:20","guid":{"rendered":"https:\/\/sfashionaccessories.com\/?post_type=product&#038;p=22549"},"modified":"2026-02-22T23:26:02","modified_gmt":"2026-02-22T14:26:02","slug":"borabella-neutra-quimic-neutralizante-ph-capilar-500ml","status":"publish","type":"product","link":"https:\/\/sfashionaccessories.com\/?product=borabella-neutra-quimic-neutralizante-ph-capilar-500ml","title":{"rendered":"Borabella Neutra Quimic Neutralizante PH Capilar 500ml"},"content":{"rendered":"<p>O NeutraQuimic da Borabella serve para evitar que processos qu\u00edmicos \u2013 como progressivas, alisamentos, colora\u00e7\u00f5es e descolora\u00e7\u00f5es \u2013 continuem a danificar os fios, o couro cabeludo e o fol\u00edculo capilar. Mesmo ap\u00f3s a finaliza\u00e7\u00e3o de uma transforma\u00e7\u00e3o, o ativo qu\u00edmico de pHs extremos continuam agindo sem necessidade dentro do fio, provocando assim danos desnecess\u00e1rios \u00e0 estrutura do cabelo.<\/p>\n<p>O NeutraQuimic \u00e9 um neutralizante que age reequilibrando pH dos fios e do couro cabeludo, prevenindo a quebra, queda, ressecamento e mau cheiro do fio quando molhado. Al\u00e9m de restabelecer as liga\u00e7\u00f5es pept\u00eddicas, ele atua nas pontes de Dissulfeto, evitando afinamento e quebra dos fios ao longo do tempo provocada por processos qu\u00edmicos.<\/p>\n<p>INDICA\u00c7\u00c3O: para cabelos quimicamente tratados<\/p>\n","protected":false},"excerpt":{"rendered":"<p>O NeutraQuimic da Borabella serve para evitar que processos qu\u00edmicos \u2013 como progressivas, alisamentos, colora\u00e7\u00f5es e descolora\u00e7\u00f5es \u2013 continuem a danificar os fios, o couro cabeludo e o fol\u00edculo capilar. Mesmo ap\u00f3s a finaliza\u00e7\u00e3o de uma transforma\u00e7\u00e3o, o ativo qu\u00edmico de pHs extremos continuam agindo sem necessidade dentro do fio, provocando assim danos desnecess\u00e1rios \u00e0 [&hellip;]<\/p>\n","protected":false},"featured_media":22547,"comment_status":"open","ping_status":"closed","template":"","meta":{"_kadence_starter_templates_imported_post":false},"product_brand":[],"product_cat":[204,206],"product_tag":[1008,476,272,299],"class_list":{"0":"post-22549","1":"product","2":"type-product","3":"status-publish","4":"has-post-thumbnail","6":"product_cat-matizador-sampoo-condicionador-hidratante","7":"product_cat-cosmeticos-cremes-hidradantesperfumes","8":"product_tag-borabella","9":"product_tag-cabelos","10":"product_tag-cosmeticos","11":"product_tag-tratamento","13":"first","14":"instock","15":"shipping-taxable","16":"purchasable","17":"product-type-simple"},"_links":{"self":[{"href":"https:\/\/sfashionaccessories.com\/index.php?rest_route=\/wp\/v2\/product\/22549","targetHints":{"allow":["GET"]}}],"collection":[{"href":"https:\/\/sfashionaccessories.com\/index.php?rest_route=\/wp\/v2\/product"}],"about":[{"href":"https:\/\/sfashionaccessories.com\/index.php?rest_route=\/wp\/v2\/types\/product"}],"replies":[{"embeddable":true,"href":"https:\/\/sfashionaccessories.com\/index.php?rest_route=%2Fwp%2Fv2%2Fcomments&post=22549"}],"wp:featuredmedia":[{"embeddable":true,"href":"https:\/\/sfashionaccessories.com\/index.php?rest_route=\/wp\/v2\/media\/22547"}],"wp:attachment":[{"href":"https:\/\/sfashionaccessories.com\/index.php?rest_route=%2Fwp%2Fv2%2Fmedia&parent=22549"}],"wp:term":[{"taxonomy":"product_brand","embeddable":true,"href":"https:\/\/sfashionaccessories.com\/index.php?rest_route=%2Fwp%2Fv2%2Fproduct_brand&post=22549"},{"taxonomy":"product_cat","embeddable":true,"href":"https:\/\/sfashionaccessories.com\/index.php?rest_route=%2Fwp%2Fv2%2Fproduct_cat&post=22549"},{"taxonomy":"product_tag","embeddable":true,"href":"https:\/\/sfashionaccessories.com\/index.php?rest_route=%2Fwp%2Fv2%2Fproduct_tag&post=22549"}],"curies":[{"name":"wp","href":"https:\/\/api.w.org\/{rel}","templated":true}]}}