{"id":22575,"date":"2025-07-24T23:11:21","date_gmt":"2025-07-24T14:11:21","guid":{"rendered":"https:\/\/sfashionaccessories.com\/?post_type=product&#038;p=22575"},"modified":"2025-09-17T18:55:23","modified_gmt":"2025-09-17T09:55:23","slug":"perfume-uomini-black-colonia-100ml-o-boticario","status":"publish","type":"product","link":"https:\/\/sfashionaccessories.com\/?product=perfume-uomini-black-colonia-100ml-o-boticario","title":{"rendered":"Perfume Uomini Black  Col\u00f4nia 100ml O Boticario"},"content":{"rendered":"<p>Fam\u00edlia olfativa: Oriental Especiada<\/p>\n<p>Ideal para o homem moderno, Uomini Black\u00a0 Col\u00f4nia combina com tudo.<\/p>\n<p>Com notas ambaradas e especiadas, essa fragr\u00e2ncia Oriental Especiada ousada \u00e9 perfeita para homens que vivem a vida intensamente.<\/p>\n<p>O desodorante col\u00f4nia traz notas de Pimenta Preta e Cardamomo no topo, que a deixam com uma sa\u00edda aberta e picante e o toque de Baunilha, notas de \u00c2mbar e Fava Tonka esquentam o fundo dessa fragr\u00e2ncia.<\/p>\n<p>Volume: 100ml<\/p>\n","protected":false},"excerpt":{"rendered":"<p>Fam\u00edlia olfativa: Oriental Especiada Ideal para o homem moderno, Uomini Black\u00a0 Col\u00f4nia combina com tudo. Com notas ambaradas e especiadas, essa fragr\u00e2ncia Oriental Especiada ousada \u00e9 perfeita para homens que vivem a vida intensamente. O desodorante col\u00f4nia traz notas de Pimenta Preta e Cardamomo no topo, que a deixam com uma sa\u00edda aberta e picante [&hellip;]<\/p>\n","protected":false},"featured_media":22578,"comment_status":"open","ping_status":"closed","template":"","meta":{"_kadence_starter_templates_imported_post":false},"product_brand":[],"product_cat":[206,294,282,295,254],"product_tag":[],"class_list":{"0":"post-22575","1":"product","2":"type-product","3":"status-publish","4":"has-post-thumbnail","6":"product_cat-cosmeticos-cremes-hidradantesperfumes","7":"product_cat-masculino","8":"product_cat-o-boticario","9":"product_cat-o-boticario-2","10":"product_cat-promocoes-descontos","12":"first","13":"outofstock","14":"sale","15":"shipping-taxable","16":"purchasable","17":"product-type-simple"},"_links":{"self":[{"href":"https:\/\/sfashionaccessories.com\/index.php?rest_route=\/wp\/v2\/product\/22575","targetHints":{"allow":["GET"]}}],"collection":[{"href":"https:\/\/sfashionaccessories.com\/index.php?rest_route=\/wp\/v2\/product"}],"about":[{"href":"https:\/\/sfashionaccessories.com\/index.php?rest_route=\/wp\/v2\/types\/product"}],"replies":[{"embeddable":true,"href":"https:\/\/sfashionaccessories.com\/index.php?rest_route=%2Fwp%2Fv2%2Fcomments&post=22575"}],"wp:featuredmedia":[{"embeddable":true,"href":"https:\/\/sfashionaccessories.com\/index.php?rest_route=\/wp\/v2\/media\/22578"}],"wp:attachment":[{"href":"https:\/\/sfashionaccessories.com\/index.php?rest_route=%2Fwp%2Fv2%2Fmedia&parent=22575"}],"wp:term":[{"taxonomy":"product_brand","embeddable":true,"href":"https:\/\/sfashionaccessories.com\/index.php?rest_route=%2Fwp%2Fv2%2Fproduct_brand&post=22575"},{"taxonomy":"product_cat","embeddable":true,"href":"https:\/\/sfashionaccessories.com\/index.php?rest_route=%2Fwp%2Fv2%2Fproduct_cat&post=22575"},{"taxonomy":"product_tag","embeddable":true,"href":"https:\/\/sfashionaccessories.com\/index.php?rest_route=%2Fwp%2Fv2%2Fproduct_tag&post=22575"}],"curies":[{"name":"wp","href":"https:\/\/api.w.org\/{rel}","templated":true}]}}