{"id":22599,"date":"2025-07-30T16:44:33","date_gmt":"2025-07-30T07:44:33","guid":{"rendered":"https:\/\/sfashionaccessories.com\/?post_type=product&#038;p=22599"},"modified":"2025-10-20T08:57:12","modified_gmt":"2025-10-19T23:57:12","slug":"condicionador-cauterizacao-dos-lisos-4d-200ml-eudora-siage","status":"publish","type":"product","link":"https:\/\/sfashionaccessories.com\/?product=condicionador-cauterizacao-dos-lisos-4d-200ml-eudora-siage","title":{"rendered":"Condicionador Cauteriza\u00e7\u00e3o dos Lisos 4D 200ml Eudora Si\u00e0ge"},"content":{"rendered":"<p>O Condicionador Cauteriza\u00e7\u00e3o dos Lisos da Eudora Si\u00e0ge \u00e9 um produto desenvolvido especialmente para tratar os danos p\u00f3s alisamento qu\u00edmico ou causados pelo uso frequente de fontes de calor. Com sua f\u00f3rmula enriquecida com Prote\u00edna Hidrolisada e Amino10-EFFEX, esse condicionador oferece um tratamento completo e eficaz para os cabelos, auxiliando na prote\u00e7\u00e3o dos fios antes do alisamento e recarregando os nutrientes essenciais, deixando-os mais fortes.<\/p>\n<p>Assim como o shampoo da mesma linha, o condicionador possui uma formula\u00e7\u00e3o livre de sal, garantindo um cuidado suave e delicado aos fios. Sua a\u00e7\u00e3o condicionante proporciona uma hidrata\u00e7\u00e3o profunda, auxiliando na recupera\u00e7\u00e3o dos danos capilares e deixando os cabelos mais saud\u00e1veis e revitalizados.<\/p>\n<p>Al\u00e9m de tratar os danos p\u00f3s alisamento, o Condicionador Cauteriza\u00e7\u00e3o dos Lisos tamb\u00e9m auxilia na prote\u00e7\u00e3o dos cabelos antes do procedimento, evitando danos adicionais e mantendo a sa\u00fade capilar. Com seu poder de recarga de nutrientes, o condicionador fortalece os fios, deixando-os mais resistentes e preparados para enfrentar as agress\u00f5es externas.<\/p>\n","protected":false},"excerpt":{"rendered":"<p>O Condicionador Cauteriza\u00e7\u00e3o dos Lisos da Eudora Si\u00e0ge \u00e9 um produto desenvolvido especialmente para tratar os danos p\u00f3s alisamento qu\u00edmico ou causados pelo uso frequente de fontes de calor. Com sua f\u00f3rmula enriquecida com Prote\u00edna Hidrolisada e Amino10-EFFEX, esse condicionador oferece um tratamento completo e eficaz para os cabelos, auxiliando na prote\u00e7\u00e3o dos fios antes [&hellip;]<\/p>\n","protected":false},"featured_media":22600,"comment_status":"open","ping_status":"closed","template":"","meta":{"_kadence_starter_templates_imported_post":false},"product_brand":[],"product_cat":[206,790,865],"product_tag":[476,345,791,1009],"class_list":{"0":"post-22599","1":"product","2":"type-product","3":"status-publish","4":"has-post-thumbnail","6":"product_cat-cosmeticos-cremes-hidradantesperfumes","7":"product_cat-eudora","8":"product_cat-shampoo-e-condicionador-eudora","9":"product_tag-cabelos","10":"product_tag-condicionador","11":"product_tag-eudora","12":"product_tag-siage","14":"first","15":"instock","16":"shipping-taxable","17":"purchasable","18":"product-type-simple"},"_links":{"self":[{"href":"https:\/\/sfashionaccessories.com\/index.php?rest_route=\/wp\/v2\/product\/22599","targetHints":{"allow":["GET"]}}],"collection":[{"href":"https:\/\/sfashionaccessories.com\/index.php?rest_route=\/wp\/v2\/product"}],"about":[{"href":"https:\/\/sfashionaccessories.com\/index.php?rest_route=\/wp\/v2\/types\/product"}],"replies":[{"embeddable":true,"href":"https:\/\/sfashionaccessories.com\/index.php?rest_route=%2Fwp%2Fv2%2Fcomments&post=22599"}],"wp:featuredmedia":[{"embeddable":true,"href":"https:\/\/sfashionaccessories.com\/index.php?rest_route=\/wp\/v2\/media\/22600"}],"wp:attachment":[{"href":"https:\/\/sfashionaccessories.com\/index.php?rest_route=%2Fwp%2Fv2%2Fmedia&parent=22599"}],"wp:term":[{"taxonomy":"product_brand","embeddable":true,"href":"https:\/\/sfashionaccessories.com\/index.php?rest_route=%2Fwp%2Fv2%2Fproduct_brand&post=22599"},{"taxonomy":"product_cat","embeddable":true,"href":"https:\/\/sfashionaccessories.com\/index.php?rest_route=%2Fwp%2Fv2%2Fproduct_cat&post=22599"},{"taxonomy":"product_tag","embeddable":true,"href":"https:\/\/sfashionaccessories.com\/index.php?rest_route=%2Fwp%2Fv2%2Fproduct_tag&post=22599"}],"curies":[{"name":"wp","href":"https:\/\/api.w.org\/{rel}","templated":true}]}}