{"id":22603,"date":"2025-07-30T16:57:40","date_gmt":"2025-07-30T07:57:40","guid":{"rendered":"https:\/\/sfashionaccessories.com\/?post_type=product&#038;p=22603"},"modified":"2026-03-10T14:56:57","modified_gmt":"2026-03-10T05:56:57","slug":"sutia-rendado-demillus-sisi-67162","status":"publish","type":"product","link":"https:\/\/sfashionaccessories.com\/?product=sutia-rendado-demillus-sisi-67162","title":{"rendered":"Suti\u00e3 Rendado DeMillus Sisi (67162)"},"content":{"rendered":"<p>Confeccionado em microfibra el\u00e1stica, de toque leve, macio e confort\u00e1vel.<br \/>\nSuti\u00e3 com aro e bojo espumado, que modela os seios confortavelmente.<br \/>\nBusto com sobreposi\u00e7\u00e3o em renda.<br \/>\nLinda estampa floral.<br \/>\nLaterais m\u00e9dias.<br \/>\nAl\u00e7as grossas, fixas e regul\u00e1veis para melhor sustenta\u00e7\u00e3o.<br \/>\nCostas com fecho em colchetes duplos com tripla regulagem.<br \/>\nComposi\u00e7\u00e3o: 90% Poli\u00e9ster, 10% Elastano. Bojo: 100% Poli\u00e9ster. Renda: 85% Poliamida, 15% Elastano<\/p>\n","protected":false},"excerpt":{"rendered":"<p>Confeccionado em microfibra el\u00e1stica, de toque leve, macio e confort\u00e1vel. Suti\u00e3 com aro e bojo espumado, que modela os seios confortavelmente. Busto com sobreposi\u00e7\u00e3o em renda. Linda estampa floral. Laterais m\u00e9dias. Al\u00e7as grossas, fixas e regul\u00e1veis para melhor sustenta\u00e7\u00e3o. Costas com fecho em colchetes duplos com tripla regulagem. Composi\u00e7\u00e3o: 90% Poli\u00e9ster, 10% Elastano. Bojo: 100% [&hellip;]<\/p>\n","protected":false},"featured_media":22606,"comment_status":"open","ping_status":"closed","template":"","meta":{"_kadence_starter_templates_imported_post":false},"product_brand":[],"product_cat":[268,293,29,221],"product_tag":[266,395,267],"class_list":{"0":"post-22603","1":"product","2":"type-product","3":"status-publish","4":"has-post-thumbnail","6":"product_cat-demillus","7":"product_cat-feminino","8":"product_cat-lingeries","9":"product_cat-sutias","10":"product_tag-demillus","11":"product_tag-feminino","12":"product_tag-lingerie","14":"first","15":"instock","16":"sale","17":"shipping-taxable","18":"purchasable","19":"product-type-variable"},"_links":{"self":[{"href":"https:\/\/sfashionaccessories.com\/index.php?rest_route=\/wp\/v2\/product\/22603","targetHints":{"allow":["GET"]}}],"collection":[{"href":"https:\/\/sfashionaccessories.com\/index.php?rest_route=\/wp\/v2\/product"}],"about":[{"href":"https:\/\/sfashionaccessories.com\/index.php?rest_route=\/wp\/v2\/types\/product"}],"replies":[{"embeddable":true,"href":"https:\/\/sfashionaccessories.com\/index.php?rest_route=%2Fwp%2Fv2%2Fcomments&post=22603"}],"wp:featuredmedia":[{"embeddable":true,"href":"https:\/\/sfashionaccessories.com\/index.php?rest_route=\/wp\/v2\/media\/22606"}],"wp:attachment":[{"href":"https:\/\/sfashionaccessories.com\/index.php?rest_route=%2Fwp%2Fv2%2Fmedia&parent=22603"}],"wp:term":[{"taxonomy":"product_brand","embeddable":true,"href":"https:\/\/sfashionaccessories.com\/index.php?rest_route=%2Fwp%2Fv2%2Fproduct_brand&post=22603"},{"taxonomy":"product_cat","embeddable":true,"href":"https:\/\/sfashionaccessories.com\/index.php?rest_route=%2Fwp%2Fv2%2Fproduct_cat&post=22603"},{"taxonomy":"product_tag","embeddable":true,"href":"https:\/\/sfashionaccessories.com\/index.php?rest_route=%2Fwp%2Fv2%2Fproduct_tag&post=22603"}],"curies":[{"name":"wp","href":"https:\/\/api.w.org\/{rel}","templated":true}]}}