{"id":22630,"date":"2025-07-30T18:51:02","date_gmt":"2025-07-30T09:51:02","guid":{"rendered":"https:\/\/sfashionaccessories.com\/?post_type=product&#038;p=22630"},"modified":"2025-07-30T18:51:03","modified_gmt":"2025-07-30T09:51:03","slug":"body-demillus-sexy-rendado-098430","status":"publish","type":"product","link":"https:\/\/sfashionaccessories.com\/?product=body-demillus-sexy-rendado-098430","title":{"rendered":"body demillus sexy rendado 098430"},"content":{"rendered":"<div class=\"xdj266r x14z9mp xat24cr x1lziwak x1vvkbs x126k92a\">\n<div dir=\"auto\">Novo Body DeMillus!<\/div>\n<\/div>\n<div class=\"x14z9mp xat24cr x1lziwak x1vvkbs xtlvy1s x126k92a\">\n<div dir=\"auto\">O Body DeMillus Sexy est\u00e1 de tirar o f\u00f4lego! \u00c9 pura sensualidade e estilo.<\/div>\n<\/div>\n<div class=\"x14z9mp xat24cr x1lziwak x1vvkbs xtlvy1s x126k92a\">\n<div dir=\"auto\">Todo em renda el\u00e1stica com transpar\u00eancia e costas com decote profundo e formato fio-dental.<\/div>\n<\/div>\n","protected":false},"excerpt":{"rendered":"<p>Novo Body DeMillus! O Body DeMillus Sexy est\u00e1 de tirar o f\u00f4lego! \u00c9 pura sensualidade e estilo. Todo em renda el\u00e1stica com transpar\u00eancia e costas com decote profundo e formato fio-dental.<\/p>\n","protected":false},"featured_media":22632,"comment_status":"open","ping_status":"closed","template":"","meta":{"_kadence_starter_templates_imported_post":false},"product_brand":[],"product_cat":[323,268,580,29],"product_tag":[266,267],"class_list":{"0":"post-22630","1":"product","2":"type-product","3":"status-publish","4":"has-post-thumbnail","6":"product_cat-bodies-bodysuits","7":"product_cat-demillus","8":"product_cat-destaques","9":"product_cat-lingeries","10":"product_tag-demillus","11":"product_tag-lingerie","13":"first","14":"instock","15":"shipping-taxable","16":"purchasable","17":"product-type-variable"},"_links":{"self":[{"href":"https:\/\/sfashionaccessories.com\/index.php?rest_route=\/wp\/v2\/product\/22630","targetHints":{"allow":["GET"]}}],"collection":[{"href":"https:\/\/sfashionaccessories.com\/index.php?rest_route=\/wp\/v2\/product"}],"about":[{"href":"https:\/\/sfashionaccessories.com\/index.php?rest_route=\/wp\/v2\/types\/product"}],"replies":[{"embeddable":true,"href":"https:\/\/sfashionaccessories.com\/index.php?rest_route=%2Fwp%2Fv2%2Fcomments&post=22630"}],"wp:featuredmedia":[{"embeddable":true,"href":"https:\/\/sfashionaccessories.com\/index.php?rest_route=\/wp\/v2\/media\/22632"}],"wp:attachment":[{"href":"https:\/\/sfashionaccessories.com\/index.php?rest_route=%2Fwp%2Fv2%2Fmedia&parent=22630"}],"wp:term":[{"taxonomy":"product_brand","embeddable":true,"href":"https:\/\/sfashionaccessories.com\/index.php?rest_route=%2Fwp%2Fv2%2Fproduct_brand&post=22630"},{"taxonomy":"product_cat","embeddable":true,"href":"https:\/\/sfashionaccessories.com\/index.php?rest_route=%2Fwp%2Fv2%2Fproduct_cat&post=22630"},{"taxonomy":"product_tag","embeddable":true,"href":"https:\/\/sfashionaccessories.com\/index.php?rest_route=%2Fwp%2Fv2%2Fproduct_tag&post=22630"}],"curies":[{"name":"wp","href":"https:\/\/api.w.org\/{rel}","templated":true}]}}