{"id":22656,"date":"2025-08-10T20:30:13","date_gmt":"2025-08-10T11:30:13","guid":{"rendered":"https:\/\/sfashionaccessories.com\/?post_type=product&#038;p=22656"},"modified":"2025-12-24T15:59:06","modified_gmt":"2025-12-24T06:59:06","slug":"presente-natura-kaiak-urbe-kit-viagem-4-produtos","status":"publish","type":"product","link":"https:\/\/sfashionaccessories.com\/?product=presente-natura-kaiak-urbe-kit-viagem-4-produtos","title":{"rendered":"Presente Natura Kaiak Urbe Kit Viagem (4 produtos)"},"content":{"rendered":"<p>Imagens inlustativas n\u00e3o vai caixa de presente.<\/p>\n<p><strong>transparente<\/strong>, que facilita a visualiza\u00e7\u00e3o dos itens que est\u00e3o dentro.<\/p>\n<p><strong>cont\u00e9m<\/strong><\/p>\n<p>desodorante col\u00f4nia 25 ml<\/p>\n<p>shower gel cabelo, corpo e barba 50 gramas<\/p>\n<p>gel 2 em 1 para barbear e p\u00f3s-barba 50 gramas<\/p>\n<p>caixa especial present\u00e1vel<\/p>\n<p>e n\u00e9cessaire de tecido medindo 22 cent\u00edmetros de comprimento, 4 de largura e 13 de altura.<\/p>\n","protected":false},"excerpt":{"rendered":"<p>Imagens inlustativas n\u00e3o vai caixa de presente. transparente, que facilita a visualiza\u00e7\u00e3o dos itens que est\u00e3o dentro. cont\u00e9m desodorante col\u00f4nia 25 ml shower gel cabelo, corpo e barba 50 gramas gel 2 em 1 para barbear e p\u00f3s-barba 50 gramas caixa especial present\u00e1vel e n\u00e9cessaire de tecido medindo 22 cent\u00edmetros de comprimento, 4 de largura [&hellip;]<\/p>\n","protected":false},"featured_media":22659,"comment_status":"open","ping_status":"closed","template":"","meta":{"_kadence_starter_templates_imported_post":false},"product_brand":[],"product_cat":[753,713,206,277,580,288,294,203],"product_tag":[272,409,444,234,401],"class_list":{"0":"post-22656","1":"product","2":"type-product","3":"status-publish","4":"has-post-thumbnail","6":"product_cat-body-spray","7":"product_cat-colonia","8":"product_cat-cosmeticos-cremes-hidradantesperfumes","9":"product_cat-desodorante-masculino","10":"product_cat-destaques","11":"product_cat-kit-natura","12":"product_cat-masculino","13":"product_cat-natura-creme-oleo-sabonete-perfume","14":"product_tag-cosmeticos","15":"product_tag-kaiak","16":"product_tag-kit","17":"product_tag-natura","18":"product_tag-perfumes","20":"first","21":"outofstock","22":"sale","23":"shipping-taxable","24":"purchasable","25":"product-type-simple"},"_links":{"self":[{"href":"https:\/\/sfashionaccessories.com\/index.php?rest_route=\/wp\/v2\/product\/22656","targetHints":{"allow":["GET"]}}],"collection":[{"href":"https:\/\/sfashionaccessories.com\/index.php?rest_route=\/wp\/v2\/product"}],"about":[{"href":"https:\/\/sfashionaccessories.com\/index.php?rest_route=\/wp\/v2\/types\/product"}],"replies":[{"embeddable":true,"href":"https:\/\/sfashionaccessories.com\/index.php?rest_route=%2Fwp%2Fv2%2Fcomments&post=22656"}],"wp:featuredmedia":[{"embeddable":true,"href":"https:\/\/sfashionaccessories.com\/index.php?rest_route=\/wp\/v2\/media\/22659"}],"wp:attachment":[{"href":"https:\/\/sfashionaccessories.com\/index.php?rest_route=%2Fwp%2Fv2%2Fmedia&parent=22656"}],"wp:term":[{"taxonomy":"product_brand","embeddable":true,"href":"https:\/\/sfashionaccessories.com\/index.php?rest_route=%2Fwp%2Fv2%2Fproduct_brand&post=22656"},{"taxonomy":"product_cat","embeddable":true,"href":"https:\/\/sfashionaccessories.com\/index.php?rest_route=%2Fwp%2Fv2%2Fproduct_cat&post=22656"},{"taxonomy":"product_tag","embeddable":true,"href":"https:\/\/sfashionaccessories.com\/index.php?rest_route=%2Fwp%2Fv2%2Fproduct_tag&post=22656"}],"curies":[{"name":"wp","href":"https:\/\/api.w.org\/{rel}","templated":true}]}}