{"id":22666,"date":"2025-07-30T20:48:26","date_gmt":"2025-07-30T11:48:26","guid":{"rendered":"https:\/\/sfashionaccessories.com\/?post_type=product&#038;p=22666"},"modified":"2026-02-18T15:27:06","modified_gmt":"2026-02-18T06:27:06","slug":"refil-creme-hidratante-lily-gardenia-o-boticario","status":"publish","type":"product","link":"https:\/\/sfashionaccessories.com\/?product=refil-creme-hidratante-lily-gardenia-o-boticario","title":{"rendered":"Refil Creme Hidratante  Lily Gard\u00eania O Botic\u00e1rio"},"content":{"rendered":"<p>Refil Creme Acetinado Hidratante Desodorante Corporal Lily Gard\u00eania 250 ml , com perfuma\u00e7\u00e3o prolongada e hidrata\u00e7\u00e3o intensa por at\u00e9 48h. F\u00f3rmula com toque acetinado e fragr\u00e2ncia floral.<\/p>\n","protected":false},"excerpt":{"rendered":"<p>Refil Creme Acetinado Hidratante Desodorante Corporal Lily Gard\u00eania 250 ml , com perfuma\u00e7\u00e3o prolongada e hidrata\u00e7\u00e3o intensa por at\u00e9 48h. F\u00f3rmula com toque acetinado e fragr\u00e2ncia floral.<\/p>\n","protected":false},"featured_media":22667,"comment_status":"open","ping_status":"closed","template":"","meta":{"_kadence_starter_templates_imported_post":false},"product_brand":[],"product_cat":[206,296,282],"product_tag":[871,195,284],"class_list":{"0":"post-22666","1":"product","2":"type-product","3":"status-publish","4":"has-post-thumbnail","6":"product_cat-cosmeticos-cremes-hidradantesperfumes","7":"product_cat-hidratantes-cremes","8":"product_cat-o-boticario","9":"product_tag-cosmetico","10":"product_tag-creme-hidratante","11":"product_tag-o-boticario","13":"first","14":"outofstock","15":"shipping-taxable","16":"purchasable","17":"product-type-simple"},"_links":{"self":[{"href":"https:\/\/sfashionaccessories.com\/index.php?rest_route=\/wp\/v2\/product\/22666","targetHints":{"allow":["GET"]}}],"collection":[{"href":"https:\/\/sfashionaccessories.com\/index.php?rest_route=\/wp\/v2\/product"}],"about":[{"href":"https:\/\/sfashionaccessories.com\/index.php?rest_route=\/wp\/v2\/types\/product"}],"replies":[{"embeddable":true,"href":"https:\/\/sfashionaccessories.com\/index.php?rest_route=%2Fwp%2Fv2%2Fcomments&post=22666"}],"wp:featuredmedia":[{"embeddable":true,"href":"https:\/\/sfashionaccessories.com\/index.php?rest_route=\/wp\/v2\/media\/22667"}],"wp:attachment":[{"href":"https:\/\/sfashionaccessories.com\/index.php?rest_route=%2Fwp%2Fv2%2Fmedia&parent=22666"}],"wp:term":[{"taxonomy":"product_brand","embeddable":true,"href":"https:\/\/sfashionaccessories.com\/index.php?rest_route=%2Fwp%2Fv2%2Fproduct_brand&post=22666"},{"taxonomy":"product_cat","embeddable":true,"href":"https:\/\/sfashionaccessories.com\/index.php?rest_route=%2Fwp%2Fv2%2Fproduct_cat&post=22666"},{"taxonomy":"product_tag","embeddable":true,"href":"https:\/\/sfashionaccessories.com\/index.php?rest_route=%2Fwp%2Fv2%2Fproduct_tag&post=22666"}],"curies":[{"name":"wp","href":"https:\/\/api.w.org\/{rel}","templated":true}]}}