{"id":22686,"date":"2025-08-08T15:06:12","date_gmt":"2025-08-08T06:06:12","guid":{"rendered":"https:\/\/sfashionaccessories.com\/?post_type=product&#038;p=22686"},"modified":"2025-08-25T20:48:58","modified_gmt":"2025-08-25T11:48:58","slug":"calca-jeans-sawary-levanta-bumbum-272978","status":"publish","type":"product","link":"https:\/\/sfashionaccessories.com\/?product=calca-jeans-sawary-levanta-bumbum-272978","title":{"rendered":"Cal\u00e7a Jeans Sawary Levanta Bumbum &#8211; 272978"},"content":{"rendered":"<div class=\"MuiPaper-root MuiAccordion-root jss707 Mui-expanded MuiPaper-outlined\">\n<div class=\"MuiCollapse-root MuiCollapse-entered\">\n<div class=\"MuiCollapse-wrapper\">\n<div class=\"MuiCollapse-wrapperInner\">\n<div id=\"product-description-content\" role=\"region\" aria-labelledby=\"product-description-header\">\n<div class=\"MuiAccordionDetails-root jss708\">\n<div class=\"jss709\" data-testid=\"product-desc\">Cal\u00e7a\u3000Sawary\u3000levanta bumbum confeccionada em jeans.<\/div>\n<div class=\"jss709\" data-testid=\"product-desc\">A modelagem tem quatro pences que valorizam as formas.<\/div>\n<div class=\"jss709\" data-testid=\"product-desc\">Cintura m\u00e9dio\u30fcFechamento com bot\u00e3o met\u00e1lico e z\u00edperBolsos frontais falsos e bolsos traseiros funcionais\u3000Barra simples<\/div>\n<\/div>\n<\/div>\n<\/div>\n<\/div>\n<\/div>\n<\/div>\n","protected":false},"excerpt":{"rendered":"<p>Cal\u00e7a\u3000Sawary\u3000levanta bumbum confeccionada em jeans. A modelagem tem quatro pences que valorizam as formas. Cintura m\u00e9dio\u30fcFechamento com bot\u00e3o met\u00e1lico e z\u00edperBolsos frontais falsos e bolsos traseiros funcionais\u3000Barra simples<\/p>\n","protected":false},"featured_media":22696,"comment_status":"open","ping_status":"closed","template":"","meta":{"_kadence_starter_templates_imported_post":false},"product_brand":[],"product_cat":[508,293,254,259],"product_tag":[242,470,256],"class_list":{"0":"post-22686","1":"product","2":"type-product","3":"status-publish","4":"has-post-thumbnail","6":"product_cat-calcas-femininas","7":"product_cat-feminino","8":"product_cat-promocoes-descontos","9":"product_cat-sawary","10":"product_tag-calcas-femininas","11":"product_tag-calcas-jeans","12":"product_tag-sawary","14":"first","15":"instock","16":"sale","17":"shipping-taxable","18":"purchasable","19":"product-type-variable"},"_links":{"self":[{"href":"https:\/\/sfashionaccessories.com\/index.php?rest_route=\/wp\/v2\/product\/22686","targetHints":{"allow":["GET"]}}],"collection":[{"href":"https:\/\/sfashionaccessories.com\/index.php?rest_route=\/wp\/v2\/product"}],"about":[{"href":"https:\/\/sfashionaccessories.com\/index.php?rest_route=\/wp\/v2\/types\/product"}],"replies":[{"embeddable":true,"href":"https:\/\/sfashionaccessories.com\/index.php?rest_route=%2Fwp%2Fv2%2Fcomments&post=22686"}],"wp:featuredmedia":[{"embeddable":true,"href":"https:\/\/sfashionaccessories.com\/index.php?rest_route=\/wp\/v2\/media\/22696"}],"wp:attachment":[{"href":"https:\/\/sfashionaccessories.com\/index.php?rest_route=%2Fwp%2Fv2%2Fmedia&parent=22686"}],"wp:term":[{"taxonomy":"product_brand","embeddable":true,"href":"https:\/\/sfashionaccessories.com\/index.php?rest_route=%2Fwp%2Fv2%2Fproduct_brand&post=22686"},{"taxonomy":"product_cat","embeddable":true,"href":"https:\/\/sfashionaccessories.com\/index.php?rest_route=%2Fwp%2Fv2%2Fproduct_cat&post=22686"},{"taxonomy":"product_tag","embeddable":true,"href":"https:\/\/sfashionaccessories.com\/index.php?rest_route=%2Fwp%2Fv2%2Fproduct_tag&post=22686"}],"curies":[{"name":"wp","href":"https:\/\/api.w.org\/{rel}","templated":true}]}}