{"id":22699,"date":"2025-08-09T14:18:35","date_gmt":"2025-08-09T05:18:35","guid":{"rendered":"https:\/\/sfashionaccessories.com\/?post_type=product&#038;p=22699"},"modified":"2025-08-11T10:23:08","modified_gmt":"2025-08-11T01:23:08","slug":"corsario-up-line-loba-5865-001-lupo","status":"publish","type":"product","link":"https:\/\/sfashionaccessories.com\/?product=corsario-up-line-loba-5865-001-lupo","title":{"rendered":"Cors\u00e1rio Up-Line Loba 5865-001 &#8211; Lupo"},"content":{"rendered":"<p>Cors\u00e1rio Up Line Lupo Loba 05865-001 Fio 20 Microfibra T. P\/GG.<br \/>\nModelagem cors\u00e1rio com comprimento mais curto em microfibra macia, suave e confort\u00e1vel.<br \/>\nC\u00f3s em tecido duplo para ajuste perfeito.<br \/>\nCom marca\u00e7\u00e3o de cal\u00e7a refor\u00e7ada possuindo diferentes n\u00edveis de compress\u00e3o.<br \/>\nCom gusset de algod\u00e3o que dispensa o uso de calcinha.<br \/>\nIn\u00edcio da coxa refor\u00e7ado.<br \/>\nComprime a barriga, levanta o bumbum, modela as coxas e reduz o culote.<br \/>\nComposi\u00e7\u00e3o:<\/p>\n<p>83% Poliamida e 17% Elastano.<\/p>\n","protected":false},"excerpt":{"rendered":"<p>Cors\u00e1rio Up Line Lupo Loba 05865-001 Fio 20 Microfibra T. P\/GG. Modelagem cors\u00e1rio com comprimento mais curto em microfibra macia, suave e confort\u00e1vel. C\u00f3s em tecido duplo para ajuste perfeito. Com marca\u00e7\u00e3o de cal\u00e7a refor\u00e7ada possuindo diferentes n\u00edveis de compress\u00e3o. Com gusset de algod\u00e3o que dispensa o uso de calcinha. In\u00edcio da coxa refor\u00e7ado. Comprime [&hellip;]<\/p>\n","protected":false},"featured_media":22704,"comment_status":"open","ping_status":"closed","template":"","meta":{"_kadence_starter_templates_imported_post":false},"product_brand":[],"product_cat":[293,552,554,729],"product_tag":[395,553,558,730],"class_list":{"0":"post-22699","1":"product","2":"type-product","3":"status-publish","4":"has-post-thumbnail","6":"product_cat-feminino","7":"product_cat-lupo","8":"product_cat-meia-calca","9":"product_cat-meias","10":"product_tag-feminino","11":"product_tag-lupo","12":"product_tag-meia-calca","13":"product_tag-meias","15":"first","16":"instock","17":"shipping-taxable","18":"purchasable","19":"product-type-variable"},"_links":{"self":[{"href":"https:\/\/sfashionaccessories.com\/index.php?rest_route=\/wp\/v2\/product\/22699","targetHints":{"allow":["GET"]}}],"collection":[{"href":"https:\/\/sfashionaccessories.com\/index.php?rest_route=\/wp\/v2\/product"}],"about":[{"href":"https:\/\/sfashionaccessories.com\/index.php?rest_route=\/wp\/v2\/types\/product"}],"replies":[{"embeddable":true,"href":"https:\/\/sfashionaccessories.com\/index.php?rest_route=%2Fwp%2Fv2%2Fcomments&post=22699"}],"wp:featuredmedia":[{"embeddable":true,"href":"https:\/\/sfashionaccessories.com\/index.php?rest_route=\/wp\/v2\/media\/22704"}],"wp:attachment":[{"href":"https:\/\/sfashionaccessories.com\/index.php?rest_route=%2Fwp%2Fv2%2Fmedia&parent=22699"}],"wp:term":[{"taxonomy":"product_brand","embeddable":true,"href":"https:\/\/sfashionaccessories.com\/index.php?rest_route=%2Fwp%2Fv2%2Fproduct_brand&post=22699"},{"taxonomy":"product_cat","embeddable":true,"href":"https:\/\/sfashionaccessories.com\/index.php?rest_route=%2Fwp%2Fv2%2Fproduct_cat&post=22699"},{"taxonomy":"product_tag","embeddable":true,"href":"https:\/\/sfashionaccessories.com\/index.php?rest_route=%2Fwp%2Fv2%2Fproduct_tag&post=22699"}],"curies":[{"name":"wp","href":"https:\/\/api.w.org\/{rel}","templated":true}]}}