{"id":22731,"date":"2025-08-09T15:45:07","date_gmt":"2025-08-09T06:45:07","guid":{"rendered":"https:\/\/sfashionaccessories.com\/?post_type=product&#038;p=22731"},"modified":"2026-04-17T22:51:39","modified_gmt":"2026-04-17T13:51:39","slug":"egeo-dolce-desodorante-body-spray-100ml","status":"publish","type":"product","link":"https:\/\/sfashionaccessories.com\/?product=egeo-dolce-desodorante-body-spray-100ml","title":{"rendered":"EGEO DOLCE DESODORANTE BODY SPRAY 100ml"},"content":{"rendered":"<p>Pr\u00e1tico de usar, o Egeo Desodorante Body Spray Dolce oferece perfuma\u00e7\u00e3o na medida certa ao corpo todo. Com a\u00e7\u00e3o desodorante, elimina os odores da transpira\u00e7\u00e3o enquanto propaga uma deliciosa fragr\u00e2ncia. T\u00e3o irresist\u00edvel quanto um doce, a fragr\u00e2ncia do body spray \u00e9 marcada por marshmallow, sorvete de framboesa, algod\u00e3o-doce e baunilha. Tem frasco compacto que pode ser facilmente levado a qualquer lugar, dentro da mochila ou na bolsa. Para reaplicar quando quiser e usar diariamente, oferece disponibilidade de refil para repor seu conte\u00fado. Cont\u00e9m: 100ml<\/p>\n","protected":false},"excerpt":{"rendered":"<p>Pr\u00e1tico de usar, o Egeo Desodorante Body Spray Dolce oferece perfuma\u00e7\u00e3o na medida certa ao corpo todo. Com a\u00e7\u00e3o desodorante, elimina os odores da transpira\u00e7\u00e3o enquanto propaga uma deliciosa fragr\u00e2ncia. T\u00e3o irresist\u00edvel quanto um doce, a fragr\u00e2ncia do body spray \u00e9 marcada por marshmallow, sorvete de framboesa, algod\u00e3o-doce e baunilha. Tem frasco compacto que pode [&hellip;]<\/p>\n","protected":false},"featured_media":22730,"comment_status":"open","ping_status":"closed","template":"","meta":{"_kadence_starter_templates_imported_post":false},"product_brand":[],"product_cat":[206,276,282],"product_tag":[272,239,284],"class_list":{"0":"post-22731","1":"product","2":"type-product","3":"status-publish","4":"has-post-thumbnail","6":"product_cat-cosmeticos-cremes-hidradantesperfumes","7":"product_cat-desodorante","8":"product_cat-o-boticario","9":"product_tag-cosmeticos","10":"product_tag-desodorante","11":"product_tag-o-boticario","13":"first","14":"outofstock","15":"sale","16":"shipping-taxable","17":"purchasable","18":"product-type-simple"},"_links":{"self":[{"href":"https:\/\/sfashionaccessories.com\/index.php?rest_route=\/wp\/v2\/product\/22731","targetHints":{"allow":["GET"]}}],"collection":[{"href":"https:\/\/sfashionaccessories.com\/index.php?rest_route=\/wp\/v2\/product"}],"about":[{"href":"https:\/\/sfashionaccessories.com\/index.php?rest_route=\/wp\/v2\/types\/product"}],"replies":[{"embeddable":true,"href":"https:\/\/sfashionaccessories.com\/index.php?rest_route=%2Fwp%2Fv2%2Fcomments&post=22731"}],"wp:featuredmedia":[{"embeddable":true,"href":"https:\/\/sfashionaccessories.com\/index.php?rest_route=\/wp\/v2\/media\/22730"}],"wp:attachment":[{"href":"https:\/\/sfashionaccessories.com\/index.php?rest_route=%2Fwp%2Fv2%2Fmedia&parent=22731"}],"wp:term":[{"taxonomy":"product_brand","embeddable":true,"href":"https:\/\/sfashionaccessories.com\/index.php?rest_route=%2Fwp%2Fv2%2Fproduct_brand&post=22731"},{"taxonomy":"product_cat","embeddable":true,"href":"https:\/\/sfashionaccessories.com\/index.php?rest_route=%2Fwp%2Fv2%2Fproduct_cat&post=22731"},{"taxonomy":"product_tag","embeddable":true,"href":"https:\/\/sfashionaccessories.com\/index.php?rest_route=%2Fwp%2Fv2%2Fproduct_tag&post=22731"}],"curies":[{"name":"wp","href":"https:\/\/api.w.org\/{rel}","templated":true}]}}