{"id":22732,"date":"2025-08-09T16:09:39","date_gmt":"2025-08-09T07:09:39","guid":{"rendered":"https:\/\/sfashionaccessories.com\/?post_type=product&#038;p=22732"},"modified":"2025-08-20T10:07:58","modified_gmt":"2025-08-20T01:07:58","slug":"desodorante-body-spray-floratta-blue-100ml","status":"publish","type":"product","link":"https:\/\/sfashionaccessories.com\/?product=desodorante-body-spray-floratta-blue-100ml","title":{"rendered":"Desodorante Body Spray Floratta Blue 100ml"},"content":{"rendered":"<p>Desenvolvido para mulheres, o\u00a0<b>Desodorante Body Spray Floratta Blue<\/b>\u00a0\u00e9 um produto que perfuma e protege a pele contra os odores da transpira\u00e7\u00e3o. Muito vers\u00e1til, pode ser usado no corpo e nas axilas ap\u00f3s o banho ou a qualquer momento do dia.\u00a0\u00a0Os odores da transpira\u00e7\u00e3o s\u00e3o causados por bact\u00e9rias, por isso a import\u00e2ncia do uso do Desodorante Body Spray, que al\u00e9m de proteger, perfuma a pele com a\u00e7\u00e3o desodorante.\u00a0<b>Com notas de Musk, a fragr\u00e2ncia \u00e9 super confort\u00e1vel e leve<\/b>, ideal para o dia a dia. Sua f\u00f3rmula combina perfuma\u00e7\u00e3o especial e duplo ativo desodorante que te mant\u00e9m a pele perfumada e protegida. E voc\u00ea ainda pode combinar com o Desodorante Col\u00f4nia Floratta Blue para intensificar ainda mais a perfuma\u00e7\u00e3o. O Desodorante Body Spray Floratta Blue\u00a0<b>\u00e9 um produto vegano e tem refil. Basta trocar a tampa pela v\u00e1lvula do seu desodorante body spray para poder carregar sempre na mochila ou na bolsa.<\/b>\u00a0Praticidade e perfuma\u00e7\u00e3o a qualquer momento.<\/p>\n","protected":false},"excerpt":{"rendered":"<p>Desenvolvido para mulheres, o\u00a0Desodorante Body Spray Floratta Blue\u00a0\u00e9 um produto que perfuma e protege a pele contra os odores da transpira\u00e7\u00e3o. Muito vers\u00e1til, pode ser usado no corpo e nas axilas ap\u00f3s o banho ou a qualquer momento do dia.\u00a0\u00a0Os odores da transpira\u00e7\u00e3o s\u00e3o causados por bact\u00e9rias, por isso a import\u00e2ncia do uso do Desodorante [&hellip;]<\/p>\n","protected":false},"featured_media":22722,"comment_status":"open","ping_status":"closed","template":"","meta":{"_kadence_starter_templates_imported_post":false},"product_brand":[],"product_cat":[206,276,282,295],"product_tag":[272,239,284],"class_list":{"0":"post-22732","1":"product","2":"type-product","3":"status-publish","4":"has-post-thumbnail","6":"product_cat-cosmeticos-cremes-hidradantesperfumes","7":"product_cat-desodorante","8":"product_cat-o-boticario","9":"product_cat-o-boticario-2","10":"product_tag-cosmeticos","11":"product_tag-desodorante","12":"product_tag-o-boticario","14":"first","15":"instock","16":"sale","17":"shipping-taxable","18":"purchasable","19":"product-type-simple"},"_links":{"self":[{"href":"https:\/\/sfashionaccessories.com\/index.php?rest_route=\/wp\/v2\/product\/22732","targetHints":{"allow":["GET"]}}],"collection":[{"href":"https:\/\/sfashionaccessories.com\/index.php?rest_route=\/wp\/v2\/product"}],"about":[{"href":"https:\/\/sfashionaccessories.com\/index.php?rest_route=\/wp\/v2\/types\/product"}],"replies":[{"embeddable":true,"href":"https:\/\/sfashionaccessories.com\/index.php?rest_route=%2Fwp%2Fv2%2Fcomments&post=22732"}],"wp:featuredmedia":[{"embeddable":true,"href":"https:\/\/sfashionaccessories.com\/index.php?rest_route=\/wp\/v2\/media\/22722"}],"wp:attachment":[{"href":"https:\/\/sfashionaccessories.com\/index.php?rest_route=%2Fwp%2Fv2%2Fmedia&parent=22732"}],"wp:term":[{"taxonomy":"product_brand","embeddable":true,"href":"https:\/\/sfashionaccessories.com\/index.php?rest_route=%2Fwp%2Fv2%2Fproduct_brand&post=22732"},{"taxonomy":"product_cat","embeddable":true,"href":"https:\/\/sfashionaccessories.com\/index.php?rest_route=%2Fwp%2Fv2%2Fproduct_cat&post=22732"},{"taxonomy":"product_tag","embeddable":true,"href":"https:\/\/sfashionaccessories.com\/index.php?rest_route=%2Fwp%2Fv2%2Fproduct_tag&post=22732"}],"curies":[{"name":"wp","href":"https:\/\/api.w.org\/{rel}","templated":true}]}}