{"id":22777,"date":"2025-08-12T16:13:08","date_gmt":"2025-08-12T07:13:08","guid":{"rendered":"https:\/\/sfashionaccessories.com\/?post_type=product&#038;p=22777"},"modified":"2026-04-05T13:06:53","modified_gmt":"2026-04-05T04:06:53","slug":"cueca-boxer-longa-mash-masculina-active-microfibra-140-03","status":"publish","type":"product","link":"https:\/\/sfashionaccessories.com\/?product=cueca-boxer-longa-mash-masculina-active-microfibra-140-03","title":{"rendered":"Cueca Boxer Longa Mash Masculina Active Microfibra 140.03"},"content":{"rendered":"<div class=\"sc-iGgWBj hZQAA-D sc-cWKVQc iuZGpz\" data-testid=\"product-detail\">\n<div class=\"sc-iGgWBj jEOEJZ sc-bXzxEt jzYrTd\" data-testid=\"product-detail-description\">\n<div class=\"sc-iGgWBj eWtIHQ sc-jHrxRT eLbVWZ\" data-testid=\"rich-content-container\">Um dos modelos mais vendidos da mash est\u00e1 renovado e ficou ainda melhor. a cueca boxer microfibra \u00e9 perfeita para a pr\u00e1tica esportiva e para quem n\u00e3o abre m\u00e3o do conforto do dia a dia. possui tecido texturizado que facilita a transpira\u00e7\u00e3o da pele com facilidade e comprimento extra para reduzir o atrito entre as pernas, dando ainda mais conforto. sua composi\u00e7\u00e3o \u00e9 de 95% poliamida e 5% de elastano.<\/div>\n<\/div>\n<\/div>\n<div class=\"sc-iGgWBj eWtIHQ\" data-testid=\"lazyload-container\"><\/div>\n","protected":false},"excerpt":{"rendered":"<p>Um dos modelos mais vendidos da mash est\u00e1 renovado e ficou ainda melhor. a cueca boxer microfibra \u00e9 perfeita para a pr\u00e1tica esportiva e para quem n\u00e3o abre m\u00e3o do conforto do dia a dia. possui tecido texturizado que facilita a transpira\u00e7\u00e3o da pele com facilidade e comprimento extra para reduzir o atrito entre as [&hellip;]<\/p>\n","protected":false},"featured_media":22781,"comment_status":"open","ping_status":"closed","template":"","meta":{"_kadence_starter_templates_imported_post":false},"product_brand":[],"product_cat":[571,294,731],"product_tag":[573,572,732],"class_list":{"0":"post-22777","1":"product","2":"type-product","3":"status-publish","4":"has-post-thumbnail","6":"product_cat-cuecas","7":"product_cat-masculino","8":"product_cat-mash","9":"product_tag-cuecas","10":"product_tag-masculino","11":"product_tag-mash","13":"first","14":"instock","15":"shipping-taxable","16":"purchasable","17":"product-type-variable"},"_links":{"self":[{"href":"https:\/\/sfashionaccessories.com\/index.php?rest_route=\/wp\/v2\/product\/22777","targetHints":{"allow":["GET"]}}],"collection":[{"href":"https:\/\/sfashionaccessories.com\/index.php?rest_route=\/wp\/v2\/product"}],"about":[{"href":"https:\/\/sfashionaccessories.com\/index.php?rest_route=\/wp\/v2\/types\/product"}],"replies":[{"embeddable":true,"href":"https:\/\/sfashionaccessories.com\/index.php?rest_route=%2Fwp%2Fv2%2Fcomments&post=22777"}],"wp:featuredmedia":[{"embeddable":true,"href":"https:\/\/sfashionaccessories.com\/index.php?rest_route=\/wp\/v2\/media\/22781"}],"wp:attachment":[{"href":"https:\/\/sfashionaccessories.com\/index.php?rest_route=%2Fwp%2Fv2%2Fmedia&parent=22777"}],"wp:term":[{"taxonomy":"product_brand","embeddable":true,"href":"https:\/\/sfashionaccessories.com\/index.php?rest_route=%2Fwp%2Fv2%2Fproduct_brand&post=22777"},{"taxonomy":"product_cat","embeddable":true,"href":"https:\/\/sfashionaccessories.com\/index.php?rest_route=%2Fwp%2Fv2%2Fproduct_cat&post=22777"},{"taxonomy":"product_tag","embeddable":true,"href":"https:\/\/sfashionaccessories.com\/index.php?rest_route=%2Fwp%2Fv2%2Fproduct_tag&post=22777"}],"curies":[{"name":"wp","href":"https:\/\/api.w.org\/{rel}","templated":true}]}}