{"id":22807,"date":"2025-08-12T18:21:19","date_gmt":"2025-08-12T09:21:19","guid":{"rendered":"https:\/\/sfashionaccessories.com\/?post_type=product&#038;p=22807"},"modified":"2026-02-27T18:09:59","modified_gmt":"2026-02-27T09:09:59","slug":"inoar-argan-oil-oleo-capilar-7ml","status":"publish","type":"product","link":"https:\/\/sfashionaccessories.com\/?product=inoar-argan-oil-oleo-capilar-7ml","title":{"rendered":"Inoar Argan Oil &#8211; \u00d3leo Capilar 7ml"},"content":{"rendered":"<p>\u00d3leo capilar para cabelos danificados. Inoar Argan Oil sela as cut\u00edculas e adiciona maciez e brilho aos fios enquanto disciplina e corrige as pontas duplas.<br \/>\nO \u00d3leo Capilar Inoar Argan Oil repara os fios, acelera a escova e protege o cabelo do calor, al\u00e9m de preservar a cor e diminuir a agress\u00e3o dos tratamentos qu\u00edmicos. \u00e9 um poderoso hidratante e excepcional finalizador de penteados!<br \/>\nComo Usar<br \/>\nConselho de Aplica\u00e7\u00e3o<br \/>\nAplique uma pequena quantidade do \u00f3leo nas palmas das m\u00e3os e a distribua sobre os fios, antes e depois de sec\u00e1-los com secador ou prancha, para proteger, dar brilho, eliminar o frizz e suavizar os cabelos. N\u00e3o \u00e9 necess\u00e1rio enxaguar os fios.<br \/>\nNossos Experts Ensinam<br \/>\nO o \u00f3leo tamb\u00e9m poder ser usado durante o preparo da colora\u00e7\u00e3o, descolora\u00e7\u00e3o ou alisamento, adicionando 1 colher de ch\u00e1 de Argan Oil ao tratamento qu\u00edmico. O seu cabelo ficar\u00e1 hidratado e protegido contra o ressecamento, com cores mais vivas e fios mais sedosos. Imagens meramente ilustrativas.<br \/>\nA\u00e7\u00e3o \/ Resultado<br \/>\n\u00c1cido Lin\u00f3ico, \u00c1cido Oleico \u00d4mega 9, \u00c1cido Linol\u00edco \u00d4mega-6, Vitamina E e Polifen\u00f3is: impede a a\u00e7\u00e3o antioxidante de radicais livres e sela as cut\u00edculas, proporcionando aquele brilho maravilhoso e saud\u00e1vel!<br \/>\nCabelo saud\u00e1vel e macio.<\/p>\n","protected":false},"excerpt":{"rendered":"<p>\u00d3leo capilar para cabelos danificados. Inoar Argan Oil sela as cut\u00edculas e adiciona maciez e brilho aos fios enquanto disciplina e corrige as pontas duplas. O \u00d3leo Capilar Inoar Argan Oil repara os fios, acelera a escova e protege o cabelo do calor, al\u00e9m de preservar a cor e diminuir a agress\u00e3o dos tratamentos qu\u00edmicos. [&hellip;]<\/p>\n","protected":false},"featured_media":22808,"comment_status":"open","ping_status":"closed","template":"","meta":{"_kadence_starter_templates_imported_post":false},"product_brand":[],"product_cat":[204,206,322,1022],"product_tag":[476,272,1023,876,299],"class_list":{"0":"post-22807","1":"product","2":"type-product","3":"status-publish","4":"has-post-thumbnail","6":"product_cat-matizador-sampoo-condicionador-hidratante","7":"product_cat-cosmeticos-cremes-hidradantesperfumes","8":"product_cat-cremes-hidratantes-oleos","9":"product_cat-inoar","10":"product_tag-cabelos","11":"product_tag-cosmeticos","12":"product_tag-inoar","13":"product_tag-oleo-capilar","14":"product_tag-tratamento","16":"first","17":"instock","18":"shipping-taxable","19":"purchasable","20":"product-type-simple"},"_links":{"self":[{"href":"https:\/\/sfashionaccessories.com\/index.php?rest_route=\/wp\/v2\/product\/22807","targetHints":{"allow":["GET"]}}],"collection":[{"href":"https:\/\/sfashionaccessories.com\/index.php?rest_route=\/wp\/v2\/product"}],"about":[{"href":"https:\/\/sfashionaccessories.com\/index.php?rest_route=\/wp\/v2\/types\/product"}],"replies":[{"embeddable":true,"href":"https:\/\/sfashionaccessories.com\/index.php?rest_route=%2Fwp%2Fv2%2Fcomments&post=22807"}],"wp:featuredmedia":[{"embeddable":true,"href":"https:\/\/sfashionaccessories.com\/index.php?rest_route=\/wp\/v2\/media\/22808"}],"wp:attachment":[{"href":"https:\/\/sfashionaccessories.com\/index.php?rest_route=%2Fwp%2Fv2%2Fmedia&parent=22807"}],"wp:term":[{"taxonomy":"product_brand","embeddable":true,"href":"https:\/\/sfashionaccessories.com\/index.php?rest_route=%2Fwp%2Fv2%2Fproduct_brand&post=22807"},{"taxonomy":"product_cat","embeddable":true,"href":"https:\/\/sfashionaccessories.com\/index.php?rest_route=%2Fwp%2Fv2%2Fproduct_cat&post=22807"},{"taxonomy":"product_tag","embeddable":true,"href":"https:\/\/sfashionaccessories.com\/index.php?rest_route=%2Fwp%2Fv2%2Fproduct_tag&post=22807"}],"curies":[{"name":"wp","href":"https:\/\/api.w.org\/{rel}","templated":true}]}}