{"id":22823,"date":"2025-08-13T18:30:22","date_gmt":"2025-08-13T09:30:22","guid":{"rendered":"https:\/\/sfashionaccessories.com\/?post_type=product&#038;p=22823"},"modified":"2026-03-28T16:49:29","modified_gmt":"2026-03-28T07:49:29","slug":"pulseira-banhada-a-ouro-18k-com-cristais-tam-19","status":"publish","type":"product","link":"https:\/\/sfashionaccessories.com\/?product=pulseira-banhada-a-ouro-18k-com-cristais-tam-19","title":{"rendered":"Rommanel PULSEIRA BANHADA A OURO 18K COM CRISTAIS  AZUL &#8211; TAM.19"},"content":{"rendered":"<div class=\"productDescription\">Pulseira formada por fio elo portugu\u00eas, composta por 5 cristais ovais de 4&#215;6 mm. (a quantidade de cristais podem variar). med 19 cm (com ajust\u00e1vel vari\u00e1vel entre 18 cm e 17 cm)<\/div>\n<div id=\"caracteristicas\">\n<table class=\"group Folheados\" cellspacing=\"0\">\n<tbody>\n<tr class=\"even\">\n<th class=\"name-field Material\">Material<\/th>\n<td class=\"value-field Material\">Banhado a Ouro 18k<\/td>\n<\/tr>\n<tr>\n<th class=\"name-field Genero\">G\u00eanero<\/th>\n<td class=\"value-field Genero\">Feminino<\/td>\n<\/tr>\n<tr class=\"even\">\n<th class=\"name-field Faixa-Etaria\">Faixa Et\u00e1ria<\/th>\n<td class=\"value-field Faixa-Etaria\">Adulto<\/td>\n<\/tr>\n<tr>\n<th class=\"name-field Composicao\">Composi\u00e7\u00e3o<\/th>\n<td class=\"value-field Composicao\">Cristal<\/td>\n<\/tr>\n<tr class=\"even\">\n<th class=\"name-field Tema\">Tema<\/th>\n<td class=\"value-field Tema\">Cl\u00e1ssicos com Pedra<\/td>\n<\/tr>\n<tr>\n<th class=\"name-field Colecao\">Cole\u00e7\u00e3o<\/th>\n<td class=\"value-field Colecao\">Cole\u00e7\u00e3o 2020 &#8211; 1\u00ba Ciclo<\/td>\n<\/tr>\n<tr class=\"even\">\n<th class=\"name-field Conceito\">Conceito<\/th>\n<td class=\"value-field Conceito\">TEM COMO INSPIRA\u00c7\u00c3O A COR AZUL E OS ELEMENTOS DA \u00c1GUA, C\u00c9U E INFINITO, TRAZ PE\u00c7AS COM ELEMENTOS MAR\u00cdTIMOS COMO CONCHAS E P\u00c9ROLAS, AL\u00c9M DOS CRISTAIS NA COR AZUL QUE TRAZ SERENIDADE E HARMONIA<\/td>\n<\/tr>\n<tr>\n<th class=\"name-field Estilo\">Estilo<\/th>\n<td class=\"value-field Estilo\">Corrente Fina<\/td>\n<\/tr>\n<tr class=\"even\">\n<th class=\"name-field Cor\">Cor<\/th>\n<td class=\"value-field Cor\">Azul<\/td>\n<\/tr>\n<tr>\n<th class=\"name-field Formato\">Formato<\/th>\n<td class=\"value-field Formato\">Geom\u00e9trico<\/td>\n<\/tr>\n<\/tbody>\n<\/table>\n<\/div>\n","protected":false},"excerpt":{"rendered":"<p>Pulseira formada por fio elo portugu\u00eas, composta por 5 cristais ovais de 4&#215;6 mm. (a quantidade de cristais podem variar). med 19 cm (com ajust\u00e1vel vari\u00e1vel entre 18 cm e 17 cm) Material Banhado a Ouro 18k G\u00eanero Feminino Faixa Et\u00e1ria Adulto Composi\u00e7\u00e3o Cristal Tema Cl\u00e1ssicos com Pedra Cole\u00e7\u00e3o Cole\u00e7\u00e3o 2020 &#8211; 1\u00ba Ciclo Conceito [&hellip;]<\/p>\n","protected":false},"featured_media":22826,"comment_status":"open","ping_status":"closed","template":"","meta":{"_kadence_starter_templates_imported_post":false},"product_brand":[],"product_cat":[200,372,723,209],"product_tag":[182,235,724,232],"class_list":{"0":"post-22823","1":"product","2":"type-product","3":"status-publish","4":"has-post-thumbnail","6":"product_cat-acessorios-bijuterias-semi-joias","7":"product_cat-pulseiras","8":"product_cat-rommanel","9":"product_cat-semi-joias","10":"product_tag-acessorios","11":"product_tag-pulseira","12":"product_tag-rommanel","13":"product_tag-semi-joias","15":"first","16":"instock","17":"shipping-taxable","18":"purchasable","19":"product-type-simple"},"_links":{"self":[{"href":"https:\/\/sfashionaccessories.com\/index.php?rest_route=\/wp\/v2\/product\/22823","targetHints":{"allow":["GET"]}}],"collection":[{"href":"https:\/\/sfashionaccessories.com\/index.php?rest_route=\/wp\/v2\/product"}],"about":[{"href":"https:\/\/sfashionaccessories.com\/index.php?rest_route=\/wp\/v2\/types\/product"}],"replies":[{"embeddable":true,"href":"https:\/\/sfashionaccessories.com\/index.php?rest_route=%2Fwp%2Fv2%2Fcomments&post=22823"}],"wp:featuredmedia":[{"embeddable":true,"href":"https:\/\/sfashionaccessories.com\/index.php?rest_route=\/wp\/v2\/media\/22826"}],"wp:attachment":[{"href":"https:\/\/sfashionaccessories.com\/index.php?rest_route=%2Fwp%2Fv2%2Fmedia&parent=22823"}],"wp:term":[{"taxonomy":"product_brand","embeddable":true,"href":"https:\/\/sfashionaccessories.com\/index.php?rest_route=%2Fwp%2Fv2%2Fproduct_brand&post=22823"},{"taxonomy":"product_cat","embeddable":true,"href":"https:\/\/sfashionaccessories.com\/index.php?rest_route=%2Fwp%2Fv2%2Fproduct_cat&post=22823"},{"taxonomy":"product_tag","embeddable":true,"href":"https:\/\/sfashionaccessories.com\/index.php?rest_route=%2Fwp%2Fv2%2Fproduct_tag&post=22823"}],"curies":[{"name":"wp","href":"https:\/\/api.w.org\/{rel}","templated":true}]}}