{"id":22851,"date":"2026-03-17T14:21:01","date_gmt":"2026-03-17T05:21:01","guid":{"rendered":"https:\/\/sfashionaccessories.com\/?post_type=product&#038;p=22851"},"modified":"2026-04-11T16:16:55","modified_gmt":"2026-04-11T07:16:55","slug":"ekos-frescor-maracuja-150-ml","status":"publish","type":"product","link":"https:\/\/sfashionaccessories.com\/?product=ekos-frescor-maracuja-150-ml","title":{"rendered":"Ekos Frescor Maracuj\u00e1 150 ml"},"content":{"rendered":"<div class=\"relative flex\">\n<div class=\"flex gap-2 items-center\">\n<div class=\"relative flex\">\n<div class=\"flex gap-2 items-center\"><span class=\"text-sm font-bold\">Uma fragr\u00e2ncia fresca e confort\u00e1vel, refresc\u00e2ncia para os seus dias<\/span><\/div>\n<\/div>\n<div class=\"relative flex\">\n<div class=\"flex gap-2 items-center\"><span class=\"text-sm\">Natura Ekos Maracuj\u00e1 oferece uma fragr\u00e2ncia encantadora, confort\u00e1vel e refrescante para os seus dias. de uma Amaz\u00f4nia fresca e inesperada, criamos nossos Ekos Frescores. frutal leve, traz o azedinho doce do maracuj\u00e1 com o conforto do musk. enriquecido com extrato arom\u00e1tico 100% natural das sementes do maracuj\u00e1.<\/span><\/div>\n<div>\n<div class=\"relative flex\">\n<div><\/div>\n<div class=\"flex gap-2 items-center\"><span class=\"text-sm\">concentra\u00e7\u00e3o<\/span>:\u00a0<span class=\"text-sm font-medium\">deo col\u00f4nia<\/span><\/div>\n<\/div>\n<div class=\"relative flex\">\n<div class=\"flex gap-2 items-center\">\n<div class=\"bg-gray-100 rounded-full p-1\" aria-hidden=\"true\">\n<div class=\"text-center flex items-center justify-center\"><\/div>\n<\/div>\n<p><span class=\"text-sm\">fam\u00edlia olfativa<\/span>:\u00a0<span class=\"text-sm font-medium\">frutal<\/span><\/p>\n<\/div>\n<\/div>\n<div class=\"relative flex\">\n<div class=\"flex gap-2 items-center\">\n<div class=\"bg-gray-100 rounded-full p-1\" aria-hidden=\"true\">\n<div class=\"text-center flex items-center justify-center\"><\/div>\n<\/div>\n<p><span class=\"text-sm\">notas de topo<\/span>:\u00a0<span class=\"text-sm font-medium\">anis, ma\u00e7\u00e3, bergamota, alecrim, mandarina e maracuj\u00e1.<\/span><\/p>\n<\/div>\n<\/div>\n<div class=\"relative flex\">\n<div class=\"flex gap-2 items-center\">\n<div class=\"bg-gray-100 rounded-full p-1\" aria-hidden=\"true\">\n<div class=\"text-center flex items-center justify-center\"><\/div>\n<\/div>\n<p><span class=\"text-sm\">notas de corpo<\/span>:\u00a0<span class=\"text-sm font-medium\">muguet, rosa, jasmim e violeta.<\/span><\/p>\n<\/div>\n<\/div>\n<div class=\"relative flex\">\n<div class=\"flex gap-2 items-center\">\n<div class=\"bg-gray-100 rounded-full p-1\" aria-hidden=\"true\">\n<div class=\"text-center flex items-center justify-center\"><\/div>\n<\/div>\n<p><span class=\"text-sm\">notas de fundo<\/span>:\u00a0<span class=\"text-sm font-medium\">cedro, musk, musgo de carvalho e s\u00e2ndalo.<\/span><\/p>\n<\/div>\n<\/div>\n<div class=\"relative flex\">\n<div class=\"flex gap-2 items-center\">\n<div class=\"bg-gray-100 rounded-full p-1\" aria-hidden=\"true\">\n<div class=\"text-center flex items-center justify-center\"><\/div>\n<\/div>\n<p><span class=\"text-sm\">possui refil<\/span><\/p>\n<\/div>\n<\/div>\n<div class=\"relative flex\">\n<div class=\"flex gap-2 items-center\">\n<div class=\"bg-gray-100 rounded-full p-1\" aria-hidden=\"true\">\n<div class=\"text-center flex items-center justify-center\"><\/div>\n<\/div>\n<p><span class=\"text-sm\">cruelty free<\/span><\/p>\n<\/div>\n<\/div>\n<div class=\"relative flex\">\n<div class=\"flex gap-2 items-center\">\n<div class=\"bg-gray-100 rounded-full p-1\" aria-hidden=\"true\">\n<div class=\"text-center flex items-center justify-center\"><\/div>\n<\/div>\n<p><span class=\"text-sm\">vegano<\/span><\/p>\n<\/div>\n<\/div>\n<div class=\"relative flex\">\n<div class=\"flex gap-2 items-center\">\n<div class=\"bg-gray-100 rounded-full p-1\" aria-hidden=\"true\">\n<div class=\"text-center flex items-center justify-center\"><\/div>\n<\/div>\n<p><span class=\"text-sm\">ocasi\u00e3o<\/span>:\u00a0<span class=\"text-sm font-medium\">dia a dia, p\u00f3s banho<\/span><\/p>\n<\/div>\n<\/div>\n<div class=\"relative flex\">\n<div class=\"flex gap-2 items-center\">\n<div class=\"bg-gray-100 rounded-full p-1\" aria-hidden=\"true\">\n<div class=\"text-center flex items-center justify-center\"><\/div>\n<\/div>\n<p><span class=\"text-sm\">subfam\u00edlia<\/span>:\u00a0<span class=\"text-sm font-medium\">floral<\/span><\/p>\n<\/div>\n<\/div>\n<\/div>\n<\/div>\n<\/div>\n<\/div>\n","protected":false},"excerpt":{"rendered":"<p>Uma fragr\u00e2ncia fresca e confort\u00e1vel, refresc\u00e2ncia para os seus dias Natura Ekos Maracuj\u00e1 oferece uma fragr\u00e2ncia encantadora, confort\u00e1vel e refrescante para os seus dias. de uma Amaz\u00f4nia fresca e inesperada, criamos nossos Ekos Frescores. frutal leve, traz o azedinho doce do maracuj\u00e1 com o conforto do musk. enriquecido com extrato arom\u00e1tico 100% natural das sementes [&hellip;]<\/p>\n","protected":false},"featured_media":22895,"comment_status":"open","ping_status":"closed","template":"","meta":{"_kadence_starter_templates_imported_post":false},"product_brand":[],"product_cat":[465,206,203,231],"product_tag":[272,234,233],"class_list":{"0":"post-22851","1":"product","2":"type-product","3":"status-publish","4":"has-post-thumbnail","6":"product_cat-anuncios","7":"product_cat-cosmeticos-cremes-hidradantesperfumes","8":"product_cat-natura-creme-oleo-sabonete-perfume","9":"product_cat-perfumes-natura","10":"product_tag-cosmeticos","11":"product_tag-natura","12":"product_tag-perfume","14":"first","15":"instock","16":"shipping-taxable","17":"purchasable","18":"product-type-simple"},"_links":{"self":[{"href":"https:\/\/sfashionaccessories.com\/index.php?rest_route=\/wp\/v2\/product\/22851","targetHints":{"allow":["GET"]}}],"collection":[{"href":"https:\/\/sfashionaccessories.com\/index.php?rest_route=\/wp\/v2\/product"}],"about":[{"href":"https:\/\/sfashionaccessories.com\/index.php?rest_route=\/wp\/v2\/types\/product"}],"replies":[{"embeddable":true,"href":"https:\/\/sfashionaccessories.com\/index.php?rest_route=%2Fwp%2Fv2%2Fcomments&post=22851"}],"wp:featuredmedia":[{"embeddable":true,"href":"https:\/\/sfashionaccessories.com\/index.php?rest_route=\/wp\/v2\/media\/22895"}],"wp:attachment":[{"href":"https:\/\/sfashionaccessories.com\/index.php?rest_route=%2Fwp%2Fv2%2Fmedia&parent=22851"}],"wp:term":[{"taxonomy":"product_brand","embeddable":true,"href":"https:\/\/sfashionaccessories.com\/index.php?rest_route=%2Fwp%2Fv2%2Fproduct_brand&post=22851"},{"taxonomy":"product_cat","embeddable":true,"href":"https:\/\/sfashionaccessories.com\/index.php?rest_route=%2Fwp%2Fv2%2Fproduct_cat&post=22851"},{"taxonomy":"product_tag","embeddable":true,"href":"https:\/\/sfashionaccessories.com\/index.php?rest_route=%2Fwp%2Fv2%2Fproduct_tag&post=22851"}],"curies":[{"name":"wp","href":"https:\/\/api.w.org\/{rel}","templated":true}]}}