{"id":22864,"date":"2026-01-16T15:19:04","date_gmt":"2026-01-16T06:19:04","guid":{"rendered":"https:\/\/sfashionaccessories.com\/?post_type=product&#038;p=22864"},"modified":"2026-01-30T12:18:33","modified_gmt":"2026-01-30T03:18:33","slug":"calca-jeans-sawary-wide-leg-280254","status":"publish","type":"product","link":"https:\/\/sfashionaccessories.com\/?product=calca-jeans-sawary-wide-leg-280254","title":{"rendered":"Cal\u00e7a Jeans Sawary Wide Leg &#8211; 280254"},"content":{"rendered":"<p>Cal\u00e7a feminina confeccionada em jeans.O modelo possui cintura super alta, gancho no lugar e caimento amplo da coxa at\u00e9 a barra. Cintura alta Fechamento atrav\u00e9s de um bot\u00e3o e z\u00edper Bolsos frontais e posteriores funcionais Barra simples Tecido: Jeans Tipo de Lavagem: Azul Cor: Azul m\u00e9dio<\/p>\n","protected":false},"excerpt":{"rendered":"<p>Cal\u00e7a feminina confeccionada em jeans.O modelo possui cintura super alta, gancho no lugar e caimento amplo da coxa at\u00e9 a barra. Cintura alta Fechamento atrav\u00e9s de um bot\u00e3o e z\u00edper Bolsos frontais e posteriores funcionais Barra simples Tecido: Jeans Tipo de Lavagem: Azul Cor: Azul m\u00e9dio<\/p>\n","protected":false},"featured_media":22863,"comment_status":"open","ping_status":"closed","template":"","meta":{"_kadence_starter_templates_imported_post":false},"product_brand":[],"product_cat":[508,527,499,259],"product_tag":[242,134,256],"class_list":{"0":"post-22864","1":"product","2":"type-product","3":"status-publish","4":"has-post-thumbnail","6":"product_cat-calcas-femininas","7":"product_cat-jeans","8":"product_cat-medidas-calcas-e-shorts-feminino-sawary","9":"product_cat-sawary","10":"product_tag-calcas-femininas","11":"product_tag-jeans","12":"product_tag-sawary","14":"first","15":"instock","16":"sale","17":"shipping-taxable","18":"purchasable","19":"product-type-variable"},"_links":{"self":[{"href":"https:\/\/sfashionaccessories.com\/index.php?rest_route=\/wp\/v2\/product\/22864","targetHints":{"allow":["GET"]}}],"collection":[{"href":"https:\/\/sfashionaccessories.com\/index.php?rest_route=\/wp\/v2\/product"}],"about":[{"href":"https:\/\/sfashionaccessories.com\/index.php?rest_route=\/wp\/v2\/types\/product"}],"replies":[{"embeddable":true,"href":"https:\/\/sfashionaccessories.com\/index.php?rest_route=%2Fwp%2Fv2%2Fcomments&post=22864"}],"wp:featuredmedia":[{"embeddable":true,"href":"https:\/\/sfashionaccessories.com\/index.php?rest_route=\/wp\/v2\/media\/22863"}],"wp:attachment":[{"href":"https:\/\/sfashionaccessories.com\/index.php?rest_route=%2Fwp%2Fv2%2Fmedia&parent=22864"}],"wp:term":[{"taxonomy":"product_brand","embeddable":true,"href":"https:\/\/sfashionaccessories.com\/index.php?rest_route=%2Fwp%2Fv2%2Fproduct_brand&post=22864"},{"taxonomy":"product_cat","embeddable":true,"href":"https:\/\/sfashionaccessories.com\/index.php?rest_route=%2Fwp%2Fv2%2Fproduct_cat&post=22864"},{"taxonomy":"product_tag","embeddable":true,"href":"https:\/\/sfashionaccessories.com\/index.php?rest_route=%2Fwp%2Fv2%2Fproduct_tag&post=22864"}],"curies":[{"name":"wp","href":"https:\/\/api.w.org\/{rel}","templated":true}]}}