{"id":22941,"date":"2025-08-19T17:01:17","date_gmt":"2025-08-19T08:01:17","guid":{"rendered":"https:\/\/sfashionaccessories.com\/?post_type=product&#038;p=22941"},"modified":"2026-02-18T15:27:06","modified_gmt":"2026-02-18T06:27:06","slug":"body-em-tule-bordado-c-trancado-em-cetim","status":"publish","type":"product","link":"https:\/\/sfashionaccessories.com\/?product=body-em-tule-bordado-c-trancado-em-cetim","title":{"rendered":"Body Em Tule Bordado C\/ Tran\u00e7ado Em Cetim"},"content":{"rendered":"<p><span class=\"sc-dcJsrY jZKEso\" data-testid=\"product-detail-title\">Body Em Tule Bordado C\/ Tran\u00e7ado Em Cetim &#8211; Doce Paix\u00e3o<\/span><\/p>\n<div class=\"sc-iGgWBj jEOEJZ sc-ddrdZi byFCyB\" data-testid=\"product-detail-description\">\n<div class=\"sc-iGgWBj eWtIHQ sc-kcgnCw gPNwvu\" data-testid=\"rich-content-container\">BODY ANASTACIA EM TULE BORDADO COM TRAN\u00c7ADO EM CETIM NAS LATERAIS*<\/div>\n<div class=\"sc-iGgWBj eWtIHQ sc-kcgnCw gPNwvu\" data-testid=\"rich-content-container\">Body com abertura em baixo e regulagem<\/div>\n<div class=\"sc-iGgWBj eWtIHQ sc-kcgnCw gPNwvu\" data-testid=\"rich-content-container\">Composi\u00e7\u00e3o = 85% poliamida; 15% elastano; forro 100% algod\u00e3o. Bojo 60% poliuretano; 40% poli\u00e9ster.<\/div>\n<div class=\"sc-iGgWBj eWtIHQ sc-kcgnCw gPNwvu\" data-testid=\"rich-content-container\">DICAS DE COMO CUIDAR DA SUA LINGERIE: &#8211; N\u00e3o lave sua lingerie na m\u00e1quina, pois a press\u00e3o que \u00e9 feita para lavar as roupas \u00e9 muito forte e isso pode danificar o tecido que \u00e9 muito sens\u00edvel. &#8211; Lave \u00e0 m\u00e3o com sab\u00e3o neutro, atualmente existem no mercado produtos espec\u00edficos para lavar roupas \u00edntimas. &#8211; Evite deixar sua lingerie de molho.<\/div>\n<\/div>\n","protected":false},"excerpt":{"rendered":"<p>Body Em Tule Bordado C\/ Tran\u00e7ado Em Cetim &#8211; Doce Paix\u00e3o BODY ANASTACIA EM TULE BORDADO COM TRAN\u00c7ADO EM CETIM NAS LATERAIS* Body com abertura em baixo e regulagem Composi\u00e7\u00e3o = 85% poliamida; 15% elastano; forro 100% algod\u00e3o. Bojo 60% poliuretano; 40% poli\u00e9ster. DICAS DE COMO CUIDAR DA SUA LINGERIE: &#8211; N\u00e3o lave sua lingerie [&hellip;]<\/p>\n","protected":false},"featured_media":22946,"comment_status":"open","ping_status":"closed","template":"","meta":{"_kadence_starter_templates_imported_post":false},"product_brand":[],"product_cat":[15,323,580,293,29],"product_tag":[291,380,395,458],"class_list":{"0":"post-22941","1":"product","2":"type-product","3":"status-publish","4":"has-post-thumbnail","6":"product_cat-padrao","7":"product_cat-bodies-bodysuits","8":"product_cat-destaques","9":"product_cat-feminino","10":"product_cat-lingeries","11":"product_tag-body","12":"product_tag-calcinhas","13":"product_tag-feminino","14":"product_tag-lingeries","16":"first","17":"instock","18":"sale","19":"shipping-taxable","20":"purchasable","21":"product-type-variable"},"_links":{"self":[{"href":"https:\/\/sfashionaccessories.com\/index.php?rest_route=\/wp\/v2\/product\/22941","targetHints":{"allow":["GET"]}}],"collection":[{"href":"https:\/\/sfashionaccessories.com\/index.php?rest_route=\/wp\/v2\/product"}],"about":[{"href":"https:\/\/sfashionaccessories.com\/index.php?rest_route=\/wp\/v2\/types\/product"}],"replies":[{"embeddable":true,"href":"https:\/\/sfashionaccessories.com\/index.php?rest_route=%2Fwp%2Fv2%2Fcomments&post=22941"}],"wp:featuredmedia":[{"embeddable":true,"href":"https:\/\/sfashionaccessories.com\/index.php?rest_route=\/wp\/v2\/media\/22946"}],"wp:attachment":[{"href":"https:\/\/sfashionaccessories.com\/index.php?rest_route=%2Fwp%2Fv2%2Fmedia&parent=22941"}],"wp:term":[{"taxonomy":"product_brand","embeddable":true,"href":"https:\/\/sfashionaccessories.com\/index.php?rest_route=%2Fwp%2Fv2%2Fproduct_brand&post=22941"},{"taxonomy":"product_cat","embeddable":true,"href":"https:\/\/sfashionaccessories.com\/index.php?rest_route=%2Fwp%2Fv2%2Fproduct_cat&post=22941"},{"taxonomy":"product_tag","embeddable":true,"href":"https:\/\/sfashionaccessories.com\/index.php?rest_route=%2Fwp%2Fv2%2Fproduct_tag&post=22941"}],"curies":[{"name":"wp","href":"https:\/\/api.w.org\/{rel}","templated":true}]}}