{"id":22955,"date":"2025-08-22T15:01:19","date_gmt":"2025-08-22T06:01:19","guid":{"rendered":"https:\/\/sfashionaccessories.com\/?post_type=product&#038;p=22955"},"modified":"2025-10-04T17:17:39","modified_gmt":"2025-10-04T08:17:39","slug":"kit-tododia-maca-verde-e-aloe-vera-3-produtos","status":"publish","type":"product","link":"https:\/\/sfashionaccessories.com\/?product=kit-tododia-maca-verde-e-aloe-vera-3-produtos","title":{"rendered":"Kit Tododia Ma\u00e7\u00e3 Verde e Aloe Vera (3 produtos)"},"content":{"rendered":"<div class=\"relative flex\">\n<div class=\"flex gap-2 items-center\">\n<p><strong>. nutri\u00e7\u00e3o e hidrata\u00e7\u00e3o profunda para seus cabelos.<\/strong><\/p>\n<\/div>\n<\/div>\n<div class=\"relative flex\">\n<div class=\"flex gap-2 items-center\">\n<p><strong>\u2022 shampoo<\/strong>: f\u00f3rmula ultraleve que limpa e equilibra o cabelo, purifica a raiz e deixa os fios soltos por mais tempo<\/p>\n<p><strong>\u2022 condicionador<\/strong>: com uma textura que desliza entre os dedos, recupera os fios dos desgastes di\u00e1rios e hidrata sem pesar<\/p>\n<p><strong>\u2022 spray<\/strong>: proporciona hidrata\u00e7\u00e3o instant\u00e2nea, deixando seus cabelos com menos frizz, macios, soltinhos e com brilho radiante<\/p>\n<p><strong>\u2022<\/strong>\u00a0produtos com\u00a0<strong>Tecnologia Prebi\u00f3tica<\/strong>\u00a0que cuida dos cabelos da raiz \u00e0s pontas<\/p>\n<p><strong>\u2022<\/strong>\u00a0fragr\u00e2ncia\u00a0<strong>fresca e delicada<\/strong>, com notas de ma\u00e7\u00e3 verde<\/p>\n<p><strong>\u2022<\/strong>\u00a0para\u00a0<strong>todas as curvaturas.<\/strong><\/p>\n<p><strong>cont\u00e9m<\/strong><\/p>\n<p>shampoo hidratante 300 ml<\/p>\n<p>condicionador hidratante 280 ml<\/p>\n<p>e spray hidratante 200 ml.<\/p>\n<\/div>\n<\/div>\n","protected":false},"excerpt":{"rendered":"<p>. nutri\u00e7\u00e3o e hidrata\u00e7\u00e3o profunda para seus cabelos. \u2022 shampoo: f\u00f3rmula ultraleve que limpa e equilibra o cabelo, purifica a raiz e deixa os fios soltos por mais tempo \u2022 condicionador: com uma textura que desliza entre os dedos, recupera os fios dos desgastes di\u00e1rios e hidrata sem pesar \u2022 spray: proporciona hidrata\u00e7\u00e3o instant\u00e2nea, deixando [&hellip;]<\/p>\n","protected":false},"featured_media":22960,"comment_status":"open","ping_status":"closed","template":"","meta":{"_kadence_starter_templates_imported_post":false},"product_brand":[],"product_cat":[204,206,304,322,580,293,214,288,700,688,203,303],"product_tag":[476,444,234,285],"class_list":{"0":"post-22955","1":"product","2":"type-product","3":"status-publish","4":"has-post-thumbnail","6":"product_cat-matizador-sampoo-condicionador-hidratante","7":"product_cat-cosmeticos-cremes-hidradantesperfumes","8":"product_cat-cremes-mascaras-oleos","9":"product_cat-cremes-hidratantes-oleos","10":"product_cat-destaques","11":"product_cat-feminino","12":"product_cat-hidratantes-cremes-corporal","13":"product_cat-kit-natura","14":"product_cat-leave-in","15":"product_cat-mascara","16":"product_cat-natura-creme-oleo-sabonete-perfume","17":"product_cat-shampoo-e-condicionador-natura","18":"product_tag-cabelos","19":"product_tag-kit","20":"product_tag-natura","21":"product_tag-shampoo-e-condicionador","23":"first","24":"outofstock","25":"shipping-taxable","26":"purchasable","27":"product-type-simple"},"_links":{"self":[{"href":"https:\/\/sfashionaccessories.com\/index.php?rest_route=\/wp\/v2\/product\/22955","targetHints":{"allow":["GET"]}}],"collection":[{"href":"https:\/\/sfashionaccessories.com\/index.php?rest_route=\/wp\/v2\/product"}],"about":[{"href":"https:\/\/sfashionaccessories.com\/index.php?rest_route=\/wp\/v2\/types\/product"}],"replies":[{"embeddable":true,"href":"https:\/\/sfashionaccessories.com\/index.php?rest_route=%2Fwp%2Fv2%2Fcomments&post=22955"}],"wp:featuredmedia":[{"embeddable":true,"href":"https:\/\/sfashionaccessories.com\/index.php?rest_route=\/wp\/v2\/media\/22960"}],"wp:attachment":[{"href":"https:\/\/sfashionaccessories.com\/index.php?rest_route=%2Fwp%2Fv2%2Fmedia&parent=22955"}],"wp:term":[{"taxonomy":"product_brand","embeddable":true,"href":"https:\/\/sfashionaccessories.com\/index.php?rest_route=%2Fwp%2Fv2%2Fproduct_brand&post=22955"},{"taxonomy":"product_cat","embeddable":true,"href":"https:\/\/sfashionaccessories.com\/index.php?rest_route=%2Fwp%2Fv2%2Fproduct_cat&post=22955"},{"taxonomy":"product_tag","embeddable":true,"href":"https:\/\/sfashionaccessories.com\/index.php?rest_route=%2Fwp%2Fv2%2Fproduct_tag&post=22955"}],"curies":[{"name":"wp","href":"https:\/\/api.w.org\/{rel}","templated":true}]}}