{"id":22998,"date":"2025-08-28T18:48:58","date_gmt":"2025-08-28T09:48:58","guid":{"rendered":"https:\/\/sfashionaccessories.com\/?post_type=product&#038;p=22998"},"modified":"2025-10-01T19:08:14","modified_gmt":"2025-10-01T10:08:14","slug":"condicionador-e-mascara-multifuncional-hidra-multy-kids","status":"publish","type":"product","link":"https:\/\/sfashionaccessories.com\/?product=condicionador-e-mascara-multifuncional-hidra-multy-kids","title":{"rendered":"Condicionador e M\u00e1scara Multifuncional Hidra Multy Kids- Salon line"},"content":{"rendered":"<p><b>Condicionador e M\u00e1scara Multifuncional Hidra Multy Kids<\/b>:<\/p>\n<p><b>Como condicionador<\/b>: aplique no cabelo \u00famido e espalhe uniformemente por toda a extens\u00e3o dos fios. Deixe agir entre 1 e 3 minutos. Enx\u00e1gue abundantemente.<\/p>\n<p><b>Como m\u00e1scara<\/b>: aplique do comprimento at\u00e9 as pontas. Deixe agir durante 3 minutos e enx\u00e1gue.<\/p>\n","protected":false},"excerpt":{"rendered":"<p>Condicionador e M\u00e1scara Multifuncional Hidra Multy Kids: Como condicionador: aplique no cabelo \u00famido e espalhe uniformemente por toda a extens\u00e3o dos fios. Deixe agir entre 1 e 3 minutos. Enx\u00e1gue abundantemente. Como m\u00e1scara: aplique do comprimento at\u00e9 as pontas. Deixe agir durante 3 minutos e enx\u00e1gue.<\/p>\n","protected":false},"featured_media":22996,"comment_status":"open","ping_status":"closed","template":"","meta":{"_kadence_starter_templates_imported_post":false},"product_brand":[],"product_cat":[204,206,304,281],"product_tag":[345,272,869],"class_list":{"0":"post-22998","1":"product","2":"type-product","3":"status-publish","4":"has-post-thumbnail","6":"product_cat-matizador-sampoo-condicionador-hidratante","7":"product_cat-cosmeticos-cremes-hidradantesperfumes","8":"product_cat-cremes-mascaras-oleos","9":"product_cat-shampoo","10":"product_tag-condicionador","11":"product_tag-cosmeticos","12":"product_tag-salon-line","14":"first","15":"instock","16":"shipping-taxable","17":"purchasable","18":"product-type-simple"},"_links":{"self":[{"href":"https:\/\/sfashionaccessories.com\/index.php?rest_route=\/wp\/v2\/product\/22998","targetHints":{"allow":["GET"]}}],"collection":[{"href":"https:\/\/sfashionaccessories.com\/index.php?rest_route=\/wp\/v2\/product"}],"about":[{"href":"https:\/\/sfashionaccessories.com\/index.php?rest_route=\/wp\/v2\/types\/product"}],"replies":[{"embeddable":true,"href":"https:\/\/sfashionaccessories.com\/index.php?rest_route=%2Fwp%2Fv2%2Fcomments&post=22998"}],"wp:featuredmedia":[{"embeddable":true,"href":"https:\/\/sfashionaccessories.com\/index.php?rest_route=\/wp\/v2\/media\/22996"}],"wp:attachment":[{"href":"https:\/\/sfashionaccessories.com\/index.php?rest_route=%2Fwp%2Fv2%2Fmedia&parent=22998"}],"wp:term":[{"taxonomy":"product_brand","embeddable":true,"href":"https:\/\/sfashionaccessories.com\/index.php?rest_route=%2Fwp%2Fv2%2Fproduct_brand&post=22998"},{"taxonomy":"product_cat","embeddable":true,"href":"https:\/\/sfashionaccessories.com\/index.php?rest_route=%2Fwp%2Fv2%2Fproduct_cat&post=22998"},{"taxonomy":"product_tag","embeddable":true,"href":"https:\/\/sfashionaccessories.com\/index.php?rest_route=%2Fwp%2Fv2%2Fproduct_tag&post=22998"}],"curies":[{"name":"wp","href":"https:\/\/api.w.org\/{rel}","templated":true}]}}