{"id":23041,"date":"2025-09-05T13:38:50","date_gmt":"2025-09-05T04:38:50","guid":{"rendered":"https:\/\/sfashionaccessories.com\/?post_type=product&#038;p=23041"},"modified":"2025-09-05T13:42:23","modified_gmt":"2025-09-05T04:42:23","slug":"quintess-blusa-com-transpasse-frontal","status":"publish","type":"product","link":"https:\/\/sfashionaccessories.com\/?product=quintess-blusa-com-transpasse-frontal","title":{"rendered":"Quintess-Blusa com transpasse frontal"},"content":{"rendered":"<p>Blusa de tecido creponado de poli\u00e9ster. Com al\u00e7as duplas e ilh\u00f3ses no decote. Frente transpassada. Costas estilo nadador.<\/p>\n<p>Modelagem: Solto<br \/>\nDecote frente:\u00a0Transpassado<br \/>\nComplemento:\u00a0Al\u00e7a<br \/>\nTecido:\u00a0Crepe (tecido plano)<\/p>\n","protected":false},"excerpt":{"rendered":"<p>Blusa de tecido creponado de poli\u00e9ster. Com al\u00e7as duplas e ilh\u00f3ses no decote. Frente transpassada. Costas estilo nadador. Modelagem: Solto Decote frente:\u00a0Transpassado Complemento:\u00a0Al\u00e7a Tecido:\u00a0Crepe (tecido plano)<\/p>\n","protected":false},"featured_media":23046,"comment_status":"open","ping_status":"closed","template":"","meta":{"_kadence_starter_templates_imported_post":false},"product_brand":[],"product_cat":[172,43,580,254,750],"product_tag":[189,395,188,908],"class_list":{"0":"post-23041","1":"product","2":"type-product","3":"status-publish","4":"has-post-thumbnail","6":"product_cat-blusas-tops-e-camisetas","7":"product_cat-blusas-camisetas-femininas","8":"product_cat-destaques","9":"product_cat-promocoes-descontos","10":"product_cat-quintess","11":"product_tag-blusas","12":"product_tag-feminino","13":"product_tag-moda-feminina","14":"product_tag-quintess","16":"first","17":"instock","18":"sale","19":"shipping-taxable","20":"purchasable","21":"product-type-variable"},"_links":{"self":[{"href":"https:\/\/sfashionaccessories.com\/index.php?rest_route=\/wp\/v2\/product\/23041","targetHints":{"allow":["GET"]}}],"collection":[{"href":"https:\/\/sfashionaccessories.com\/index.php?rest_route=\/wp\/v2\/product"}],"about":[{"href":"https:\/\/sfashionaccessories.com\/index.php?rest_route=\/wp\/v2\/types\/product"}],"replies":[{"embeddable":true,"href":"https:\/\/sfashionaccessories.com\/index.php?rest_route=%2Fwp%2Fv2%2Fcomments&post=23041"}],"wp:featuredmedia":[{"embeddable":true,"href":"https:\/\/sfashionaccessories.com\/index.php?rest_route=\/wp\/v2\/media\/23046"}],"wp:attachment":[{"href":"https:\/\/sfashionaccessories.com\/index.php?rest_route=%2Fwp%2Fv2%2Fmedia&parent=23041"}],"wp:term":[{"taxonomy":"product_brand","embeddable":true,"href":"https:\/\/sfashionaccessories.com\/index.php?rest_route=%2Fwp%2Fv2%2Fproduct_brand&post=23041"},{"taxonomy":"product_cat","embeddable":true,"href":"https:\/\/sfashionaccessories.com\/index.php?rest_route=%2Fwp%2Fv2%2Fproduct_cat&post=23041"},{"taxonomy":"product_tag","embeddable":true,"href":"https:\/\/sfashionaccessories.com\/index.php?rest_route=%2Fwp%2Fv2%2Fproduct_tag&post=23041"}],"curies":[{"name":"wp","href":"https:\/\/api.w.org\/{rel}","templated":true}]}}