{"id":23105,"date":"2025-09-09T13:16:06","date_gmt":"2025-09-09T04:16:06","guid":{"rendered":"https:\/\/sfashionaccessories.com\/?post_type=product&#038;p=23105"},"modified":"2026-04-17T17:23:26","modified_gmt":"2026-04-17T08:23:26","slug":"desodorante-antitranspirante-em-creme-rexona-clinical-classic-58g","status":"publish","type":"product","link":"https:\/\/sfashionaccessories.com\/?product=desodorante-antitranspirante-em-creme-rexona-clinical-classic-58g","title":{"rendered":"Desodorante Antitranspirante Em Creme Rexona Clinical Classic 58g"},"content":{"rendered":"<p>\u2022\u00a0\u00a0 \u00a0O Desodorante Antitranspirante Creme Rexona Clinical Classic possui uma f\u00f3rmula com 96 horas de prote\u00e7\u00e3o contra o suor e o mau odor<\/p>\n<p>\u2022\u00a0\u00a0 \u00a0A f\u00f3rmula do Desodorante Clinical Classic oferece 3X mais prote\u00e7\u00e3o* contra o suor e controle de odor<\/p>\n<p>\u2022\u00a0\u00a0 \u00a0Aplicar o desodorante creme Rexona Clinical Classic somente nas axilas. Aplique a quantidade desejada para uma cobertura completa, espalhe uniformemente e espere a completa absor\u00e7\u00e3o do produto<\/p>\n<p>\u2022\u00a0\u00a0 \u00a0O desodorante feminino Rexona possui uma textura leve e uma fragr\u00e2ncia duradoura, mantendo voc\u00ea seca, fresca e protegida por muito mais tempo<\/p>\n<p>\u2022\u00a0\u00a0 \u00a0O desodorante em creme Rexona Clinical Classic possui uma tecnologia antimanchas** que protege a sua roupa<\/p>\n<p>\u2022\u00a0\u00a0 \u00a0Antitranspirante que mant\u00e9m voc\u00ea seca, fresca e protegida por muito mais tempo.<\/p>\n<p>&#8211; Desodorante Antitranspirante Creme Rexona Clinical Classic garante 96 horas de prote\u00e7\u00e3o contra a transpira\u00e7\u00e3o e muito mais confian\u00e7a para voc\u00ea encarar qualquer desafio. A exclusiva f\u00f3rmula de Rexona Clinical Classic, com textura leve e fragr\u00e2ncia duradoura, oferece 3X mais prote\u00e7\u00e3o contra o suor* e controle de odor que um antitranspirante comum, mantendo voc\u00ea seca, fresca e protegida por muito mais tempo. O desodorante em creme Rexona Clinical Classic trabalha com um sistema de part\u00edculas menores e mais est\u00e1veis, que formam uma barreira protetora mais resistente e duradoura contra a transpira\u00e7\u00e3o e o mau odor, para que se sinta confiante o dia todo.<\/p>\n<ul>\n<li><\/li>\n<\/ul>\n","protected":false},"excerpt":{"rendered":"<p>\u2022\u00a0\u00a0 \u00a0O Desodorante Antitranspirante Creme Rexona Clinical Classic possui uma f\u00f3rmula com 96 horas de prote\u00e7\u00e3o contra o suor e o mau odor \u2022\u00a0\u00a0 \u00a0A f\u00f3rmula do Desodorante Clinical Classic oferece 3X mais prote\u00e7\u00e3o* contra o suor e controle de odor \u2022\u00a0\u00a0 \u00a0Aplicar o desodorante creme Rexona Clinical Classic somente nas axilas. Aplique a quantidade [&hellip;]<\/p>\n","protected":false},"featured_media":23108,"comment_status":"open","ping_status":"closed","template":"","meta":{"_kadence_starter_templates_imported_post":false},"product_brand":[],"product_cat":[276,278,277,254,590],"product_tag":[272,239,279],"class_list":{"0":"post-23105","1":"product","2":"type-product","3":"status-publish","4":"has-post-thumbnail","6":"product_cat-desodorante","7":"product_cat-desodorante-feminino","8":"product_cat-desodorante-masculino","9":"product_cat-promocoes-descontos","10":"product_cat-rexona","11":"product_tag-cosmeticos","12":"product_tag-desodorante","13":"product_tag-rexona","15":"first","16":"instock","17":"sale","18":"shipping-taxable","19":"purchasable","20":"product-type-simple"},"_links":{"self":[{"href":"https:\/\/sfashionaccessories.com\/index.php?rest_route=\/wp\/v2\/product\/23105","targetHints":{"allow":["GET"]}}],"collection":[{"href":"https:\/\/sfashionaccessories.com\/index.php?rest_route=\/wp\/v2\/product"}],"about":[{"href":"https:\/\/sfashionaccessories.com\/index.php?rest_route=\/wp\/v2\/types\/product"}],"replies":[{"embeddable":true,"href":"https:\/\/sfashionaccessories.com\/index.php?rest_route=%2Fwp%2Fv2%2Fcomments&post=23105"}],"wp:featuredmedia":[{"embeddable":true,"href":"https:\/\/sfashionaccessories.com\/index.php?rest_route=\/wp\/v2\/media\/23108"}],"wp:attachment":[{"href":"https:\/\/sfashionaccessories.com\/index.php?rest_route=%2Fwp%2Fv2%2Fmedia&parent=23105"}],"wp:term":[{"taxonomy":"product_brand","embeddable":true,"href":"https:\/\/sfashionaccessories.com\/index.php?rest_route=%2Fwp%2Fv2%2Fproduct_brand&post=23105"},{"taxonomy":"product_cat","embeddable":true,"href":"https:\/\/sfashionaccessories.com\/index.php?rest_route=%2Fwp%2Fv2%2Fproduct_cat&post=23105"},{"taxonomy":"product_tag","embeddable":true,"href":"https:\/\/sfashionaccessories.com\/index.php?rest_route=%2Fwp%2Fv2%2Fproduct_tag&post=23105"}],"curies":[{"name":"wp","href":"https:\/\/api.w.org\/{rel}","templated":true}]}}