{"id":23119,"date":"2025-09-09T13:39:34","date_gmt":"2025-09-09T04:39:34","guid":{"rendered":"https:\/\/sfashionaccessories.com\/?post_type=product&#038;p=23119"},"modified":"2026-03-28T15:08:32","modified_gmt":"2026-03-28T06:08:32","slug":"desodorante-antitranspirante-em-creme-tododia-ameixa-e-flor-de-baunilha","status":"publish","type":"product","link":"https:\/\/sfashionaccessories.com\/?product=desodorante-antitranspirante-em-creme-tododia-ameixa-e-flor-de-baunilha","title":{"rendered":"Desodorante Antitranspirante em Creme Tododia Ameixa e Flor de Baunilha"},"content":{"rendered":"<div class=\"relative flex\">\n<div class=\"flex gap-2 items-center\">\n<p><strong>prote\u00e7\u00e3o perfumada para suas axilas por at\u00e9 48 horas.<\/strong><\/p>\n<\/div>\n<\/div>\n<div class=\"relative flex\">\n<div class=\"flex gap-2 items-center\">\n<p><strong>\u2022<\/strong>\u00a0complexo\u00a0<strong>dermocalmante<\/strong>\u00a0com pr\u00f3-vitamina B5<\/p>\n<p><strong>\u2022<\/strong>\u00a0cuida, nutre e deixa a sua pele deliciosamente hidratada<\/p>\n<p><strong>\u2022 tecnologia invis\u00edvel<\/strong>\u00a0que evita o surgimento de manchas em roupas claras e escuras<\/p>\n<p><strong>\u2022 48 horas de prote\u00e7\u00e3o<\/strong>\u00a0contra o mau odor e os efeitos do suor<\/p>\n<p><strong>\u2022<\/strong>\u00a0fragr\u00e2ncia\u00a0<strong>refrescante e feminina<\/strong>\u00a0com notas florais<\/p>\n<p><strong>\u2022<\/strong>\u00a0f\u00e1cil de aplicar<\/p>\n<p><strong>\u2022<\/strong>\u00a0textura leve que absorve rapidinho<\/p>\n<p><strong>\u2022<\/strong>\u00a0tamanho pr\u00e1tico para levar na bolsa.<\/p>\n<\/div>\n<\/div>\n","protected":false},"excerpt":{"rendered":"<p>prote\u00e7\u00e3o perfumada para suas axilas por at\u00e9 48 horas. \u2022\u00a0complexo\u00a0dermocalmante\u00a0com pr\u00f3-vitamina B5 \u2022\u00a0cuida, nutre e deixa a sua pele deliciosamente hidratada \u2022 tecnologia invis\u00edvel\u00a0que evita o surgimento de manchas em roupas claras e escuras \u2022 48 horas de prote\u00e7\u00e3o\u00a0contra o mau odor e os efeitos do suor \u2022\u00a0fragr\u00e2ncia\u00a0refrescante e feminina\u00a0com notas florais \u2022\u00a0f\u00e1cil de aplicar [&hellip;]<\/p>\n","protected":false},"featured_media":23122,"comment_status":"open","ping_status":"closed","template":"","meta":{"_kadence_starter_templates_imported_post":false},"product_brand":[],"product_cat":[206,322,276,278,277,213,214,203],"product_tag":[272,502,234],"class_list":{"0":"post-23119","1":"product","2":"type-product","3":"status-publish","4":"has-post-thumbnail","6":"product_cat-cosmeticos-cremes-hidradantesperfumes","7":"product_cat-cremes-hidratantes-oleos","8":"product_cat-desodorante","9":"product_cat-desodorante-feminino","10":"product_cat-desodorante-masculino","11":"product_cat-desodorantes-anti-transpirantes","12":"product_cat-hidratantes-cremes-corporal","13":"product_cat-natura-creme-oleo-sabonete-perfume","14":"product_tag-cosmeticos","15":"product_tag-desodorante-feminino","16":"product_tag-natura","18":"first","19":"outofstock","20":"shipping-taxable","21":"purchasable","22":"product-type-simple"},"_links":{"self":[{"href":"https:\/\/sfashionaccessories.com\/index.php?rest_route=\/wp\/v2\/product\/23119","targetHints":{"allow":["GET"]}}],"collection":[{"href":"https:\/\/sfashionaccessories.com\/index.php?rest_route=\/wp\/v2\/product"}],"about":[{"href":"https:\/\/sfashionaccessories.com\/index.php?rest_route=\/wp\/v2\/types\/product"}],"replies":[{"embeddable":true,"href":"https:\/\/sfashionaccessories.com\/index.php?rest_route=%2Fwp%2Fv2%2Fcomments&post=23119"}],"wp:featuredmedia":[{"embeddable":true,"href":"https:\/\/sfashionaccessories.com\/index.php?rest_route=\/wp\/v2\/media\/23122"}],"wp:attachment":[{"href":"https:\/\/sfashionaccessories.com\/index.php?rest_route=%2Fwp%2Fv2%2Fmedia&parent=23119"}],"wp:term":[{"taxonomy":"product_brand","embeddable":true,"href":"https:\/\/sfashionaccessories.com\/index.php?rest_route=%2Fwp%2Fv2%2Fproduct_brand&post=23119"},{"taxonomy":"product_cat","embeddable":true,"href":"https:\/\/sfashionaccessories.com\/index.php?rest_route=%2Fwp%2Fv2%2Fproduct_cat&post=23119"},{"taxonomy":"product_tag","embeddable":true,"href":"https:\/\/sfashionaccessories.com\/index.php?rest_route=%2Fwp%2Fv2%2Fproduct_tag&post=23119"}],"curies":[{"name":"wp","href":"https:\/\/api.w.org\/{rel}","templated":true}]}}