{"id":23128,"date":"2025-09-09T14:19:29","date_gmt":"2025-09-09T05:19:29","guid":{"rendered":"https:\/\/sfashionaccessories.com\/?post_type=product&#038;p=23128"},"modified":"2026-02-21T22:14:33","modified_gmt":"2026-02-21T13:14:33","slug":"body-splash-tododia-jambo-rosa-e-flor-de-caju-200-ml","status":"publish","type":"product","link":"https:\/\/sfashionaccessories.com\/?product=body-splash-tododia-jambo-rosa-e-flor-de-caju-200-ml","title":{"rendered":"Body Splash Tododia Jambo Rosa e Flor de Caju 200 ml"},"content":{"rendered":"<div class=\"relative flex\">\n<div class=\"flex gap-2 items-center\">\n<p><strong>perfuma\u00e7\u00e3o leve e vibrante com fragr\u00e2ncia in\u00e9dita de jambo rosa e flor de caju.<\/strong><\/p>\n<\/div>\n<\/div>\n<div class=\"relative flex\">\n<div class=\"flex gap-2 items-center\">\n<p><strong>\u2022<\/strong>\u00a0sensa\u00e7\u00e3o de sentir na pele as\u00a0<strong>ra\u00edzes tropicais<\/strong>\u00a0e a for\u00e7a da ancestralidade<\/p>\n<p><strong>\u2022<\/strong>\u00a0perfeito para\u00a0<strong>celebrar sua hist\u00f3ria<\/strong>\u00a0com autenticidade, real\u00e7ando na pele a sua beleza<\/p>\n<p><strong>\u2022<\/strong>\u00a0f\u00f3rmula com alta naturalidade:\u00a0<strong>95% de ingredientes naturais<\/strong><\/p>\n<p><strong>\u2022 fragr\u00e2ncia frutal floral leve<\/strong><\/p>\n<p><strong>\u2022<\/strong>\u00a0deliciosa combina\u00e7\u00e3o de notas de frutas tropicais, que trazem uma explos\u00e3o bem brasileira em corpo floral envolvente<\/p>\n<p><strong>\u2022<\/strong>\u00a0perfuma\u00e7\u00e3o leve para o dia a dia.<\/p>\n<\/div>\n<\/div>\n","protected":false},"excerpt":{"rendered":"<p>perfuma\u00e7\u00e3o leve e vibrante com fragr\u00e2ncia in\u00e9dita de jambo rosa e flor de caju. \u2022\u00a0sensa\u00e7\u00e3o de sentir na pele as\u00a0ra\u00edzes tropicais\u00a0e a for\u00e7a da ancestralidade \u2022\u00a0perfeito para\u00a0celebrar sua hist\u00f3ria\u00a0com autenticidade, real\u00e7ando na pele a sua beleza \u2022\u00a0f\u00f3rmula com alta naturalidade:\u00a095% de ingredientes naturais \u2022 fragr\u00e2ncia frutal floral leve \u2022\u00a0deliciosa combina\u00e7\u00e3o de notas de frutas tropicais, [&hellip;]<\/p>\n","protected":false},"featured_media":23132,"comment_status":"open","ping_status":"closed","template":"","meta":{"_kadence_starter_templates_imported_post":false},"product_brand":[],"product_cat":[465,530,213,580,293,203,231],"product_tag":[412,272,234,401],"class_list":{"0":"post-23128","1":"product","2":"type-product","3":"status-publish","4":"has-post-thumbnail","6":"product_cat-anuncios","7":"product_cat-body-splash","8":"product_cat-desodorantes-anti-transpirantes","9":"product_cat-destaques","10":"product_cat-feminino","11":"product_cat-natura-creme-oleo-sabonete-perfume","12":"product_cat-perfumes-natura","13":"product_tag-body-splash","14":"product_tag-cosmeticos","15":"product_tag-natura","16":"product_tag-perfumes","18":"first","19":"outofstock","20":"shipping-taxable","21":"purchasable","22":"product-type-simple"},"_links":{"self":[{"href":"https:\/\/sfashionaccessories.com\/index.php?rest_route=\/wp\/v2\/product\/23128","targetHints":{"allow":["GET"]}}],"collection":[{"href":"https:\/\/sfashionaccessories.com\/index.php?rest_route=\/wp\/v2\/product"}],"about":[{"href":"https:\/\/sfashionaccessories.com\/index.php?rest_route=\/wp\/v2\/types\/product"}],"replies":[{"embeddable":true,"href":"https:\/\/sfashionaccessories.com\/index.php?rest_route=%2Fwp%2Fv2%2Fcomments&post=23128"}],"wp:featuredmedia":[{"embeddable":true,"href":"https:\/\/sfashionaccessories.com\/index.php?rest_route=\/wp\/v2\/media\/23132"}],"wp:attachment":[{"href":"https:\/\/sfashionaccessories.com\/index.php?rest_route=%2Fwp%2Fv2%2Fmedia&parent=23128"}],"wp:term":[{"taxonomy":"product_brand","embeddable":true,"href":"https:\/\/sfashionaccessories.com\/index.php?rest_route=%2Fwp%2Fv2%2Fproduct_brand&post=23128"},{"taxonomy":"product_cat","embeddable":true,"href":"https:\/\/sfashionaccessories.com\/index.php?rest_route=%2Fwp%2Fv2%2Fproduct_cat&post=23128"},{"taxonomy":"product_tag","embeddable":true,"href":"https:\/\/sfashionaccessories.com\/index.php?rest_route=%2Fwp%2Fv2%2Fproduct_tag&post=23128"}],"curies":[{"name":"wp","href":"https:\/\/api.w.org\/{rel}","templated":true}]}}