{"id":23157,"date":"2025-09-09T19:46:02","date_gmt":"2025-09-09T10:46:02","guid":{"rendered":"https:\/\/sfashionaccessories.com\/?post_type=product&#038;p=23157"},"modified":"2025-09-09T19:46:03","modified_gmt":"2025-09-09T10:46:03","slug":"rommanel-brinco-coracao-banhado-a-ouro-18k","status":"publish","type":"product","link":"https:\/\/sfashionaccessories.com\/?product=rommanel-brinco-coracao-banhado-a-ouro-18k","title":{"rendered":"Rommanel &#8211; BRINCO CORA\u00c7\u00c3O BANHADO A OURO 18K &#8211;"},"content":{"rendered":"<h4>Descri\u00e7\u00e3o<\/h4>\n<div class=\"productDescription\">Brinco cora\u00e7\u00e3o com frisos em alto relevo.<br \/>\nmed. 1,9 cm x 1,5 cm<br \/>\n(joia licenciada cole\u00e7\u00e3o ana hickmann)<\/div>\n<div id=\"caracteristicas\">\n<table class=\"group Folheados\" cellspacing=\"0\">\n<tbody>\n<tr class=\"even\">\n<th class=\"name-field Material\">Material<\/th>\n<td class=\"value-field Material\">Banhado a Ouro 18k<\/td>\n<\/tr>\n<tr>\n<th class=\"name-field Genero\">G\u00eanero<\/th>\n<td class=\"value-field Genero\">Feminino<\/td>\n<\/tr>\n<tr class=\"even\">\n<th class=\"name-field Faixa-Etaria\">Faixa Et\u00e1ria<\/th>\n<td class=\"value-field Faixa-Etaria\">Adulto<\/td>\n<\/tr>\n<tr>\n<th class=\"name-field Composicao\">Composi\u00e7\u00e3o<\/th>\n<td class=\"value-field Composicao\">Sem Pedra<\/td>\n<\/tr>\n<tr class=\"even\">\n<th class=\"name-field Tema\">Tema<\/th>\n<td class=\"value-field Tema\">B\u00e1sico<\/td>\n<\/tr>\n<tr>\n<th class=\"name-field Colecao\">Cole\u00e7\u00e3o<\/th>\n<td class=\"value-field Colecao\">Cole\u00e7\u00e3o Caminhos por Ana hickmann<\/td>\n<\/tr>\n<tr class=\"even\">\n<th class=\"name-field Conceito\">Conceito<\/th>\n<td class=\"value-field Conceito\">A cole\u00e7\u00e3o caminhos rommanel por ana hickmann \u00e9 uma celebra\u00e7\u00e3o da jornada da vida e dos diferentes trajetos que cada indiv\u00edduo percorre ao longo dela. inspirada na diversidade de experi\u00eancias e escolhas que fazemos, esta cole\u00e7\u00e3o busca captar a beleza de cada trajet\u00f3ria \u00fanica em joias luxuosas, das mais simplificadas at\u00e9 as mais exuberantes. o estilo contempor\u00e2neo e a versatilidade desta cole\u00e7\u00e3o s\u00e3o adequados para o uso di\u00e1rio e ocasi\u00f5es especiais.<\/td>\n<\/tr>\n<\/tbody>\n<\/table>\n<\/div>\n","protected":false},"excerpt":{"rendered":"<p>Descri\u00e7\u00e3o Brinco cora\u00e7\u00e3o com frisos em alto relevo. med. 1,9 cm x 1,5 cm (joia licenciada cole\u00e7\u00e3o ana hickmann) Material Banhado a Ouro 18k G\u00eanero Feminino Faixa Et\u00e1ria Adulto Composi\u00e7\u00e3o Sem Pedra Tema B\u00e1sico Cole\u00e7\u00e3o Cole\u00e7\u00e3o Caminhos por Ana hickmann Conceito A cole\u00e7\u00e3o caminhos rommanel por ana hickmann \u00e9 uma celebra\u00e7\u00e3o da jornada da vida [&hellip;]<\/p>\n","protected":false},"featured_media":23159,"comment_status":"open","ping_status":"closed","template":"","meta":{"_kadence_starter_templates_imported_post":false},"product_brand":[],"product_cat":[200,369,580,878,723,209],"product_tag":[371,879,724,232],"class_list":{"0":"post-23157","1":"product","2":"type-product","3":"status-publish","4":"has-post-thumbnail","6":"product_cat-acessorios-bijuterias-semi-joias","7":"product_cat-brincos","8":"product_cat-destaques","9":"product_cat-joias","10":"product_cat-rommanel","11":"product_cat-semi-joias","12":"product_tag-brincos","13":"product_tag-joias","14":"product_tag-rommanel","15":"product_tag-semi-joias","17":"first","18":"instock","19":"shipping-taxable","20":"purchasable","21":"product-type-simple"},"_links":{"self":[{"href":"https:\/\/sfashionaccessories.com\/index.php?rest_route=\/wp\/v2\/product\/23157","targetHints":{"allow":["GET"]}}],"collection":[{"href":"https:\/\/sfashionaccessories.com\/index.php?rest_route=\/wp\/v2\/product"}],"about":[{"href":"https:\/\/sfashionaccessories.com\/index.php?rest_route=\/wp\/v2\/types\/product"}],"replies":[{"embeddable":true,"href":"https:\/\/sfashionaccessories.com\/index.php?rest_route=%2Fwp%2Fv2%2Fcomments&post=23157"}],"wp:featuredmedia":[{"embeddable":true,"href":"https:\/\/sfashionaccessories.com\/index.php?rest_route=\/wp\/v2\/media\/23159"}],"wp:attachment":[{"href":"https:\/\/sfashionaccessories.com\/index.php?rest_route=%2Fwp%2Fv2%2Fmedia&parent=23157"}],"wp:term":[{"taxonomy":"product_brand","embeddable":true,"href":"https:\/\/sfashionaccessories.com\/index.php?rest_route=%2Fwp%2Fv2%2Fproduct_brand&post=23157"},{"taxonomy":"product_cat","embeddable":true,"href":"https:\/\/sfashionaccessories.com\/index.php?rest_route=%2Fwp%2Fv2%2Fproduct_cat&post=23157"},{"taxonomy":"product_tag","embeddable":true,"href":"https:\/\/sfashionaccessories.com\/index.php?rest_route=%2Fwp%2Fv2%2Fproduct_tag&post=23157"}],"curies":[{"name":"wp","href":"https:\/\/api.w.org\/{rel}","templated":true}]}}