{"id":23179,"date":"2025-09-10T00:19:06","date_gmt":"2025-09-09T15:19:06","guid":{"rendered":"https:\/\/sfashionaccessories.com\/?post_type=product&#038;p=23179"},"modified":"2026-03-22T15:54:08","modified_gmt":"2026-03-22T06:54:08","slug":"23179","status":"publish","type":"product","link":"https:\/\/sfashionaccessories.com\/?product=23179","title":{"rendered":"lorilima- Short Alfaiataria Marant &#8211;"},"content":{"rendered":"<h2>Detalhes acompanha o cinto , como os bolsos laterais discretos e o acabamento impec\u00e1vel refletem a aten\u00e7\u00e3o que dedicamos a cada pe\u00e7a.<\/h2>\n<h2>Short Alfaiataria Marant , vers\u00e1til e pode ser facilmente combinado com blusas soltas ou cropped, garantindo looks despojados e elegantes.<\/h2>\n<h2>Ideal para passeios, encontros ou at\u00e9 mesmo para um dia no trabalho, esse short \u00e9 um must-have na sua cole\u00e7\u00e3o. Sinta-se confort\u00e1vel e confiante em qualquer ocasi\u00e3o!<\/h2>\n<p>Composi\u00e7\u00e3o: 92 % viscose, 0,8 % poli\u00e9ster<\/p>\n","protected":false},"excerpt":{"rendered":"<p>Detalhes acompanha o cinto , como os bolsos laterais discretos e o acabamento impec\u00e1vel refletem a aten\u00e7\u00e3o que dedicamos a cada pe\u00e7a. Short Alfaiataria Marant , vers\u00e1til e pode ser facilmente combinado com blusas soltas ou cropped, garantindo looks despojados e elegantes. Ideal para passeios, encontros ou at\u00e9 mesmo para um dia no trabalho, esse [&hellip;]<\/p>\n","protected":false},"featured_media":23182,"comment_status":"open","ping_status":"closed","template":"","meta":{"_kadence_starter_templates_imported_post":false},"product_brand":[],"product_cat":[580,293,703,503,45],"product_tag":[704,188,305],"class_list":{"0":"post-23179","1":"product","2":"type-product","3":"status-publish","4":"has-post-thumbnail","6":"product_cat-destaques","7":"product_cat-feminino","8":"product_cat-lorilima","9":"product_cat-medidas-padrao-feminina-roupas-em-geral","10":"product_cat-shorts-femininos","11":"product_tag-lorilima","12":"product_tag-moda-feminina","13":"product_tag-shorts","15":"first","16":"instock","17":"shipping-taxable","18":"purchasable","19":"product-type-variable"},"_links":{"self":[{"href":"https:\/\/sfashionaccessories.com\/index.php?rest_route=\/wp\/v2\/product\/23179","targetHints":{"allow":["GET"]}}],"collection":[{"href":"https:\/\/sfashionaccessories.com\/index.php?rest_route=\/wp\/v2\/product"}],"about":[{"href":"https:\/\/sfashionaccessories.com\/index.php?rest_route=\/wp\/v2\/types\/product"}],"replies":[{"embeddable":true,"href":"https:\/\/sfashionaccessories.com\/index.php?rest_route=%2Fwp%2Fv2%2Fcomments&post=23179"}],"wp:featuredmedia":[{"embeddable":true,"href":"https:\/\/sfashionaccessories.com\/index.php?rest_route=\/wp\/v2\/media\/23182"}],"wp:attachment":[{"href":"https:\/\/sfashionaccessories.com\/index.php?rest_route=%2Fwp%2Fv2%2Fmedia&parent=23179"}],"wp:term":[{"taxonomy":"product_brand","embeddable":true,"href":"https:\/\/sfashionaccessories.com\/index.php?rest_route=%2Fwp%2Fv2%2Fproduct_brand&post=23179"},{"taxonomy":"product_cat","embeddable":true,"href":"https:\/\/sfashionaccessories.com\/index.php?rest_route=%2Fwp%2Fv2%2Fproduct_cat&post=23179"},{"taxonomy":"product_tag","embeddable":true,"href":"https:\/\/sfashionaccessories.com\/index.php?rest_route=%2Fwp%2Fv2%2Fproduct_tag&post=23179"}],"curies":[{"name":"wp","href":"https:\/\/api.w.org\/{rel}","templated":true}]}}