{"id":23219,"date":"2025-09-10T01:38:09","date_gmt":"2025-09-09T16:38:09","guid":{"rendered":"https:\/\/sfashionaccessories.com\/?post_type=product&#038;p=23219"},"modified":"2025-09-10T01:38:09","modified_gmt":"2025-09-09T16:38:09","slug":"camisola-cecile-demillus-030449-decote-em-renda","status":"publish","type":"product","link":"https:\/\/sfashionaccessories.com\/?product=camisola-cecile-demillus-030449-decote-em-renda","title":{"rendered":"Camisola Cecile DeMillus 030449 Decote em Renda"},"content":{"rendered":"<p>Demillus Camisola Cecile ,<\/p>\n<p>lingerie em\u00a0 microfibra el\u00e1stica soft, super macia.<br \/>\nDecote em renda el\u00e1stica.<br \/>\nCom toque de p\u00eassego.<\/p>\n","protected":false},"excerpt":{"rendered":"<p>Demillus Camisola Cecile , lingerie em\u00a0 microfibra el\u00e1stica soft, super macia. Decote em renda el\u00e1stica. Com toque de p\u00eassego.<\/p>\n","protected":false},"featured_media":23224,"comment_status":"open","ping_status":"closed","template":"","meta":{"_kadence_starter_templates_imported_post":false},"product_brand":[],"product_cat":[670,268,580,293,29],"product_tag":[413,266,267],"class_list":{"0":"post-23219","1":"product","2":"type-product","3":"status-publish","4":"has-post-thumbnail","6":"product_cat-camisola","7":"product_cat-demillus","8":"product_cat-destaques","9":"product_cat-feminino","10":"product_cat-lingeries","11":"product_tag-camisola","12":"product_tag-demillus","13":"product_tag-lingerie","15":"first","16":"instock","17":"shipping-taxable","18":"purchasable","19":"product-type-variable"},"_links":{"self":[{"href":"https:\/\/sfashionaccessories.com\/index.php?rest_route=\/wp\/v2\/product\/23219","targetHints":{"allow":["GET"]}}],"collection":[{"href":"https:\/\/sfashionaccessories.com\/index.php?rest_route=\/wp\/v2\/product"}],"about":[{"href":"https:\/\/sfashionaccessories.com\/index.php?rest_route=\/wp\/v2\/types\/product"}],"replies":[{"embeddable":true,"href":"https:\/\/sfashionaccessories.com\/index.php?rest_route=%2Fwp%2Fv2%2Fcomments&post=23219"}],"wp:featuredmedia":[{"embeddable":true,"href":"https:\/\/sfashionaccessories.com\/index.php?rest_route=\/wp\/v2\/media\/23224"}],"wp:attachment":[{"href":"https:\/\/sfashionaccessories.com\/index.php?rest_route=%2Fwp%2Fv2%2Fmedia&parent=23219"}],"wp:term":[{"taxonomy":"product_brand","embeddable":true,"href":"https:\/\/sfashionaccessories.com\/index.php?rest_route=%2Fwp%2Fv2%2Fproduct_brand&post=23219"},{"taxonomy":"product_cat","embeddable":true,"href":"https:\/\/sfashionaccessories.com\/index.php?rest_route=%2Fwp%2Fv2%2Fproduct_cat&post=23219"},{"taxonomy":"product_tag","embeddable":true,"href":"https:\/\/sfashionaccessories.com\/index.php?rest_route=%2Fwp%2Fv2%2Fproduct_tag&post=23219"}],"curies":[{"name":"wp","href":"https:\/\/api.w.org\/{rel}","templated":true}]}}