{"id":23252,"date":"2025-09-10T19:09:06","date_gmt":"2025-09-10T10:09:06","guid":{"rendered":"https:\/\/sfashionaccessories.com\/?post_type=product&#038;p=23252"},"modified":"2026-02-18T15:26:25","modified_gmt":"2026-02-18T06:26:25","slug":"calca-cavada-grenade-demillus-56110","status":"publish","type":"product","link":"https:\/\/sfashionaccessories.com\/?product=calca-cavada-grenade-demillus-56110","title":{"rendered":"Cal\u00e7a Cavada Grenade DeMillus 56110"},"content":{"rendered":"<div class=\"sc-iGgWBj hZQAA-D sc-jwunkD dBWfQF\" data-testid=\"product-detail\">\n<p><span class=\"sc-dcJsrY jZKEso\" data-testid=\"product-detail-title\">Calcinha Cal\u00e7a Cavada Grenade DeMillus 56110<\/span><\/p>\n<div class=\"sc-iGgWBj jEOEJZ sc-cQYSec iIiVcO\" data-testid=\"product-detail-description\">\n<div class=\"sc-iGgWBj eWtIHQ sc-ddrdZi kFYyJS\" data-testid=\"rich-content-container\">\n<p>Calcinha Cal\u00e7a Cavada Grenade DeMillus ,Leve, confort\u00e1vel e super el\u00e1stica. Em viscose el\u00e1stica. Tamanho \u00danico (veste PE a XG).<\/p>\n<p>A modelagem dos produtos DeMillus \u00e9 pequena, por isso aconselhamos sempre verificar a tabela de medidas para comprar no tamanho certo.<\/p>\n<\/div>\n<\/div>\n<\/div>\n<div class=\"sc-iGgWBj eWtIHQ\" data-testid=\"lazyload-container\"><\/div>\n","protected":false},"excerpt":{"rendered":"<p>Calcinha Cal\u00e7a Cavada Grenade DeMillus 56110 Calcinha Cal\u00e7a Cavada Grenade DeMillus ,Leve, confort\u00e1vel e super el\u00e1stica. Em viscose el\u00e1stica. Tamanho \u00danico (veste PE a XG). A modelagem dos produtos DeMillus \u00e9 pequena, por isso aconselhamos sempre verificar a tabela de medidas para comprar no tamanho certo.<\/p>\n","protected":false},"featured_media":23255,"comment_status":"open","ping_status":"closed","template":"","meta":{"_kadence_starter_templates_imported_post":false},"product_brand":[],"product_cat":[215,268,293,29],"product_tag":[365,266,458],"class_list":{"0":"post-23252","1":"product","2":"type-product","3":"status-publish","4":"has-post-thumbnail","6":"product_cat-calcinhas-tangas-fio-dental","7":"product_cat-demillus","8":"product_cat-feminino","9":"product_cat-lingeries","10":"product_tag-calcinha-cavada","11":"product_tag-demillus","12":"product_tag-lingeries","14":"first","15":"instock","16":"sale","17":"shipping-taxable","18":"purchasable","19":"product-type-variable"},"_links":{"self":[{"href":"https:\/\/sfashionaccessories.com\/index.php?rest_route=\/wp\/v2\/product\/23252","targetHints":{"allow":["GET"]}}],"collection":[{"href":"https:\/\/sfashionaccessories.com\/index.php?rest_route=\/wp\/v2\/product"}],"about":[{"href":"https:\/\/sfashionaccessories.com\/index.php?rest_route=\/wp\/v2\/types\/product"}],"replies":[{"embeddable":true,"href":"https:\/\/sfashionaccessories.com\/index.php?rest_route=%2Fwp%2Fv2%2Fcomments&post=23252"}],"wp:featuredmedia":[{"embeddable":true,"href":"https:\/\/sfashionaccessories.com\/index.php?rest_route=\/wp\/v2\/media\/23255"}],"wp:attachment":[{"href":"https:\/\/sfashionaccessories.com\/index.php?rest_route=%2Fwp%2Fv2%2Fmedia&parent=23252"}],"wp:term":[{"taxonomy":"product_brand","embeddable":true,"href":"https:\/\/sfashionaccessories.com\/index.php?rest_route=%2Fwp%2Fv2%2Fproduct_brand&post=23252"},{"taxonomy":"product_cat","embeddable":true,"href":"https:\/\/sfashionaccessories.com\/index.php?rest_route=%2Fwp%2Fv2%2Fproduct_cat&post=23252"},{"taxonomy":"product_tag","embeddable":true,"href":"https:\/\/sfashionaccessories.com\/index.php?rest_route=%2Fwp%2Fv2%2Fproduct_tag&post=23252"}],"curies":[{"name":"wp","href":"https:\/\/api.w.org\/{rel}","templated":true}]}}