{"id":23259,"date":"2025-09-10T19:51:24","date_gmt":"2025-09-10T10:51:24","guid":{"rendered":"https:\/\/sfashionaccessories.com\/?post_type=product&#038;p=23259"},"modified":"2026-04-13T20:10:42","modified_gmt":"2026-04-13T11:10:42","slug":"coloracao-creme-louro-medio-70","status":"publish","type":"product","link":"https:\/\/sfashionaccessories.com\/?product=coloracao-creme-louro-medio-70","title":{"rendered":"Colora\u00e7\u00e3o Creme Louro M\u00e9dio 70"},"content":{"rendered":"<ul>\n<li>Colora\u00e7\u00e3o creme. 100% cobertura dos fios brancos<\/li>\n<li>100% cor intensa, hidratante e luminosa<\/li>\n<li>Hidrata t\u00e3o intensamente quanto colore<\/li>\n<li>Real\u00e7a os 7 sinais de um cabelo saud\u00e1vel<\/li>\n<li>Com tecnologia de resist\u00eancia \u00e0 \u00e1gua<\/li>\n<li>Com fragr\u00e2ncia floral<\/li>\n<\/ul>\n","protected":false},"excerpt":{"rendered":"<p>Colora\u00e7\u00e3o creme. 100% cobertura dos fios brancos 100% cor intensa, hidratante e luminosa Hidrata t\u00e3o intensamente quanto colore Real\u00e7a os 7 sinais de um cabelo saud\u00e1vel Com tecnologia de resist\u00eancia \u00e0 \u00e1gua Com fragr\u00e2ncia floral<\/p>\n","protected":false},"featured_media":23263,"comment_status":"open","ping_status":"closed","template":"","meta":{"_kadence_starter_templates_imported_post":false},"product_brand":[],"product_cat":[544,206,744,859,591],"product_tag":[272,545,1036,585],"class_list":{"0":"post-23259","1":"product","2":"type-product","3":"status-publish","4":"has-post-thumbnail","6":"product_cat-coloracao-tintura","7":"product_cat-cosmeticos-cremes-hidradantesperfumes","8":"product_cat-tintura","9":"product_cat-tintura-de-cabelo","10":"product_cat-wella","11":"product_tag-cosmeticos","12":"product_tag-koleston","13":"product_tag-tinta-para-cabelos","14":"product_tag-wella","16":"first","17":"instock","18":"shipping-taxable","19":"purchasable","20":"product-type-simple"},"_links":{"self":[{"href":"https:\/\/sfashionaccessories.com\/index.php?rest_route=\/wp\/v2\/product\/23259","targetHints":{"allow":["GET"]}}],"collection":[{"href":"https:\/\/sfashionaccessories.com\/index.php?rest_route=\/wp\/v2\/product"}],"about":[{"href":"https:\/\/sfashionaccessories.com\/index.php?rest_route=\/wp\/v2\/types\/product"}],"replies":[{"embeddable":true,"href":"https:\/\/sfashionaccessories.com\/index.php?rest_route=%2Fwp%2Fv2%2Fcomments&post=23259"}],"wp:featuredmedia":[{"embeddable":true,"href":"https:\/\/sfashionaccessories.com\/index.php?rest_route=\/wp\/v2\/media\/23263"}],"wp:attachment":[{"href":"https:\/\/sfashionaccessories.com\/index.php?rest_route=%2Fwp%2Fv2%2Fmedia&parent=23259"}],"wp:term":[{"taxonomy":"product_brand","embeddable":true,"href":"https:\/\/sfashionaccessories.com\/index.php?rest_route=%2Fwp%2Fv2%2Fproduct_brand&post=23259"},{"taxonomy":"product_cat","embeddable":true,"href":"https:\/\/sfashionaccessories.com\/index.php?rest_route=%2Fwp%2Fv2%2Fproduct_cat&post=23259"},{"taxonomy":"product_tag","embeddable":true,"href":"https:\/\/sfashionaccessories.com\/index.php?rest_route=%2Fwp%2Fv2%2Fproduct_tag&post=23259"}],"curies":[{"name":"wp","href":"https:\/\/api.w.org\/{rel}","templated":true}]}}