{"id":23281,"date":"2025-09-13T14:31:01","date_gmt":"2025-09-13T05:31:01","guid":{"rendered":"https:\/\/sfashionaccessories.com\/?post_type=product&#038;p=23281"},"modified":"2026-02-22T15:24:55","modified_gmt":"2026-02-22T06:24:55","slug":"shampoo-eudora-siage-pro-cronology-curvas-250ml","status":"publish","type":"product","link":"https:\/\/sfashionaccessories.com\/?product=shampoo-eudora-siage-pro-cronology-curvas-250ml","title":{"rendered":"Shampoo Eudora Siage Pro Cronology Curvas 250ml"},"content":{"rendered":"<p>O Shampoo Si\u00e0ge Pro Cronology de Eudora \u00e9 a escolha perfeita para quem busca uma verdadeira renova\u00e7\u00e3o capilar! Com tecnologia exclusiva e alta performance, ele limpa suavemente os fios enquanto trata profundamente, recuperando a sa\u00fade dos cabelos desde a primeira aplica\u00e7\u00e3o.<br \/>\nEstimula o crescimento saud\u00e1vel<br \/>\nFortalece a fibra capilar<br \/>\nDevolve brilho, maciez e vitalidade.<\/p>\n<p>Sua f\u00f3rmula cont\u00e9m o inovador Pro Conect 5, um complexo de ativos poderosos que reparam danos, restauram a densidade dos fios e proporcionam fios mais fortes e resistentes.<\/p>\n","protected":false},"excerpt":{"rendered":"<p>O Shampoo Si\u00e0ge Pro Cronology de Eudora \u00e9 a escolha perfeita para quem busca uma verdadeira renova\u00e7\u00e3o capilar! Com tecnologia exclusiva e alta performance, ele limpa suavemente os fios enquanto trata profundamente, recuperando a sa\u00fade dos cabelos desde a primeira aplica\u00e7\u00e3o. Estimula o crescimento saud\u00e1vel Fortalece a fibra capilar Devolve brilho, maciez e vitalidade. Sua [&hellip;]<\/p>\n","protected":false},"featured_media":23283,"comment_status":"open","ping_status":"closed","template":"","meta":{"_kadence_starter_templates_imported_post":false},"product_brand":[],"product_cat":[206,790,865],"product_tag":[272,791,126],"class_list":{"0":"post-23281","1":"product","2":"type-product","3":"status-publish","4":"has-post-thumbnail","6":"product_cat-cosmeticos-cremes-hidradantesperfumes","7":"product_cat-eudora","8":"product_cat-shampoo-e-condicionador-eudora","9":"product_tag-cosmeticos","10":"product_tag-eudora","11":"product_tag-shampoo","13":"first","14":"instock","15":"shipping-taxable","16":"purchasable","17":"product-type-simple"},"_links":{"self":[{"href":"https:\/\/sfashionaccessories.com\/index.php?rest_route=\/wp\/v2\/product\/23281","targetHints":{"allow":["GET"]}}],"collection":[{"href":"https:\/\/sfashionaccessories.com\/index.php?rest_route=\/wp\/v2\/product"}],"about":[{"href":"https:\/\/sfashionaccessories.com\/index.php?rest_route=\/wp\/v2\/types\/product"}],"replies":[{"embeddable":true,"href":"https:\/\/sfashionaccessories.com\/index.php?rest_route=%2Fwp%2Fv2%2Fcomments&post=23281"}],"wp:featuredmedia":[{"embeddable":true,"href":"https:\/\/sfashionaccessories.com\/index.php?rest_route=\/wp\/v2\/media\/23283"}],"wp:attachment":[{"href":"https:\/\/sfashionaccessories.com\/index.php?rest_route=%2Fwp%2Fv2%2Fmedia&parent=23281"}],"wp:term":[{"taxonomy":"product_brand","embeddable":true,"href":"https:\/\/sfashionaccessories.com\/index.php?rest_route=%2Fwp%2Fv2%2Fproduct_brand&post=23281"},{"taxonomy":"product_cat","embeddable":true,"href":"https:\/\/sfashionaccessories.com\/index.php?rest_route=%2Fwp%2Fv2%2Fproduct_cat&post=23281"},{"taxonomy":"product_tag","embeddable":true,"href":"https:\/\/sfashionaccessories.com\/index.php?rest_route=%2Fwp%2Fv2%2Fproduct_tag&post=23281"}],"curies":[{"name":"wp","href":"https:\/\/api.w.org\/{rel}","templated":true}]}}