{"id":23284,"date":"2025-09-13T14:30:39","date_gmt":"2025-09-13T05:30:39","guid":{"rendered":"https:\/\/sfashionaccessories.com\/?post_type=product&#038;p=23284"},"modified":"2026-02-22T23:13:54","modified_gmt":"2026-02-22T14:13:54","slug":"condicionador-eudora-siage-pro-cronology-curvas-250ml","status":"publish","type":"product","link":"https:\/\/sfashionaccessories.com\/?product=condicionador-eudora-siage-pro-cronology-curvas-250ml","title":{"rendered":"Condicionador Eudora Si\u00e0ge Pro Cronology Curvas 250ml"},"content":{"rendered":"<p>O Condicionador Si\u00e0ge Pro Cronology foi desenvolvido para um tratamento capilar completo, que recupera a vitalidade dos fios desde a primeira aplica\u00e7\u00e3o. Sua f\u00f3rmula exclusiva conta com tecnologia de multirreposi\u00e7\u00e3o, que rep\u00f5e os nutrientes essenciais, proporcionando for\u00e7a, brilho, maciez e resist\u00eancia. Ideal para todos os tipos de cabelo, especialmente para fios danificados ou sem vida.<br \/>\nBenef\u00edcios:<br \/>\nHidrata profundamente sem pesar.<br \/>\nDevolve a vitalidade e a sa\u00fade dos cabelos.<br \/>\nProporciona brilho intenso e toque macio.<br \/>\nFortalece os fios, deixando-os mais resistentes \u00e0 quebra.<\/p>\n","protected":false},"excerpt":{"rendered":"<p>O Condicionador Si\u00e0ge Pro Cronology foi desenvolvido para um tratamento capilar completo, que recupera a vitalidade dos fios desde a primeira aplica\u00e7\u00e3o. Sua f\u00f3rmula exclusiva conta com tecnologia de multirreposi\u00e7\u00e3o, que rep\u00f5e os nutrientes essenciais, proporcionando for\u00e7a, brilho, maciez e resist\u00eancia. Ideal para todos os tipos de cabelo, especialmente para fios danificados ou sem vida. [&hellip;]<\/p>\n","protected":false},"featured_media":23286,"comment_status":"open","ping_status":"closed","template":"","meta":{"_kadence_starter_templates_imported_post":false},"product_brand":[],"product_cat":[206,790,865],"product_tag":[272,791,285],"class_list":{"0":"post-23284","1":"product","2":"type-product","3":"status-publish","4":"has-post-thumbnail","6":"product_cat-cosmeticos-cremes-hidradantesperfumes","7":"product_cat-eudora","8":"product_cat-shampoo-e-condicionador-eudora","9":"product_tag-cosmeticos","10":"product_tag-eudora","11":"product_tag-shampoo-e-condicionador","13":"first","14":"instock","15":"shipping-taxable","16":"purchasable","17":"product-type-simple"},"_links":{"self":[{"href":"https:\/\/sfashionaccessories.com\/index.php?rest_route=\/wp\/v2\/product\/23284","targetHints":{"allow":["GET"]}}],"collection":[{"href":"https:\/\/sfashionaccessories.com\/index.php?rest_route=\/wp\/v2\/product"}],"about":[{"href":"https:\/\/sfashionaccessories.com\/index.php?rest_route=\/wp\/v2\/types\/product"}],"replies":[{"embeddable":true,"href":"https:\/\/sfashionaccessories.com\/index.php?rest_route=%2Fwp%2Fv2%2Fcomments&post=23284"}],"wp:featuredmedia":[{"embeddable":true,"href":"https:\/\/sfashionaccessories.com\/index.php?rest_route=\/wp\/v2\/media\/23286"}],"wp:attachment":[{"href":"https:\/\/sfashionaccessories.com\/index.php?rest_route=%2Fwp%2Fv2%2Fmedia&parent=23284"}],"wp:term":[{"taxonomy":"product_brand","embeddable":true,"href":"https:\/\/sfashionaccessories.com\/index.php?rest_route=%2Fwp%2Fv2%2Fproduct_brand&post=23284"},{"taxonomy":"product_cat","embeddable":true,"href":"https:\/\/sfashionaccessories.com\/index.php?rest_route=%2Fwp%2Fv2%2Fproduct_cat&post=23284"},{"taxonomy":"product_tag","embeddable":true,"href":"https:\/\/sfashionaccessories.com\/index.php?rest_route=%2Fwp%2Fv2%2Fproduct_tag&post=23284"}],"curies":[{"name":"wp","href":"https:\/\/api.w.org\/{rel}","templated":true}]}}