{"id":23292,"date":"2025-09-13T15:07:05","date_gmt":"2025-09-13T06:07:05","guid":{"rendered":"https:\/\/sfashionaccessories.com\/?post_type=product&#038;p=23292"},"modified":"2026-04-17T18:43:06","modified_gmt":"2026-04-17T09:43:06","slug":"eudora-siage-pro-cronology-curvas-volume-creme-de-pentear","status":"publish","type":"product","link":"https:\/\/sfashionaccessories.com\/?product=eudora-siage-pro-cronology-curvas-volume-creme-de-pentear","title":{"rendered":"Eudora Si\u00e0ge Pro Cronology Curvas Volume Creme de Pentear"},"content":{"rendered":"<p>Descubra o poder transformador do Eudora Si\u00e0ge Pro Cronology Curvas Volume Creme de Pentear, um verdadeiro aliado para quem busca cabelos cacheados e crespos sempre impec\u00e1veis. Este creme para pentear foi especialmente formulado para proporcionar maciez e movimento \u00e0s suas madeixas, desde a finaliza\u00e7\u00e3o at\u00e9 o day after, atendendo com precis\u00e3o \u00e0s necessidades das curvaturas do tipo 3A ao 4C. Um produto de tratamento capilar desenhado para oferecer cuidados intensivos a cabelos cacheados e crespos. Este creme proporciona uma finaliza\u00e7\u00e3o perfeita e reativa os cachos, garantindo 24 horas de hidrata\u00e7\u00e3o. \u00c9 ideal para ser utilizado tanto na finaliza\u00e7\u00e3o ap\u00f3s a lavagem quanto no day after, mantendo seus fios definidos e com menos frizz. Com a exclusiva Biotecnologia Affinit\u00e9 4D, ele detecta os danos nos fios e libera os ativos gradualmente, promovendo um tratamento profundo e duradouro.<\/p>\n","protected":false},"excerpt":{"rendered":"<p>Descubra o poder transformador do Eudora Si\u00e0ge Pro Cronology Curvas Volume Creme de Pentear, um verdadeiro aliado para quem busca cabelos cacheados e crespos sempre impec\u00e1veis. Este creme para pentear foi especialmente formulado para proporcionar maciez e movimento \u00e0s suas madeixas, desde a finaliza\u00e7\u00e3o at\u00e9 o day after, atendendo com precis\u00e3o \u00e0s necessidades das curvaturas [&hellip;]<\/p>\n","protected":false},"featured_media":23291,"comment_status":"open","ping_status":"closed","template":"","meta":{"_kadence_starter_templates_imported_post":false},"product_brand":[],"product_cat":[465,204,206,790],"product_tag":[181,272,1038,791,1009,299],"class_list":{"0":"post-23292","1":"product","2":"type-product","3":"status-publish","4":"has-post-thumbnail","6":"product_cat-anuncios","7":"product_cat-matizador-sampoo-condicionador-hidratante","8":"product_cat-cosmeticos-cremes-hidradantesperfumes","9":"product_cat-eudora","10":"product_tag-cabelo","11":"product_tag-cosmeticos","12":"product_tag-creme-para-pentear","13":"product_tag-eudora","14":"product_tag-siage","15":"product_tag-tratamento","17":"first","18":"instock","19":"shipping-taxable","20":"purchasable","21":"product-type-simple"},"_links":{"self":[{"href":"https:\/\/sfashionaccessories.com\/index.php?rest_route=\/wp\/v2\/product\/23292","targetHints":{"allow":["GET"]}}],"collection":[{"href":"https:\/\/sfashionaccessories.com\/index.php?rest_route=\/wp\/v2\/product"}],"about":[{"href":"https:\/\/sfashionaccessories.com\/index.php?rest_route=\/wp\/v2\/types\/product"}],"replies":[{"embeddable":true,"href":"https:\/\/sfashionaccessories.com\/index.php?rest_route=%2Fwp%2Fv2%2Fcomments&post=23292"}],"wp:featuredmedia":[{"embeddable":true,"href":"https:\/\/sfashionaccessories.com\/index.php?rest_route=\/wp\/v2\/media\/23291"}],"wp:attachment":[{"href":"https:\/\/sfashionaccessories.com\/index.php?rest_route=%2Fwp%2Fv2%2Fmedia&parent=23292"}],"wp:term":[{"taxonomy":"product_brand","embeddable":true,"href":"https:\/\/sfashionaccessories.com\/index.php?rest_route=%2Fwp%2Fv2%2Fproduct_brand&post=23292"},{"taxonomy":"product_cat","embeddable":true,"href":"https:\/\/sfashionaccessories.com\/index.php?rest_route=%2Fwp%2Fv2%2Fproduct_cat&post=23292"},{"taxonomy":"product_tag","embeddable":true,"href":"https:\/\/sfashionaccessories.com\/index.php?rest_route=%2Fwp%2Fv2%2Fproduct_tag&post=23292"}],"curies":[{"name":"wp","href":"https:\/\/api.w.org\/{rel}","templated":true}]}}