{"id":23309,"date":"2025-09-13T15:46:53","date_gmt":"2025-09-13T06:46:53","guid":{"rendered":"https:\/\/sfashionaccessories.com\/?post_type=product&#038;p=23309"},"modified":"2026-02-21T19:29:04","modified_gmt":"2026-02-21T10:29:04","slug":"her-code-climax-eau-de-parfum-50ml","status":"publish","type":"product","link":"https:\/\/sfashionaccessories.com\/?product=her-code-climax-eau-de-parfum-50ml","title":{"rendered":"Her Code Cl\u00edmax Eau de Parfum 50ml"},"content":{"rendered":"<p>Her Code Cl\u00edmax Eau de Parfum 50ml O c\u00f3digo para voc\u00ea se abrir para o seu prazer sem julgamentos! Her Code O Botic\u00e1rio incentiva as mulheres a se libertarem para novas possibilidades em busca de seu prazer. Her Code Cl\u00edmax Eau de Parfum \u00e9 um convite misterioso que liberta a sua confian\u00e7a, te estimulando te estimulando a entregar-se ao \u00e1pice do seu prazer. Uma explos\u00e3o de sensa\u00e7\u00f5es que provoca um sentimento \u00fanico. Este amadeirado feminino combina o exclusivo C\u00f3digo Secreto, acorde olfativo \u00fanico e instigante, ao prazer aditivo do Chocolate Noir*, que comprovadamente desperta a \u00e1gua na boca, envolvidos pela feminilidade e \u00e0 for\u00e7a do S\u00e2ndalo, revelando nuances misteriosas, intensas e inebriantes que estimulam o prazer feminino. Criada pela renomada perfumista Louise Turner ,Her Code Cl\u00edmax \u00e9 a primeira fragr\u00e2ncia do mundo com Tecnologia Ch\u00e9riScentzTM que comprovadamente desperta sua sensualidade.** Eau de Parfum que apresenta uma intensidade olfativa entre um perfume e um desodorante col\u00f4nia, se une a ingredientes nobres, criando um rastro poderoso e inesquec\u00edvel. \u00c9 o equil\u00edbrio entre intensidade e sofistica\u00e7\u00e3o para quem deseja deixar a sua marca por onde passa. O frasco, em formato de cadeado com a al\u00e7a na cor vermelha, intensifica toda a sua sensualidade, com o ar do mist\u00e9rio e os c\u00f3digos de sofistica\u00e7\u00e3o da linha. Como o sussurro de um segredo irresist\u00edvel, a embalagem segreda uma fragr\u00e2ncia conectada: frasco com tecnologia que te leva a uma experi\u00eancia digital imersiva, O Her Code Hotel, com conte\u00fados sobre prazer feminino que te estimulam a descobrir novas possibilidades em busca do seu prazer. Aproxime seu smartphone no topo do frasco e tenha acesso exclusivo ao portal. Her code. O prazer \u00e9 feminino. O prazer \u00e9 todo seu. Fam\u00edlia Olfativa: Amadeirado Gourmand<\/p>\n","protected":false},"excerpt":{"rendered":"<p>Her Code Cl\u00edmax Eau de Parfum 50ml O c\u00f3digo para voc\u00ea se abrir para o seu prazer sem julgamentos! Her Code O Botic\u00e1rio incentiva as mulheres a se libertarem para novas possibilidades em busca de seu prazer. Her Code Cl\u00edmax Eau de Parfum \u00e9 um convite misterioso que liberta a sua confian\u00e7a, te estimulando te [&hellip;]<\/p>\n","protected":false},"featured_media":23315,"comment_status":"open","ping_status":"closed","template":"","meta":{"_kadence_starter_templates_imported_post":false},"product_brand":[],"product_cat":[206,282,295],"product_tag":[272,284,233],"class_list":{"0":"post-23309","1":"product","2":"type-product","3":"status-publish","4":"has-post-thumbnail","6":"product_cat-cosmeticos-cremes-hidradantesperfumes","7":"product_cat-o-boticario","8":"product_cat-o-boticario-2","9":"product_tag-cosmeticos","10":"product_tag-o-boticario","11":"product_tag-perfume","13":"first","14":"instock","15":"sale","16":"shipping-taxable","17":"purchasable","18":"product-type-simple"},"_links":{"self":[{"href":"https:\/\/sfashionaccessories.com\/index.php?rest_route=\/wp\/v2\/product\/23309","targetHints":{"allow":["GET"]}}],"collection":[{"href":"https:\/\/sfashionaccessories.com\/index.php?rest_route=\/wp\/v2\/product"}],"about":[{"href":"https:\/\/sfashionaccessories.com\/index.php?rest_route=\/wp\/v2\/types\/product"}],"replies":[{"embeddable":true,"href":"https:\/\/sfashionaccessories.com\/index.php?rest_route=%2Fwp%2Fv2%2Fcomments&post=23309"}],"wp:featuredmedia":[{"embeddable":true,"href":"https:\/\/sfashionaccessories.com\/index.php?rest_route=\/wp\/v2\/media\/23315"}],"wp:attachment":[{"href":"https:\/\/sfashionaccessories.com\/index.php?rest_route=%2Fwp%2Fv2%2Fmedia&parent=23309"}],"wp:term":[{"taxonomy":"product_brand","embeddable":true,"href":"https:\/\/sfashionaccessories.com\/index.php?rest_route=%2Fwp%2Fv2%2Fproduct_brand&post=23309"},{"taxonomy":"product_cat","embeddable":true,"href":"https:\/\/sfashionaccessories.com\/index.php?rest_route=%2Fwp%2Fv2%2Fproduct_cat&post=23309"},{"taxonomy":"product_tag","embeddable":true,"href":"https:\/\/sfashionaccessories.com\/index.php?rest_route=%2Fwp%2Fv2%2Fproduct_tag&post=23309"}],"curies":[{"name":"wp","href":"https:\/\/api.w.org\/{rel}","templated":true}]}}