{"id":23379,"date":"2025-09-15T17:36:59","date_gmt":"2025-09-15T08:36:59","guid":{"rendered":"https:\/\/sfashionaccessories.com\/?post_type=product&#038;p=23379"},"modified":"2026-02-18T15:26:47","modified_gmt":"2026-02-18T06:26:47","slug":"quintess-blusa-verde-em-crepe-plano","status":"publish","type":"product","link":"https:\/\/sfashionaccessories.com\/?product=quintess-blusa-verde-em-crepe-plano","title":{"rendered":"Quintess &#8211; Blusa Verde em Crepe Plano- 3817 373"},"content":{"rendered":"<div id=\"description-title\" class=\"sc-cIShpX sc-cmTdod efsoyi\">\n<div class=\"sc-kafWEX eiFAJH\">\n<h2 class=\"sc-gzVnrw lrNY\">Descri\u00e7\u00e3o<\/h2>\n<\/div>\n<\/div>\n<div id=\"description\" class=\"sc-cIShpX sc-cmTdod iDfloY\">\n<div class=\"sc-kafWEX eiFAJH\">\n<p class=\"sc-jKJlTe dYPBOP\">Blusa verde, modelagem solta, decote frente v, comprimento midi, material crepe plano.<\/p>\n<p class=\"sc-jKJlTe cGBiRv\">Modelagem: Solta<\/p>\n<p class=\"sc-jKJlTe cGBiRv\">Decote frente: V<\/p>\n<p class=\"sc-jKJlTe cGBiRv\">Decote costas: Redondo<\/p>\n<p class=\"sc-jKJlTe cGBiRv\">Complemento: Detalhe para amarrar;<\/p>\n<p class=\"sc-jKJlTe cGBiRv\">Comprimento: Midi<\/p>\n<p class=\"sc-jKJlTe cGBiRv\">Fechamento: Em alamar<\/p>\n<p class=\"sc-jKJlTe cGBiRv\">Material: Crepe Plano<\/p>\n<p class=\"sc-jKJlTe cGBiRv\">Esta\u00e7\u00e3o: Ano Inteiro<\/p>\n<p class=\"sc-jKJlTe cGBiRv\">Situa\u00e7\u00e3o de Uso: Casual<\/p>\n<\/div>\n<\/div>\n","protected":false},"excerpt":{"rendered":"<p>Descri\u00e7\u00e3o Blusa verde, modelagem solta, decote frente v, comprimento midi, material crepe plano. Modelagem: Solta Decote frente: V Decote costas: Redondo Complemento: Detalhe para amarrar; Comprimento: Midi Fechamento: Em alamar Material: Crepe Plano Esta\u00e7\u00e3o: Ano Inteiro Situa\u00e7\u00e3o de Uso: Casual<\/p>\n","protected":false},"featured_media":23396,"comment_status":"open","ping_status":"closed","template":"","meta":{"_kadence_starter_templates_imported_post":false},"product_brand":[],"product_cat":[172,43,508,293,750],"product_tag":[189,395,908],"class_list":{"0":"post-23379","1":"product","2":"type-product","3":"status-publish","4":"has-post-thumbnail","6":"product_cat-blusas-tops-e-camisetas","7":"product_cat-blusas-camisetas-femininas","8":"product_cat-calcas-femininas","9":"product_cat-feminino","10":"product_cat-quintess","11":"product_tag-blusas","12":"product_tag-feminino","13":"product_tag-quintess","15":"first","16":"instock","17":"shipping-taxable","18":"purchasable","19":"product-type-variable"},"_links":{"self":[{"href":"https:\/\/sfashionaccessories.com\/index.php?rest_route=\/wp\/v2\/product\/23379","targetHints":{"allow":["GET"]}}],"collection":[{"href":"https:\/\/sfashionaccessories.com\/index.php?rest_route=\/wp\/v2\/product"}],"about":[{"href":"https:\/\/sfashionaccessories.com\/index.php?rest_route=\/wp\/v2\/types\/product"}],"replies":[{"embeddable":true,"href":"https:\/\/sfashionaccessories.com\/index.php?rest_route=%2Fwp%2Fv2%2Fcomments&post=23379"}],"wp:featuredmedia":[{"embeddable":true,"href":"https:\/\/sfashionaccessories.com\/index.php?rest_route=\/wp\/v2\/media\/23396"}],"wp:attachment":[{"href":"https:\/\/sfashionaccessories.com\/index.php?rest_route=%2Fwp%2Fv2%2Fmedia&parent=23379"}],"wp:term":[{"taxonomy":"product_brand","embeddable":true,"href":"https:\/\/sfashionaccessories.com\/index.php?rest_route=%2Fwp%2Fv2%2Fproduct_brand&post=23379"},{"taxonomy":"product_cat","embeddable":true,"href":"https:\/\/sfashionaccessories.com\/index.php?rest_route=%2Fwp%2Fv2%2Fproduct_cat&post=23379"},{"taxonomy":"product_tag","embeddable":true,"href":"https:\/\/sfashionaccessories.com\/index.php?rest_route=%2Fwp%2Fv2%2Fproduct_tag&post=23379"}],"curies":[{"name":"wp","href":"https:\/\/api.w.org\/{rel}","templated":true}]}}