{"id":23411,"date":"2025-09-17T16:34:48","date_gmt":"2025-09-17T07:34:48","guid":{"rendered":"https:\/\/sfashionaccessories.com\/?post_type=product&#038;p=23411"},"modified":"2026-02-18T15:27:06","modified_gmt":"2026-02-18T06:27:06","slug":"sandalia-vizzano-salto-bloco-6291-1477-28517","status":"publish","type":"product","link":"https:\/\/sfashionaccessories.com\/?product=sandalia-vizzano-salto-bloco-6291-1477-28517","title":{"rendered":"Sand\u00e1lia Vizzano Salto Bloco 6291.1477.28517"},"content":{"rendered":"<p>A Sand\u00e1lia Vizzano Salto Bloco \u00e9 a combina\u00e7\u00e3o perfeita de estilo e conforto. Seu design moderno com salto bloco oferece estabilidade e um toque de sofistica\u00e7\u00e3o, tornando-a ideal para diversas ocasi\u00f5es. Feita com materiais de alta qualidade, garante durabilidade e eleg\u00e2ncia.<\/p>\n","protected":false},"excerpt":{"rendered":"<p>A Sand\u00e1lia Vizzano Salto Bloco \u00e9 a combina\u00e7\u00e3o perfeita de estilo e conforto. Seu design moderno com salto bloco oferece estabilidade e um toque de sofistica\u00e7\u00e3o, tornando-a ideal para diversas ocasi\u00f5es. Feita com materiais de alta qualidade, garante durabilidade e eleg\u00e2ncia.<\/p>\n","protected":false},"featured_media":23413,"comment_status":"open","ping_status":"closed","template":"","meta":{"_kadence_starter_templates_imported_post":false},"product_brand":[],"product_cat":[46,293,847,536],"product_tag":[311,188,848,434],"class_list":{"0":"post-23411","1":"product","2":"type-product","3":"status-publish","4":"has-post-thumbnail","6":"product_cat-calcados","7":"product_cat-feminino","8":"product_cat-sandalia","9":"product_cat-vizzano","10":"product_tag-calcados","11":"product_tag-moda-feminina","12":"product_tag-sandalia","13":"product_tag-vizzano","15":"first","16":"instock","17":"sale","18":"shipping-taxable","19":"purchasable","20":"product-type-variable"},"_links":{"self":[{"href":"https:\/\/sfashionaccessories.com\/index.php?rest_route=\/wp\/v2\/product\/23411","targetHints":{"allow":["GET"]}}],"collection":[{"href":"https:\/\/sfashionaccessories.com\/index.php?rest_route=\/wp\/v2\/product"}],"about":[{"href":"https:\/\/sfashionaccessories.com\/index.php?rest_route=\/wp\/v2\/types\/product"}],"replies":[{"embeddable":true,"href":"https:\/\/sfashionaccessories.com\/index.php?rest_route=%2Fwp%2Fv2%2Fcomments&post=23411"}],"wp:featuredmedia":[{"embeddable":true,"href":"https:\/\/sfashionaccessories.com\/index.php?rest_route=\/wp\/v2\/media\/23413"}],"wp:attachment":[{"href":"https:\/\/sfashionaccessories.com\/index.php?rest_route=%2Fwp%2Fv2%2Fmedia&parent=23411"}],"wp:term":[{"taxonomy":"product_brand","embeddable":true,"href":"https:\/\/sfashionaccessories.com\/index.php?rest_route=%2Fwp%2Fv2%2Fproduct_brand&post=23411"},{"taxonomy":"product_cat","embeddable":true,"href":"https:\/\/sfashionaccessories.com\/index.php?rest_route=%2Fwp%2Fv2%2Fproduct_cat&post=23411"},{"taxonomy":"product_tag","embeddable":true,"href":"https:\/\/sfashionaccessories.com\/index.php?rest_route=%2Fwp%2Fv2%2Fproduct_tag&post=23411"}],"curies":[{"name":"wp","href":"https:\/\/api.w.org\/{rel}","templated":true}]}}