{"id":23460,"date":"2025-10-10T18:28:59","date_gmt":"2025-10-10T09:28:59","guid":{"rendered":"https:\/\/sfashionaccessories.com\/?post_type=product&#038;p=23460"},"modified":"2025-11-29T16:09:46","modified_gmt":"2025-11-29T07:09:46","slug":"monica-desodorante-colonia-jequiti-25-ml","status":"publish","type":"product","link":"https:\/\/sfashionaccessories.com\/?product=monica-desodorante-colonia-jequiti-25-ml","title":{"rendered":"M\u00f4nica Desodorante Col\u00f4nia Jequiti, 25 ml"},"content":{"rendered":"<p>M\u00f4nica Desodorante Col\u00f4nia &#8211; 25 ml<\/p>\n<p>A ic\u00f4nica personagem M\u00f4nica, que teve o come\u00e7o de sua jornada de brincadeiras nas hist\u00f3rias em quadrinhos, agora possui uma col\u00f4nia que estampa a personagem, trazendo uma fragr\u00e2ncia alegre, onde na sa\u00edda h\u00e1 uma explos\u00e3o de notas frutadas com o morango e framboesa, no corpo temos a floralidade que entra delicadamente junto as notas de fundo de algod\u00e3o doce, baunilha, \u00e2mbar e musk, tornando essa fragr\u00e2ncia t\u00e3o especial quanto a personagem.<\/p>\n<p>A miniatura de 25 ml traz toda a brincadeira das hist\u00f3rias em quadrinho, de onde a personagem foi originada, mostrando toda a alegria e divers\u00e3o da personagem.<\/p>\n<p>Aproveite esta fragr\u00e2ncia frutada e alegre, como se fosse um dia de brincadeiras com a M\u00f4nica e sua turma.<\/p>\n<p>Caminho olfativo: Frutal Vibrante<\/p>\n","protected":false},"excerpt":{"rendered":"<p>M\u00f4nica Desodorante Col\u00f4nia &#8211; 25 ml A ic\u00f4nica personagem M\u00f4nica, que teve o come\u00e7o de sua jornada de brincadeiras nas hist\u00f3rias em quadrinhos, agora possui uma col\u00f4nia que estampa a personagem, trazendo uma fragr\u00e2ncia alegre, onde na sa\u00edda h\u00e1 uma explos\u00e3o de notas frutadas com o morango e framboesa, no corpo temos a floralidade que [&hellip;]<\/p>\n","protected":false},"featured_media":23462,"comment_status":"open","ping_status":"closed","template":"","meta":{"_kadence_starter_templates_imported_post":false},"product_brand":[],"product_cat":[713,206,1040,251],"product_tag":[1044,272,1042,401],"class_list":{"0":"post-23460","1":"product","2":"type-product","3":"status-publish","4":"has-post-thumbnail","6":"product_cat-colonia","7":"product_cat-cosmeticos-cremes-hidradantesperfumes","8":"product_cat-jequiti","9":"product_cat-perfume-perfumes","10":"product_tag-colonia-monica","11":"product_tag-cosmeticos","12":"product_tag-jequiti","13":"product_tag-perfumes","15":"first","16":"instock","17":"featured","18":"shipping-taxable","19":"purchasable","20":"product-type-simple"},"_links":{"self":[{"href":"https:\/\/sfashionaccessories.com\/index.php?rest_route=\/wp\/v2\/product\/23460","targetHints":{"allow":["GET"]}}],"collection":[{"href":"https:\/\/sfashionaccessories.com\/index.php?rest_route=\/wp\/v2\/product"}],"about":[{"href":"https:\/\/sfashionaccessories.com\/index.php?rest_route=\/wp\/v2\/types\/product"}],"replies":[{"embeddable":true,"href":"https:\/\/sfashionaccessories.com\/index.php?rest_route=%2Fwp%2Fv2%2Fcomments&post=23460"}],"wp:featuredmedia":[{"embeddable":true,"href":"https:\/\/sfashionaccessories.com\/index.php?rest_route=\/wp\/v2\/media\/23462"}],"wp:attachment":[{"href":"https:\/\/sfashionaccessories.com\/index.php?rest_route=%2Fwp%2Fv2%2Fmedia&parent=23460"}],"wp:term":[{"taxonomy":"product_brand","embeddable":true,"href":"https:\/\/sfashionaccessories.com\/index.php?rest_route=%2Fwp%2Fv2%2Fproduct_brand&post=23460"},{"taxonomy":"product_cat","embeddable":true,"href":"https:\/\/sfashionaccessories.com\/index.php?rest_route=%2Fwp%2Fv2%2Fproduct_cat&post=23460"},{"taxonomy":"product_tag","embeddable":true,"href":"https:\/\/sfashionaccessories.com\/index.php?rest_route=%2Fwp%2Fv2%2Fproduct_tag&post=23460"}],"curies":[{"name":"wp","href":"https:\/\/api.w.org\/{rel}","templated":true}]}}