{"id":23471,"date":"2025-10-10T20:00:48","date_gmt":"2025-10-10T11:00:48","guid":{"rendered":"https:\/\/sfashionaccessories.com\/?post_type=product&#038;p=23471"},"modified":"2026-04-13T19:40:22","modified_gmt":"2026-04-13T10:40:22","slug":"serum-facial-4-em-1","status":"publish","type":"product","link":"https:\/\/sfashionaccessories.com\/?product=serum-facial-4-em-1","title":{"rendered":"S\u00e9rum Facial 4 Em 1"},"content":{"rendered":"<div class=\"newtab grid12-12 no-gutter\">\n<p><span class=\"title-blocos\"><em>Benef\u00edcios<\/em><\/span><\/p>\n<div class=\"texto-desc\">\n<p>\u2022\u00a0\u00c1cido Hialur\u00f4nico, um hidratante que conserva a umidade natural da pele;<br \/>\n\u2022\u00a0Coenzima Q10, indicado para proteger a pele contra oxida\u00e7\u00e3o gradativa (natural) e ajuda a manter o aspecto saud\u00e1vel do rosto;<br \/>\n\u2022\u00a0Cont\u00e9m \u00d3leo de Rosa Mosqueta, considerado um eficiente regenerador celular natural;<br \/>\n\u2022\u00a0Vitamina E, indicada para preven\u00e7\u00e3o do envelhecimento cut\u00e2neo;<br \/>\n\u2022\u00a0A\u00e7\u00e3o instant\u00e2nea, seca ao passar e n\u00e3o \u00e9 oleoso;<br \/>\n\u2022\u00a0Agrad\u00e1vel fragr\u00e2ncia;<br \/>\n\u2022\u00a0Ideal para todos os tipos de pele.<\/p>\n<\/div>\n<\/div>\n<div class=\"newtab grid12-12 no-gutter\">\n<p><span class=\"title-blocos\"><em>Descri\u00e7\u00e3o<\/em><\/span><\/p>\n<div class=\"texto-desc\">\n<p>O\u00a0<strong>S\u00e9rum Facial 4em1 Epil\u00ea<\/strong>\u00a0\u00e9 formulado para proporcionar hidrata\u00e7\u00e3o e cuidado abrangente para a pele. Com uma textura leve e de r\u00e1pida absor\u00e7\u00e3o, ele \u00e9 ideal para o uso di\u00e1rio, garantindo um toque de frescor e nutri\u00e7\u00e3o sem deixar res\u00edduos oleosos.<br \/>\nEste S\u00e9rum facial combina m\u00faltiplos benef\u00edcios em um \u00fanico produto, ajudando a manter a pele hidratada, suave e equilibrada ao longo do dia. A sua f\u00f3rmula avan\u00e7ada garante resultados eficazes e pr\u00e1ticos, atendendo \u00e0s necessidades de uma rotina de cuidados com a pele simplificada e eficaz.<br \/>\n<strong><br \/>\nComo usar o S\u00e9rum Facial:\u00a0<\/strong>aplique no rosto sobre a pele limpa e seca massageando o produto at\u00e9 total absor\u00e7\u00e3o. Seu uso \u00e9 di\u00e1rio, podendo ser utilizado durante o dia ou \u00e0 noite.<\/p>\n<p><strong>Cont\u00e9m 30ml<\/strong><\/p>\n<\/div>\n<\/div>\n<div class=\"newtab grid12-12 no-gutter\">\n<p><span class=\"title-blocos\"><em>Composi\u00e7\u00e3o<\/em><\/span><\/p>\n<div class=\"texto-desc\">\n<p><strong>Composi\u00e7\u00e3o INCI:<\/strong>\u00a0Aqua; Rosa Canina Fruit Oil; Cyclopentasiloxane; Sodium Acrylates Copolymer; Lecithin; Hyaluronic Acid; Ubiquinone; DMDM hydantoin; C12-15 Alkyl Benzoate; Tocopheryl Acetate; Parfum; Hexyl Cinnamal; Limonene; Benzyl Salicylate; Linalool.<\/p>\n<p><strong>Composi\u00e7\u00e3o PT:<\/strong>\u00a0\u00c1gua; \u00d3leo do Fruto de Rosa-Mosqueta; Decametilciclopentasiloxano; Opol\u00edmero de Acrilatos de S\u00f3dio; Lecitina; \u00c1cido Hialur\u00f4nico; Ubiquinona; Dimetilidanto\u00edna; Benzoato de Alquila C12-15; Acetato de Tocoferila; Perfume; Hexil Cinamal; Limoneno; Salicilato de Benzila; Linalol.<\/p>\n<\/div>\n<\/div>\n","protected":false},"excerpt":{"rendered":"<p>Benef\u00edcios \u2022\u00a0\u00c1cido Hialur\u00f4nico, um hidratante que conserva a umidade natural da pele; \u2022\u00a0Coenzima Q10, indicado para proteger a pele contra oxida\u00e7\u00e3o gradativa (natural) e ajuda a manter o aspecto saud\u00e1vel do rosto; \u2022\u00a0Cont\u00e9m \u00d3leo de Rosa Mosqueta, considerado um eficiente regenerador celular natural; \u2022\u00a0Vitamina E, indicada para preven\u00e7\u00e3o do envelhecimento cut\u00e2neo; \u2022\u00a0A\u00e7\u00e3o instant\u00e2nea, seca ao [&hellip;]<\/p>\n","protected":false},"featured_media":23472,"comment_status":"open","ping_status":"closed","template":"","meta":{"_kadence_starter_templates_imported_post":false},"product_brand":[],"product_cat":[550,206,580,1048],"product_tag":[272,195,997,1049],"class_list":{"0":"post-23471","1":"product","2":"type-product","3":"status-publish","4":"has-post-thumbnail","6":"product_cat-antissinais","7":"product_cat-cosmeticos-cremes-hidradantesperfumes","8":"product_cat-destaques","9":"product_cat-epile","10":"product_tag-cosmeticos","11":"product_tag-creme-hidratante","12":"product_tag-epile","13":"product_tag-serum-rosa-mosqueta","15":"first","16":"instock","17":"shipping-taxable","18":"purchasable","19":"product-type-simple"},"_links":{"self":[{"href":"https:\/\/sfashionaccessories.com\/index.php?rest_route=\/wp\/v2\/product\/23471","targetHints":{"allow":["GET"]}}],"collection":[{"href":"https:\/\/sfashionaccessories.com\/index.php?rest_route=\/wp\/v2\/product"}],"about":[{"href":"https:\/\/sfashionaccessories.com\/index.php?rest_route=\/wp\/v2\/types\/product"}],"replies":[{"embeddable":true,"href":"https:\/\/sfashionaccessories.com\/index.php?rest_route=%2Fwp%2Fv2%2Fcomments&post=23471"}],"wp:featuredmedia":[{"embeddable":true,"href":"https:\/\/sfashionaccessories.com\/index.php?rest_route=\/wp\/v2\/media\/23472"}],"wp:attachment":[{"href":"https:\/\/sfashionaccessories.com\/index.php?rest_route=%2Fwp%2Fv2%2Fmedia&parent=23471"}],"wp:term":[{"taxonomy":"product_brand","embeddable":true,"href":"https:\/\/sfashionaccessories.com\/index.php?rest_route=%2Fwp%2Fv2%2Fproduct_brand&post=23471"},{"taxonomy":"product_cat","embeddable":true,"href":"https:\/\/sfashionaccessories.com\/index.php?rest_route=%2Fwp%2Fv2%2Fproduct_cat&post=23471"},{"taxonomy":"product_tag","embeddable":true,"href":"https:\/\/sfashionaccessories.com\/index.php?rest_route=%2Fwp%2Fv2%2Fproduct_tag&post=23471"}],"curies":[{"name":"wp","href":"https:\/\/api.w.org\/{rel}","templated":true}]}}