{"id":23475,"date":"2025-10-10T20:16:39","date_gmt":"2025-10-10T11:16:39","guid":{"rendered":"https:\/\/sfashionaccessories.com\/?post_type=product&#038;p=23475"},"modified":"2026-03-14T20:32:06","modified_gmt":"2026-03-14T11:32:06","slug":"shower-gel-corporal-perfumado-homem-coragio-masculino-100ml","status":"publish","type":"product","link":"https:\/\/sfashionaccessories.com\/?product=shower-gel-corporal-perfumado-homem-coragio-masculino-100ml","title":{"rendered":"Shower Gel Corporal Perfumado Homem Coragio Masculino 100ml"},"content":{"rendered":"<h2 class=\"default\">Descri\u00e7\u00e3o do produto<\/h2>\n<div id=\"productDescription\" class=\"a-section a-spacing-small\">\n<p>Sabonete l\u00edquido corporal da linha Natura Homem Cor.agio, com 100\u202fg (ou 100\u202fml) de volume. Fragr\u00e2ncia amadeirada intensa, com notas met\u00e1licas de especiarias frias e o calor da copa\u00edba e cumaru \u2013 inspirado no sucesso perfum\u00edstico da linha. Ideal para complementar o Perfume da mesma linha. Textura cremosa, espuma suave que n\u00e3o agride a pele, mantendo a hidrata\u00e7\u00e3o natural. F\u00f3rmula vegana, cruelty\u2011free, livre de parabenos e com absor\u00e7\u00e3o r\u00e1pida, adequada para todos os tipos de pele.<\/p>\n<\/div>\n","protected":false},"excerpt":{"rendered":"<p>Descri\u00e7\u00e3o do produto Sabonete l\u00edquido corporal da linha Natura Homem Cor.agio, com 100\u202fg (ou 100\u202fml) de volume. Fragr\u00e2ncia amadeirada intensa, com notas met\u00e1licas de especiarias frias e o calor da copa\u00edba e cumaru \u2013 inspirado no sucesso perfum\u00edstico da linha. Ideal para complementar o Perfume da mesma linha. Textura cremosa, espuma suave que n\u00e3o agride [&hellip;]<\/p>\n","protected":false},"featured_media":23477,"comment_status":"open","ping_status":"closed","template":"","meta":{"_kadence_starter_templates_imported_post":false},"product_brand":[],"product_cat":[206,203,533,834],"product_tag":[272,234,190],"class_list":{"0":"post-23475","1":"product","2":"type-product","3":"status-publish","4":"has-post-thumbnail","6":"product_cat-cosmeticos-cremes-hidradantesperfumes","7":"product_cat-natura-creme-oleo-sabonete-perfume","8":"product_cat-sabonete-sabonete-liquido-esfoliante-oboticario","9":"product_cat-shower-gel","10":"product_tag-cosmeticos","11":"product_tag-natura","12":"product_tag-sabonete-liquido","14":"first","15":"instock","16":"shipping-taxable","17":"purchasable","18":"product-type-simple"},"_links":{"self":[{"href":"https:\/\/sfashionaccessories.com\/index.php?rest_route=\/wp\/v2\/product\/23475","targetHints":{"allow":["GET"]}}],"collection":[{"href":"https:\/\/sfashionaccessories.com\/index.php?rest_route=\/wp\/v2\/product"}],"about":[{"href":"https:\/\/sfashionaccessories.com\/index.php?rest_route=\/wp\/v2\/types\/product"}],"replies":[{"embeddable":true,"href":"https:\/\/sfashionaccessories.com\/index.php?rest_route=%2Fwp%2Fv2%2Fcomments&post=23475"}],"wp:featuredmedia":[{"embeddable":true,"href":"https:\/\/sfashionaccessories.com\/index.php?rest_route=\/wp\/v2\/media\/23477"}],"wp:attachment":[{"href":"https:\/\/sfashionaccessories.com\/index.php?rest_route=%2Fwp%2Fv2%2Fmedia&parent=23475"}],"wp:term":[{"taxonomy":"product_brand","embeddable":true,"href":"https:\/\/sfashionaccessories.com\/index.php?rest_route=%2Fwp%2Fv2%2Fproduct_brand&post=23475"},{"taxonomy":"product_cat","embeddable":true,"href":"https:\/\/sfashionaccessories.com\/index.php?rest_route=%2Fwp%2Fv2%2Fproduct_cat&post=23475"},{"taxonomy":"product_tag","embeddable":true,"href":"https:\/\/sfashionaccessories.com\/index.php?rest_route=%2Fwp%2Fv2%2Fproduct_tag&post=23475"}],"curies":[{"name":"wp","href":"https:\/\/api.w.org\/{rel}","templated":true}]}}