{"id":23496,"date":"2025-10-10T21:02:10","date_gmt":"2025-10-10T12:02:10","guid":{"rendered":"https:\/\/sfashionaccessories.com\/?post_type=product&#038;p=23496"},"modified":"2026-02-28T16:18:40","modified_gmt":"2026-02-28T07:18:40","slug":"reparador-labial-de-rosa-mosqueta-epile","status":"publish","type":"product","link":"https:\/\/sfashionaccessories.com\/?product=reparador-labial-de-rosa-mosqueta-epile","title":{"rendered":"Reparador Labial de Rosa Mosqueta Epil\u00ea"},"content":{"rendered":"<p>Repara\u00e7\u00e3o profunda para l\u00e1bios ressecados e rachados;<br \/>\n\u2022\u00a0Alta concentra\u00e7\u00e3o de \u00d3leo de Rosa Mosqueta;<br \/>\n\u2022\u00a0Sensa\u00e7\u00e3o imediata de maciez e hidrata\u00e7\u00e3o;<br \/>\n\u2022\u00a0Aroma suave de melancia;<br \/>\n\u2022\u00a0Textura leve e n\u00e3o pegajosa.<\/p>\n<p>&nbsp;<\/p>\n<p><span class=\"title-blocos\"><em>Descri\u00e7\u00e3o<\/em><\/span><\/p>\n<div class=\"texto-desc\">\n<p>O\u00a0<strong>Reparador Labial de Rosa Mosqueta\u00a0Epil\u00ea\u00a0<\/strong>\u00e9 mais que um gloss, \u00e9 um tratamento de emerg\u00eancia para os seus l\u00e1bios. Formulado com alta concentra\u00e7\u00e3o de \u00d3leo de Rosa Mosqueta 100% puro, ele vai al\u00e9m da beleza: hidrata, repara profundamente e devolve o conforto aos l\u00e1bios ressecados, deixando uma sensa\u00e7\u00e3o \u00fanica de maciez desde a primeira aplica\u00e7\u00e3o.<\/p>\n<\/div>\n","protected":false},"excerpt":{"rendered":"<p>Repara\u00e7\u00e3o profunda para l\u00e1bios ressecados e rachados; \u2022\u00a0Alta concentra\u00e7\u00e3o de \u00d3leo de Rosa Mosqueta; \u2022\u00a0Sensa\u00e7\u00e3o imediata de maciez e hidrata\u00e7\u00e3o; \u2022\u00a0Aroma suave de melancia; \u2022\u00a0Textura leve e n\u00e3o pegajosa. &nbsp; Descri\u00e7\u00e3o O\u00a0Reparador Labial de Rosa Mosqueta\u00a0Epil\u00ea\u00a0\u00e9 mais que um gloss, \u00e9 um tratamento de emerg\u00eancia para os seus l\u00e1bios. Formulado com alta concentra\u00e7\u00e3o de \u00d3leo [&hellip;]<\/p>\n","protected":false},"featured_media":23500,"comment_status":"open","ping_status":"closed","template":"","meta":{"_kadence_starter_templates_imported_post":false},"product_brand":[],"product_cat":[1048,293],"product_tag":[611,1051,272,997,1050],"class_list":{"0":"post-23496","1":"product","2":"type-product","3":"status-publish","4":"has-post-thumbnail","6":"product_cat-epile","7":"product_cat-feminino","8":"product_tag-batom","9":"product_tag-brilho-labial","10":"product_tag-cosmeticos","11":"product_tag-epile","12":"product_tag-gloss-labial","14":"first","15":"instock","16":"shipping-taxable","17":"purchasable","18":"product-type-simple"},"_links":{"self":[{"href":"https:\/\/sfashionaccessories.com\/index.php?rest_route=\/wp\/v2\/product\/23496","targetHints":{"allow":["GET"]}}],"collection":[{"href":"https:\/\/sfashionaccessories.com\/index.php?rest_route=\/wp\/v2\/product"}],"about":[{"href":"https:\/\/sfashionaccessories.com\/index.php?rest_route=\/wp\/v2\/types\/product"}],"replies":[{"embeddable":true,"href":"https:\/\/sfashionaccessories.com\/index.php?rest_route=%2Fwp%2Fv2%2Fcomments&post=23496"}],"wp:featuredmedia":[{"embeddable":true,"href":"https:\/\/sfashionaccessories.com\/index.php?rest_route=\/wp\/v2\/media\/23500"}],"wp:attachment":[{"href":"https:\/\/sfashionaccessories.com\/index.php?rest_route=%2Fwp%2Fv2%2Fmedia&parent=23496"}],"wp:term":[{"taxonomy":"product_brand","embeddable":true,"href":"https:\/\/sfashionaccessories.com\/index.php?rest_route=%2Fwp%2Fv2%2Fproduct_brand&post=23496"},{"taxonomy":"product_cat","embeddable":true,"href":"https:\/\/sfashionaccessories.com\/index.php?rest_route=%2Fwp%2Fv2%2Fproduct_cat&post=23496"},{"taxonomy":"product_tag","embeddable":true,"href":"https:\/\/sfashionaccessories.com\/index.php?rest_route=%2Fwp%2Fv2%2Fproduct_tag&post=23496"}],"curies":[{"name":"wp","href":"https:\/\/api.w.org\/{rel}","templated":true}]}}