{"id":23501,"date":"2025-10-10T22:00:16","date_gmt":"2025-10-10T13:00:16","guid":{"rendered":"https:\/\/sfashionaccessories.com\/?post_type=product&#038;p=23501"},"modified":"2026-04-17T18:44:18","modified_gmt":"2026-04-17T09:44:18","slug":"shampoo-liso-intenso-4d-siage-250ml-eudora","status":"publish","type":"product","link":"https:\/\/sfashionaccessories.com\/?product=shampoo-liso-intenso-4d-siage-250ml-eudora","title":{"rendered":"Shampoo Liso Intenso 4D Si\u00e0ge 250Ml &#8211; Eudora"},"content":{"rendered":"<div class=\"relative px-md overflow-hidden border-on-surface-8 after:pointer-events-none after:absolute after:bottom-[0] after:left-[0] after:h-[72px] after:w-full after:bg-gradient-to-b after:from-[#FFFFFF00] after:to-[#FFFFFF] md:after:content-none md:px-lg max-md:border-b-thin\" data-testid=\"tab-product-detail\">\n<div data-testid=\"product-detail\">\n<div class=\"mt-md font-xsm-regular\" data-testid=\"product-detail-description\">\n<p>Promove limpeza profunda sem ressecar os fios, deixando-os alinhados e sem frizz.<\/p>\n<p>O Shampoo Si\u00e0ge Liso Intenso \u00e9 ideal para lisos naturais, alisados ou com ondas indesejadas, a sua f\u00f3rmula deixa os fios macios e brilhantes com um liso perfeito por muito mais tempo.<br \/>\nUne a prote\u00edna Creatina e o complexo Liss Effect, que trabalham para bloquear os causadores do frizz. Al\u00e9m de tudo, atua como protetor t\u00e9rmico por at\u00e9 230.<\/p>\n<p>Os benef\u00edcios n\u00e3o param por a\u00ed, o<\/p>\n<p>O Shampoo Si\u00e0ge Liso Intenso tamb\u00e9m promove: Redu\u00e7\u00e3o da porosidade e<br \/>\nPontas hidratadas<\/p>\n<\/div>\n<\/div>\n<\/div>\n<div class=\"hidden border-on-surface-8 md:px-lg md:block md:py-md\" data-testid=\"tab-product-factsheet\">\n<div class=\"pt-2xsm\"><\/div>\n<\/div>\n","protected":false},"excerpt":{"rendered":"<p>Promove limpeza profunda sem ressecar os fios, deixando-os alinhados e sem frizz. O Shampoo Si\u00e0ge Liso Intenso \u00e9 ideal para lisos naturais, alisados ou com ondas indesejadas, a sua f\u00f3rmula deixa os fios macios e brilhantes com um liso perfeito por muito mais tempo. Une a prote\u00edna Creatina e o complexo Liss Effect, que trabalham [&hellip;]<\/p>\n","protected":false},"featured_media":23504,"comment_status":"open","ping_status":"closed","template":"","meta":{"_kadence_starter_templates_imported_post":false},"product_brand":[],"product_cat":[204,206,790,865],"product_tag":[272,791,285],"class_list":{"0":"post-23501","1":"product","2":"type-product","3":"status-publish","4":"has-post-thumbnail","6":"product_cat-matizador-sampoo-condicionador-hidratante","7":"product_cat-cosmeticos-cremes-hidradantesperfumes","8":"product_cat-eudora","9":"product_cat-shampoo-e-condicionador-eudora","10":"product_tag-cosmeticos","11":"product_tag-eudora","12":"product_tag-shampoo-e-condicionador","14":"first","15":"instock","16":"shipping-taxable","17":"purchasable","18":"product-type-simple"},"_links":{"self":[{"href":"https:\/\/sfashionaccessories.com\/index.php?rest_route=\/wp\/v2\/product\/23501","targetHints":{"allow":["GET"]}}],"collection":[{"href":"https:\/\/sfashionaccessories.com\/index.php?rest_route=\/wp\/v2\/product"}],"about":[{"href":"https:\/\/sfashionaccessories.com\/index.php?rest_route=\/wp\/v2\/types\/product"}],"replies":[{"embeddable":true,"href":"https:\/\/sfashionaccessories.com\/index.php?rest_route=%2Fwp%2Fv2%2Fcomments&post=23501"}],"wp:featuredmedia":[{"embeddable":true,"href":"https:\/\/sfashionaccessories.com\/index.php?rest_route=\/wp\/v2\/media\/23504"}],"wp:attachment":[{"href":"https:\/\/sfashionaccessories.com\/index.php?rest_route=%2Fwp%2Fv2%2Fmedia&parent=23501"}],"wp:term":[{"taxonomy":"product_brand","embeddable":true,"href":"https:\/\/sfashionaccessories.com\/index.php?rest_route=%2Fwp%2Fv2%2Fproduct_brand&post=23501"},{"taxonomy":"product_cat","embeddable":true,"href":"https:\/\/sfashionaccessories.com\/index.php?rest_route=%2Fwp%2Fv2%2Fproduct_cat&post=23501"},{"taxonomy":"product_tag","embeddable":true,"href":"https:\/\/sfashionaccessories.com\/index.php?rest_route=%2Fwp%2Fv2%2Fproduct_tag&post=23501"}],"curies":[{"name":"wp","href":"https:\/\/api.w.org\/{rel}","templated":true}]}}