{"id":23507,"date":"2025-10-10T22:13:15","date_gmt":"2025-10-10T13:13:15","guid":{"rendered":"https:\/\/sfashionaccessories.com\/?post_type=product&#038;p=23507"},"modified":"2026-04-17T18:43:53","modified_gmt":"2026-04-17T09:43:53","slug":"condicionador-siage-liso-intenso-200ml","status":"publish","type":"product","link":"https:\/\/sfashionaccessories.com\/?product=condicionador-siage-liso-intenso-200ml","title":{"rendered":"Condicionador Si\u00e0ge Liso Intenso 200ml"},"content":{"rendered":"<p>Condicionador Si\u00e0ge Liso Intenso desembara\u00e7a os fios delicadamente e nutre intensamente a fibra capilar. Facilita a escova\u00e7\u00e3o evitando quebra e deixando os cabelos mais macios e hidratados. Eudora Si\u00e0ge Liso Intenso possui f\u00f3rmula inteligente que se adequa a lisos naturais, alisados ou com ondas indesejadas, proporcionando liso perfeito por muito mais tempo. A prote\u00ed\u00adna Creatina, aliada ao complexo Liss Effect, bloqueia os agentes causadores do frizz e de fios indisciplinados, deixando os cabelos hidratados, macios e com muito brilho. Protege do calor do secador e chapinha por at\u00e9 230\u00ba.<\/p>\n","protected":false},"excerpt":{"rendered":"<p>Condicionador Si\u00e0ge Liso Intenso desembara\u00e7a os fios delicadamente e nutre intensamente a fibra capilar. Facilita a escova\u00e7\u00e3o evitando quebra e deixando os cabelos mais macios e hidratados. Eudora Si\u00e0ge Liso Intenso possui f\u00f3rmula inteligente que se adequa a lisos naturais, alisados ou com ondas indesejadas, proporcionando liso perfeito por muito mais tempo. A prote\u00ed\u00adna Creatina, [&hellip;]<\/p>\n","protected":false},"featured_media":23509,"comment_status":"open","ping_status":"closed","template":"","meta":{"_kadence_starter_templates_imported_post":false},"product_brand":[],"product_cat":[204,206,293,281,865],"product_tag":[272,791,285],"class_list":{"0":"post-23507","1":"product","2":"type-product","3":"status-publish","4":"has-post-thumbnail","6":"product_cat-matizador-sampoo-condicionador-hidratante","7":"product_cat-cosmeticos-cremes-hidradantesperfumes","8":"product_cat-feminino","9":"product_cat-shampoo","10":"product_cat-shampoo-e-condicionador-eudora","11":"product_tag-cosmeticos","12":"product_tag-eudora","13":"product_tag-shampoo-e-condicionador","15":"first","16":"instock","17":"shipping-taxable","18":"purchasable","19":"product-type-simple"},"_links":{"self":[{"href":"https:\/\/sfashionaccessories.com\/index.php?rest_route=\/wp\/v2\/product\/23507","targetHints":{"allow":["GET"]}}],"collection":[{"href":"https:\/\/sfashionaccessories.com\/index.php?rest_route=\/wp\/v2\/product"}],"about":[{"href":"https:\/\/sfashionaccessories.com\/index.php?rest_route=\/wp\/v2\/types\/product"}],"replies":[{"embeddable":true,"href":"https:\/\/sfashionaccessories.com\/index.php?rest_route=%2Fwp%2Fv2%2Fcomments&post=23507"}],"wp:featuredmedia":[{"embeddable":true,"href":"https:\/\/sfashionaccessories.com\/index.php?rest_route=\/wp\/v2\/media\/23509"}],"wp:attachment":[{"href":"https:\/\/sfashionaccessories.com\/index.php?rest_route=%2Fwp%2Fv2%2Fmedia&parent=23507"}],"wp:term":[{"taxonomy":"product_brand","embeddable":true,"href":"https:\/\/sfashionaccessories.com\/index.php?rest_route=%2Fwp%2Fv2%2Fproduct_brand&post=23507"},{"taxonomy":"product_cat","embeddable":true,"href":"https:\/\/sfashionaccessories.com\/index.php?rest_route=%2Fwp%2Fv2%2Fproduct_cat&post=23507"},{"taxonomy":"product_tag","embeddable":true,"href":"https:\/\/sfashionaccessories.com\/index.php?rest_route=%2Fwp%2Fv2%2Fproduct_tag&post=23507"}],"curies":[{"name":"wp","href":"https:\/\/api.w.org\/{rel}","templated":true}]}}