{"id":23523,"date":"2026-01-15T00:32:19","date_gmt":"2026-01-14T15:32:19","guid":{"rendered":"https:\/\/sfashionaccessories.com\/?post_type=product&#038;p=23523"},"modified":"2026-01-16T13:12:33","modified_gmt":"2026-01-16T04:12:33","slug":"quintess-body-preto-em-moletom-peluciado","status":"publish","type":"product","link":"https:\/\/sfashionaccessories.com\/?product=quintess-body-preto-em-moletom-peluciado","title":{"rendered":"Quintess &#8211; Body Preto em Moletom Peluciado"},"content":{"rendered":"<div id=\"description-title\" class=\"sc-jwKygS sc-elJkPf jVYCWU\">\n<div class=\"sc-btzYZH sc-dqBHgY bpAjBW\">\n<h2 class=\"sc-gzVnrw lrNY\">Descri\u00e7\u00e3o<\/h2>\n<\/div>\n<\/div>\n<div id=\"description\" class=\"sc-jwKygS sc-elJkPf cakRRE\">\n<div class=\"sc-btzYZH sc-dqBHgY bpAjBW\">\n<p class=\"sc-eNQAEJ bABsqa\">Body moletom oversized com mangas compridas e punhos ajustados com ribana igual gola. Possui design moderno e confort\u00e1vel. Perfeito para combina\u00e7\u00f5es casuais e estilos despojados, garantindo conforto e estilo.<\/p>\n<\/div>\n<\/div>\n<div id=\"description-button\" class=\"sc-jwKygS sc-elJkPf hlDVKs\">\n<div class=\"sc-btzYZH sc-dqBHgY gXTpFc\">\n<div class=\"sc-jwKygS sc-elJkPf jVYCWU\">\n<div class=\"sc-btzYZH sc-dqBHgY bpAjBW\">\n<p class=\"sc-eNQAEJ bABsqa\">Quintess &#8211; Body Preto em Moletom Peluciado<\/p>\n<\/div>\n<\/div>\n<h2 class=\"sc-gzVnrw lrNY\">Detalhes<\/h2>\n<div class=\"sc-jwKygS sc-elJkPf jVYCWU\">\n<div class=\"sc-btzYZH sc-dqBHgY bpAjBW\">\n<p class=\"sc-eNQAEJ brfoG\">Comprimento da manga: Longa<\/p>\n<p class=\"sc-eNQAEJ brfoG\">Material: Moletom com pel\u00facia<\/p>\n<p class=\"sc-eNQAEJ brfoG\">Esta\u00e7\u00e3o: Ano Inteiro<\/p>\n<p class=\"sc-eNQAEJ brfoG\">Situa\u00e7\u00e3o de Uso: Casual<\/p>\n<p class=\"sc-eNQAEJ brfoG\">Composi\u00e7\u00e3o Material: 50% Poli\u00e9ster, 50% Algod\u00e3o<\/p>\n<\/div>\n<\/div>\n<\/div>\n<\/div>\n","protected":false},"excerpt":{"rendered":"<p>Descri\u00e7\u00e3o Body moletom oversized com mangas compridas e punhos ajustados com ribana igual gola. Possui design moderno e confort\u00e1vel. Perfeito para combina\u00e7\u00f5es casuais e estilos despojados, garantindo conforto e estilo. Quintess &#8211; Body Preto em Moletom Peluciado Detalhes Comprimento da manga: Longa Material: Moletom com pel\u00facia Esta\u00e7\u00e3o: Ano Inteiro Situa\u00e7\u00e3o de Uso: Casual Composi\u00e7\u00e3o Material: [&hellip;]<\/p>\n","protected":false},"featured_media":23530,"comment_status":"open","ping_status":"closed","template":"","meta":{"_kadence_starter_templates_imported_post":false},"product_brand":[],"product_cat":[172,43,153],"product_tag":[189,426,908],"class_list":{"0":"post-23523","1":"product","2":"type-product","3":"status-publish","4":"has-post-thumbnail","6":"product_cat-blusas-tops-e-camisetas","7":"product_cat-blusas-camisetas-femininas","8":"product_cat-casual","9":"product_tag-blusas","10":"product_tag-femininas","11":"product_tag-quintess","13":"first","14":"instock","15":"sale","16":"shipping-taxable","17":"purchasable","18":"product-type-variable"},"_links":{"self":[{"href":"https:\/\/sfashionaccessories.com\/index.php?rest_route=\/wp\/v2\/product\/23523","targetHints":{"allow":["GET"]}}],"collection":[{"href":"https:\/\/sfashionaccessories.com\/index.php?rest_route=\/wp\/v2\/product"}],"about":[{"href":"https:\/\/sfashionaccessories.com\/index.php?rest_route=\/wp\/v2\/types\/product"}],"replies":[{"embeddable":true,"href":"https:\/\/sfashionaccessories.com\/index.php?rest_route=%2Fwp%2Fv2%2Fcomments&post=23523"}],"wp:featuredmedia":[{"embeddable":true,"href":"https:\/\/sfashionaccessories.com\/index.php?rest_route=\/wp\/v2\/media\/23530"}],"wp:attachment":[{"href":"https:\/\/sfashionaccessories.com\/index.php?rest_route=%2Fwp%2Fv2%2Fmedia&parent=23523"}],"wp:term":[{"taxonomy":"product_brand","embeddable":true,"href":"https:\/\/sfashionaccessories.com\/index.php?rest_route=%2Fwp%2Fv2%2Fproduct_brand&post=23523"},{"taxonomy":"product_cat","embeddable":true,"href":"https:\/\/sfashionaccessories.com\/index.php?rest_route=%2Fwp%2Fv2%2Fproduct_cat&post=23523"},{"taxonomy":"product_tag","embeddable":true,"href":"https:\/\/sfashionaccessories.com\/index.php?rest_route=%2Fwp%2Fv2%2Fproduct_tag&post=23523"}],"curies":[{"name":"wp","href":"https:\/\/api.w.org\/{rel}","templated":true}]}}