{"id":23543,"date":"2025-10-11T00:42:39","date_gmt":"2025-10-10T15:42:39","guid":{"rendered":"https:\/\/sfashionaccessories.com\/?post_type=product&#038;p=23543"},"modified":"2025-12-25T17:03:50","modified_gmt":"2025-12-25T08:03:50","slug":"quintess-blusa-preta-em-crepe-plano","status":"publish","type":"product","link":"https:\/\/sfashionaccessories.com\/?product=quintess-blusa-preta-em-crepe-plano","title":{"rendered":"Quintess &#8211; Blusa Preta em Crepe Plano"},"content":{"rendered":"<div id=\"description-title\" class=\"sc-jwKygS sc-elJkPf jVYCWU\">\n<div class=\"sc-btzYZH sc-dqBHgY bpAjBW\">\n<h2 class=\"sc-gzVnrw lrNY\">Descri\u00e7\u00e3o<\/h2>\n<\/div>\n<\/div>\n<div id=\"description\" class=\"sc-jwKygS sc-elJkPf cakRRE\">\n<div class=\"sc-btzYZH sc-dqBHgY bpAjBW\">\n<p class=\"sc-eNQAEJ bABsqa\">Blusa preta com decote V e mangas 3\/4 amplas com detalhe de tiras horizontais vazadas. Modelagem solta e confort\u00e1vel, ideal para looks casuais com um toque elegante.<\/p>\n<div class=\"sc-jwKygS sc-elJkPf jVYCWU\">\n<div class=\"sc-btzYZH sc-dqBHgY bpAjBW\">\n<p class=\"sc-eNQAEJ bABsqa\">Quintess &#8211; Blusa Preta em Crepe Plano<\/p>\n<\/div>\n<\/div>\n<h2 class=\"sc-gzVnrw lrNY\">Detalhes<\/h2>\n<div class=\"sc-jwKygS sc-elJkPf jVYCWU\">\n<div class=\"sc-btzYZH sc-dqBHgY bpAjBW\">\n<p class=\"sc-eNQAEJ brfoG\">Modelagem: Solta<\/p>\n<p class=\"sc-eNQAEJ brfoG\">Decote frente: V<\/p>\n<p class=\"sc-eNQAEJ brfoG\">Comprimento da manga: Curta<\/p>\n<p class=\"sc-eNQAEJ brfoG\">Comprimento: Tradicional<\/p>\n<p class=\"sc-eNQAEJ brfoG\">Material: Crepe Plano<\/p>\n<p class=\"sc-eNQAEJ brfoG\">Esta\u00e7\u00e3o: Ano Inteiro<\/p>\n<p class=\"sc-eNQAEJ brfoG\">Situa\u00e7\u00e3o de Uso: Casual<\/p>\n<p class=\"sc-eNQAEJ brfoG\">Composi\u00e7\u00e3o Material: 95% Poli\u00e9ster, 5% Elastano<\/p>\n<\/div>\n<\/div>\n<\/div>\n<\/div>\n","protected":false},"excerpt":{"rendered":"<p>Descri\u00e7\u00e3o Blusa preta com decote V e mangas 3\/4 amplas com detalhe de tiras horizontais vazadas. Modelagem solta e confort\u00e1vel, ideal para looks casuais com um toque elegante. Quintess &#8211; Blusa Preta em Crepe Plano Detalhes Modelagem: Solta Decote frente: V Comprimento da manga: Curta Comprimento: Tradicional Material: Crepe Plano Esta\u00e7\u00e3o: Ano Inteiro Situa\u00e7\u00e3o de [&hellip;]<\/p>\n","protected":false},"featured_media":23549,"comment_status":"open","ping_status":"closed","template":"","meta":{"_kadence_starter_templates_imported_post":false},"product_brand":[],"product_cat":[172,43,580,293,750],"product_tag":[189,291,188,908],"class_list":{"0":"post-23543","1":"product","2":"type-product","3":"status-publish","4":"has-post-thumbnail","6":"product_cat-blusas-tops-e-camisetas","7":"product_cat-blusas-camisetas-femininas","8":"product_cat-destaques","9":"product_cat-feminino","10":"product_cat-quintess","11":"product_tag-blusas","12":"product_tag-body","13":"product_tag-moda-feminina","14":"product_tag-quintess","16":"first","17":"instock","18":"shipping-taxable","19":"purchasable","20":"product-type-variable"},"_links":{"self":[{"href":"https:\/\/sfashionaccessories.com\/index.php?rest_route=\/wp\/v2\/product\/23543","targetHints":{"allow":["GET"]}}],"collection":[{"href":"https:\/\/sfashionaccessories.com\/index.php?rest_route=\/wp\/v2\/product"}],"about":[{"href":"https:\/\/sfashionaccessories.com\/index.php?rest_route=\/wp\/v2\/types\/product"}],"replies":[{"embeddable":true,"href":"https:\/\/sfashionaccessories.com\/index.php?rest_route=%2Fwp%2Fv2%2Fcomments&post=23543"}],"wp:featuredmedia":[{"embeddable":true,"href":"https:\/\/sfashionaccessories.com\/index.php?rest_route=\/wp\/v2\/media\/23549"}],"wp:attachment":[{"href":"https:\/\/sfashionaccessories.com\/index.php?rest_route=%2Fwp%2Fv2%2Fmedia&parent=23543"}],"wp:term":[{"taxonomy":"product_brand","embeddable":true,"href":"https:\/\/sfashionaccessories.com\/index.php?rest_route=%2Fwp%2Fv2%2Fproduct_brand&post=23543"},{"taxonomy":"product_cat","embeddable":true,"href":"https:\/\/sfashionaccessories.com\/index.php?rest_route=%2Fwp%2Fv2%2Fproduct_cat&post=23543"},{"taxonomy":"product_tag","embeddable":true,"href":"https:\/\/sfashionaccessories.com\/index.php?rest_route=%2Fwp%2Fv2%2Fproduct_tag&post=23543"}],"curies":[{"name":"wp","href":"https:\/\/api.w.org\/{rel}","templated":true}]}}