{"id":23550,"date":"2025-10-11T01:05:55","date_gmt":"2025-10-10T16:05:55","guid":{"rendered":"https:\/\/sfashionaccessories.com\/?post_type=product&#038;p=23550"},"modified":"2026-01-16T14:21:41","modified_gmt":"2026-01-16T05:21:41","slug":"quintess-camisa-preto-em-alfaiataria","status":"publish","type":"product","link":"https:\/\/sfashionaccessories.com\/?product=quintess-camisa-preto-em-alfaiataria","title":{"rendered":"Quintess &#8211; Camisa Preto em Alfaiataria"},"content":{"rendered":"<div id=\"description-title\" class=\"sc-jwKygS sc-elJkPf jVYCWU\">\n<div class=\"sc-btzYZH sc-dqBHgY bpAjBW\">\n<h2 class=\"sc-gzVnrw lrNY\">Descri\u00e7\u00e3o<\/h2>\n<\/div>\n<\/div>\n<div id=\"description\" class=\"sc-jwKygS sc-elJkPf cakRRE\">\n<div class=\"sc-btzYZH sc-dqBHgY bpAjBW\">\n<p class=\"sc-eNQAEJ bABsqa\">Camisa cinza claro com modelagem oversized, mangas longas e barra arredondada. Possui bot\u00f5es frontais e colarinho cl\u00e1ssico. Pe\u00e7a vers\u00e1til, perfeita para compor looks modernos e confort\u00e1veis.<\/p>\n<div class=\"sc-jwKygS sc-elJkPf jVYCWU\">\n<div class=\"sc-btzYZH sc-dqBHgY bpAjBW\">\n<p class=\"sc-eNQAEJ bABsqa\">Quintess &#8211; Camisa Cinza Claro em Alfaiataria.<\/p>\n<\/div>\n<\/div>\n<h2 class=\"sc-gzVnrw lrNY\">Detalhes<\/h2>\n<div class=\"sc-jwKygS sc-elJkPf jVYCWU\">\n<div class=\"sc-btzYZH sc-dqBHgY bpAjBW\">\n<p class=\"sc-eNQAEJ brfoG\">Modelagem: Solta<\/p>\n<p class=\"sc-eNQAEJ brfoG\">Decote frente: Com gola colegial<\/p>\n<p class=\"sc-eNQAEJ brfoG\">Comprimento da manga: Longa<\/p>\n<p class=\"sc-eNQAEJ brfoG\">Comprimento: Longuete<\/p>\n<p class=\"sc-eNQAEJ brfoG\">Fechamento: Em bot\u00f5es<\/p>\n<p class=\"sc-eNQAEJ brfoG\">Material: Tecido de Alfaiataria<\/p>\n<p class=\"sc-eNQAEJ brfoG\">Esta\u00e7\u00e3o: Ano Inteiro<\/p>\n<p class=\"sc-eNQAEJ brfoG\">Situa\u00e7\u00e3o de Uso: Trabalho<\/p>\n<p class=\"sc-eNQAEJ brfoG\">Composi\u00e7\u00e3o Material: 90% Algod\u00e3o, 10% Linho<\/p>\n<\/div>\n<\/div>\n<\/div>\n<\/div>\n","protected":false},"excerpt":{"rendered":"<p>Descri\u00e7\u00e3o Camisa cinza claro com modelagem oversized, mangas longas e barra arredondada. Possui bot\u00f5es frontais e colarinho cl\u00e1ssico. Pe\u00e7a vers\u00e1til, perfeita para compor looks modernos e confort\u00e1veis. Quintess &#8211; Camisa Cinza Claro em Alfaiataria. Detalhes Modelagem: Solta Decote frente: Com gola colegial Comprimento da manga: Longa Comprimento: Longuete Fechamento: Em bot\u00f5es Material: Tecido de Alfaiataria [&hellip;]<\/p>\n","protected":false},"featured_media":23563,"comment_status":"open","ping_status":"closed","template":"","meta":{"_kadence_starter_templates_imported_post":false},"product_brand":[],"product_cat":[827,172,43,153,750],"product_tag":[189,188,908],"class_list":{"0":"post-23550","1":"product","2":"type-product","3":"status-publish","4":"has-post-thumbnail","6":"product_cat-alfaiataria","7":"product_cat-blusas-tops-e-camisetas","8":"product_cat-blusas-camisetas-femininas","9":"product_cat-casual","10":"product_cat-quintess","11":"product_tag-blusas","12":"product_tag-moda-feminina","13":"product_tag-quintess","15":"first","16":"instock","17":"sale","18":"shipping-taxable","19":"purchasable","20":"product-type-variable"},"_links":{"self":[{"href":"https:\/\/sfashionaccessories.com\/index.php?rest_route=\/wp\/v2\/product\/23550","targetHints":{"allow":["GET"]}}],"collection":[{"href":"https:\/\/sfashionaccessories.com\/index.php?rest_route=\/wp\/v2\/product"}],"about":[{"href":"https:\/\/sfashionaccessories.com\/index.php?rest_route=\/wp\/v2\/types\/product"}],"replies":[{"embeddable":true,"href":"https:\/\/sfashionaccessories.com\/index.php?rest_route=%2Fwp%2Fv2%2Fcomments&post=23550"}],"wp:featuredmedia":[{"embeddable":true,"href":"https:\/\/sfashionaccessories.com\/index.php?rest_route=\/wp\/v2\/media\/23563"}],"wp:attachment":[{"href":"https:\/\/sfashionaccessories.com\/index.php?rest_route=%2Fwp%2Fv2%2Fmedia&parent=23550"}],"wp:term":[{"taxonomy":"product_brand","embeddable":true,"href":"https:\/\/sfashionaccessories.com\/index.php?rest_route=%2Fwp%2Fv2%2Fproduct_brand&post=23550"},{"taxonomy":"product_cat","embeddable":true,"href":"https:\/\/sfashionaccessories.com\/index.php?rest_route=%2Fwp%2Fv2%2Fproduct_cat&post=23550"},{"taxonomy":"product_tag","embeddable":true,"href":"https:\/\/sfashionaccessories.com\/index.php?rest_route=%2Fwp%2Fv2%2Fproduct_tag&post=23550"}],"curies":[{"name":"wp","href":"https:\/\/api.w.org\/{rel}","templated":true}]}}