{"id":23579,"date":"2025-10-11T01:29:31","date_gmt":"2025-10-10T16:29:31","guid":{"rendered":"https:\/\/sfashionaccessories.com\/?post_type=product&#038;p=23579"},"modified":"2025-10-11T01:29:31","modified_gmt":"2025-10-10T16:29:31","slug":"anel-solitario-de-prata-925-com-zirconia","status":"publish","type":"product","link":"https:\/\/sfashionaccessories.com\/?product=anel-solitario-de-prata-925-com-zirconia","title":{"rendered":"ANEL SOLIT\u00c1RIO DE PRATA 925 COM ZIRC\u00d4NIA"},"content":{"rendered":"<h4>Descri\u00e7\u00e3o<\/h4>\n<div class=\"productDescription\">Anel solit\u00e1rio com 1 zirc\u00f4nia de 3 mm.<\/div>\n<div id=\"caracteristicas\">\n<table class=\"group Folheados\" cellspacing=\"0\">\n<tbody>\n<tr class=\"even\">\n<th class=\"name-field Material\">Material<\/th>\n<td class=\"value-field Material\">Prata Maci\u00e7a 925<\/td>\n<\/tr>\n<tr>\n<th class=\"name-field Genero\">G\u00eanero<\/th>\n<td class=\"value-field Genero\">Feminino<\/td>\n<\/tr>\n<tr class=\"even\">\n<th class=\"name-field Faixa-Etaria\">Faixa Et\u00e1ria<\/th>\n<td class=\"value-field Faixa-Etaria\">Adulto<\/td>\n<\/tr>\n<tr>\n<th class=\"name-field Composicao\">Composi\u00e7\u00e3o<\/th>\n<td class=\"value-field Composicao\">Zirc\u00f4nia<\/td>\n<\/tr>\n<tr class=\"even\">\n<th class=\"name-field Tema\">Tema<\/th>\n<td class=\"value-field Tema\">Cl\u00e1ssicos com Pedra<\/td>\n<\/tr>\n<tr>\n<th class=\"name-field Colecao\">Cole\u00e7\u00e3o<\/th>\n<td class=\"value-field Colecao\">Linha Permanente Rommanel<\/td>\n<\/tr>\n<tr class=\"even\">\n<th class=\"name-field Conceito\">Conceito<\/th>\n<td class=\"value-field Conceito\">Para este novo voo da borboleta a rommanel mergulhou na historia e tradi\u00e7\u00f5es da joalheria. com um olhar para o futuro e o cora\u00e7\u00e3o nos sentimentos que nos trazem seguran\u00e7a e aconchego desenvolveu esta linha que expressa a cren\u00e7a num futuro melhor, um futuro que desejamos que seja perfeito.<br \/>\njoias para mulheres e homens nobres como a prata, nobres de alma, de sentimentos, de emo\u00e7\u00f5es. pessoas que valorizam os momentos e acima de tudo as pessoas ao seu redor.<br \/>\nas melhores joias de prata, elegantes e<\/td>\n<\/tr>\n<tr>\n<th class=\"name-field Estilo\">Estilo<\/th>\n<td class=\"value-field Estilo\">Solit\u00e1rio<\/td>\n<\/tr>\n<\/tbody>\n<\/table>\n<\/div>\n","protected":false},"excerpt":{"rendered":"<p>Descri\u00e7\u00e3o Anel solit\u00e1rio com 1 zirc\u00f4nia de 3 mm. Material Prata Maci\u00e7a 925 G\u00eanero Feminino Faixa Et\u00e1ria Adulto Composi\u00e7\u00e3o Zirc\u00f4nia Tema Cl\u00e1ssicos com Pedra Cole\u00e7\u00e3o Linha Permanente Rommanel Conceito Para este novo voo da borboleta a rommanel mergulhou na historia e tradi\u00e7\u00f5es da joalheria. com um olhar para o futuro e o cora\u00e7\u00e3o nos sentimentos [&hellip;]<\/p>\n","protected":false},"featured_media":23583,"comment_status":"open","ping_status":"closed","template":"","meta":{"_kadence_starter_templates_imported_post":false},"product_brand":[],"product_cat":[200,760,293,878,723],"product_tag":[182,879,877,724],"class_list":{"0":"post-23579","1":"product","2":"type-product","3":"status-publish","4":"has-post-thumbnail","6":"product_cat-acessorios-bijuterias-semi-joias","7":"product_cat-anel","8":"product_cat-feminino","9":"product_cat-joias","10":"product_cat-rommanel","11":"product_tag-acessorios","12":"product_tag-joias","13":"product_tag-prata-925","14":"product_tag-rommanel","16":"first","17":"instock","18":"shipping-taxable","19":"purchasable","20":"product-type-variable"},"_links":{"self":[{"href":"https:\/\/sfashionaccessories.com\/index.php?rest_route=\/wp\/v2\/product\/23579","targetHints":{"allow":["GET"]}}],"collection":[{"href":"https:\/\/sfashionaccessories.com\/index.php?rest_route=\/wp\/v2\/product"}],"about":[{"href":"https:\/\/sfashionaccessories.com\/index.php?rest_route=\/wp\/v2\/types\/product"}],"replies":[{"embeddable":true,"href":"https:\/\/sfashionaccessories.com\/index.php?rest_route=%2Fwp%2Fv2%2Fcomments&post=23579"}],"wp:featuredmedia":[{"embeddable":true,"href":"https:\/\/sfashionaccessories.com\/index.php?rest_route=\/wp\/v2\/media\/23583"}],"wp:attachment":[{"href":"https:\/\/sfashionaccessories.com\/index.php?rest_route=%2Fwp%2Fv2%2Fmedia&parent=23579"}],"wp:term":[{"taxonomy":"product_brand","embeddable":true,"href":"https:\/\/sfashionaccessories.com\/index.php?rest_route=%2Fwp%2Fv2%2Fproduct_brand&post=23579"},{"taxonomy":"product_cat","embeddable":true,"href":"https:\/\/sfashionaccessories.com\/index.php?rest_route=%2Fwp%2Fv2%2Fproduct_cat&post=23579"},{"taxonomy":"product_tag","embeddable":true,"href":"https:\/\/sfashionaccessories.com\/index.php?rest_route=%2Fwp%2Fv2%2Fproduct_tag&post=23579"}],"curies":[{"name":"wp","href":"https:\/\/api.w.org\/{rel}","templated":true}]}}