{"id":23590,"date":"2025-10-11T01:44:25","date_gmt":"2025-10-10T16:44:25","guid":{"rendered":"https:\/\/sfashionaccessories.com\/?post_type=product&#038;p=23590"},"modified":"2025-10-11T01:44:25","modified_gmt":"2025-10-10T16:44:25","slug":"gargantilha-veneziana-banhada-a-ouro-18k-tam-42-5313104200","status":"publish","type":"product","link":"https:\/\/sfashionaccessories.com\/?product=gargantilha-veneziana-banhada-a-ouro-18k-tam-42-5313104200","title":{"rendered":"GARGANTILHA VENEZIANA BANHADA A OURO 18K &#8211; TAM.42 5313104200"},"content":{"rendered":"<h4>Descri\u00e7\u00e3o<\/h4>\n<div class=\"productDescription\">Gargantilha formada por corrente veneziana de 0,9 mm.<br \/>\nmed 42 cm<\/div>\n<div id=\"caracteristicas\">\n<table class=\"group Folheados\" cellspacing=\"0\">\n<tbody>\n<tr class=\"even\">\n<th class=\"name-field Material\">Material<\/th>\n<td class=\"value-field Material\">Banhado a Ouro 18k<\/td>\n<\/tr>\n<tr>\n<th class=\"name-field Genero\">G\u00eanero<\/th>\n<td class=\"value-field Genero\">Feminino<\/td>\n<\/tr>\n<tr class=\"even\">\n<th class=\"name-field Faixa-Etaria\">Faixa Et\u00e1ria<\/th>\n<td class=\"value-field Faixa-Etaria\">Adulto<\/td>\n<\/tr>\n<tr>\n<th class=\"name-field Composicao\">Composi\u00e7\u00e3o<\/th>\n<td class=\"value-field Composicao\">Sem Pedra<\/td>\n<\/tr>\n<tr class=\"even\">\n<th class=\"name-field Tema\">Tema<\/th>\n<td class=\"value-field Tema\">B\u00e1sico<\/td>\n<\/tr>\n<tr>\n<th class=\"name-field Colecao\">Cole\u00e7\u00e3o<\/th>\n<td class=\"value-field Colecao\">Cole\u00e7\u00e3o Correntes<\/td>\n<\/tr>\n<tr class=\"even\">\n<th class=\"name-field Conceito\">Conceito<\/th>\n<td class=\"value-field Conceito\">A correntaria Rommanel contempla dos fios tradicionais at\u00e9 modelos modernos, como chokers e gravatas.<\/td>\n<\/tr>\n<\/tbody>\n<\/table>\n<\/div>\n","protected":false},"excerpt":{"rendered":"<p>Descri\u00e7\u00e3o Gargantilha formada por corrente veneziana de 0,9 mm. med 42 cm Material Banhado a Ouro 18k G\u00eanero Feminino Faixa Et\u00e1ria Adulto Composi\u00e7\u00e3o Sem Pedra Tema B\u00e1sico Cole\u00e7\u00e3o Cole\u00e7\u00e3o Correntes Conceito A correntaria Rommanel contempla dos fios tradicionais at\u00e9 modelos modernos, como chokers e gravatas.<\/p>\n","protected":false},"featured_media":23593,"comment_status":"open","ping_status":"closed","template":"","meta":{"_kadence_starter_templates_imported_post":false},"product_brand":[],"product_cat":[15,200,373,727,878,793,723,209],"product_tag":[374,1052,724,232],"class_list":{"0":"post-23590","1":"product","2":"type-product","3":"status-publish","4":"has-post-thumbnail","6":"product_cat-padrao","7":"product_cat-acessorios-bijuterias-semi-joias","8":"product_cat-colares","9":"product_cat-gargantilha","10":"product_cat-joias","11":"product_cat-presente","12":"product_cat-rommanel","13":"product_cat-semi-joias","14":"product_tag-colar","15":"product_tag-cordao","16":"product_tag-rommanel","17":"product_tag-semi-joias","19":"first","20":"instock","21":"shipping-taxable","22":"purchasable","23":"product-type-simple"},"_links":{"self":[{"href":"https:\/\/sfashionaccessories.com\/index.php?rest_route=\/wp\/v2\/product\/23590","targetHints":{"allow":["GET"]}}],"collection":[{"href":"https:\/\/sfashionaccessories.com\/index.php?rest_route=\/wp\/v2\/product"}],"about":[{"href":"https:\/\/sfashionaccessories.com\/index.php?rest_route=\/wp\/v2\/types\/product"}],"replies":[{"embeddable":true,"href":"https:\/\/sfashionaccessories.com\/index.php?rest_route=%2Fwp%2Fv2%2Fcomments&post=23590"}],"wp:featuredmedia":[{"embeddable":true,"href":"https:\/\/sfashionaccessories.com\/index.php?rest_route=\/wp\/v2\/media\/23593"}],"wp:attachment":[{"href":"https:\/\/sfashionaccessories.com\/index.php?rest_route=%2Fwp%2Fv2%2Fmedia&parent=23590"}],"wp:term":[{"taxonomy":"product_brand","embeddable":true,"href":"https:\/\/sfashionaccessories.com\/index.php?rest_route=%2Fwp%2Fv2%2Fproduct_brand&post=23590"},{"taxonomy":"product_cat","embeddable":true,"href":"https:\/\/sfashionaccessories.com\/index.php?rest_route=%2Fwp%2Fv2%2Fproduct_cat&post=23590"},{"taxonomy":"product_tag","embeddable":true,"href":"https:\/\/sfashionaccessories.com\/index.php?rest_route=%2Fwp%2Fv2%2Fproduct_tag&post=23590"}],"curies":[{"name":"wp","href":"https:\/\/api.w.org\/{rel}","templated":true}]}}