{"id":23597,"date":"2025-10-11T01:49:09","date_gmt":"2025-10-10T16:49:09","guid":{"rendered":"https:\/\/sfashionaccessories.com\/?post_type=product&#038;p=23597"},"modified":"2025-10-11T01:49:09","modified_gmt":"2025-10-10T16:49:09","slug":"pingente-fe-banhado-a-ouro-18k-tam-unico-5426330000","status":"publish","type":"product","link":"https:\/\/sfashionaccessories.com\/?product=pingente-fe-banhado-a-ouro-18k-tam-unico-5426330000","title":{"rendered":"PINGENTE F\u00c9 BANHADO A OURO 18K &#8211; TAM.\u00daNICO 5426330000"},"content":{"rendered":"<h4>Descri\u00e7\u00e3o<\/h4>\n<div class=\"productDescription\">Pingente com palavra f\u00e9 pendurada.<br \/>\nmed 4,3 cm x 1,1 cm<\/div>\n<div id=\"caracteristicas\">\n<table class=\"group Folheados\" cellspacing=\"0\">\n<tbody>\n<tr class=\"even\">\n<th class=\"name-field Material\">Material<\/th>\n<td class=\"value-field Material\">Banhado a Ouro 18k<\/td>\n<\/tr>\n<tr>\n<th class=\"name-field Genero\">G\u00eanero<\/th>\n<td class=\"value-field Genero\">Feminino<\/td>\n<\/tr>\n<tr class=\"even\">\n<th class=\"name-field Faixa-Etaria\">Faixa Et\u00e1ria<\/th>\n<td class=\"value-field Faixa-Etaria\">Adulto<\/td>\n<\/tr>\n<tr>\n<th class=\"name-field Composicao\">Composi\u00e7\u00e3o<\/th>\n<td class=\"value-field Composicao\">Sem Pedra<\/td>\n<\/tr>\n<tr class=\"even\">\n<th class=\"name-field Tema\">Tema<\/th>\n<td class=\"value-field Tema\">Religioso<\/td>\n<\/tr>\n<tr>\n<th class=\"name-field Colecao\">Cole\u00e7\u00e3o<\/th>\n<td class=\"value-field Colecao\">C\u00e1psula Esperan\u00e7a<\/td>\n<\/tr>\n<tr class=\"even\">\n<th class=\"name-field Conceito\">Conceito<\/th>\n<td class=\"value-field Conceito\">ACREDITAR QUE TUDO PODE DAR CERTO, \u00c9 UMA FORMA DE PREPARAR O CAMINHO PARA QUE ALGO BOM ACONTE\u00c7A. \u00c9 ISSO QUE CHAMAMOS DE ESPERAN\u00c7A.<br \/>\nESSA COLE\u00c7\u00c3O TRAZ PE\u00c7AS CL\u00c1SSICAS CHEIAS DE SIGNIFICADO, COMO AS JOIAS DE BORBOLETAS, DE CORA\u00c7\u00c3O, JOIAS DE F\u00c9. AL\u00c9M DISSO, A COLE\u00c7\u00c3O TRAZ PE\u00c7AS INSPIRADAS NA COR ESPERAN\u00c7A, O VERDE, PRA FAZER COMPOSI\u00c7\u00d5ES INCR\u00cdVEIS<\/td>\n<\/tr>\n<\/tbody>\n<\/table>\n<\/div>\n","protected":false},"excerpt":{"rendered":"<p>Descri\u00e7\u00e3o Pingente com palavra f\u00e9 pendurada. med 4,3 cm x 1,1 cm Material Banhado a Ouro 18k G\u00eanero Feminino Faixa Et\u00e1ria Adulto Composi\u00e7\u00e3o Sem Pedra Tema Religioso Cole\u00e7\u00e3o C\u00e1psula Esperan\u00e7a Conceito ACREDITAR QUE TUDO PODE DAR CERTO, \u00c9 UMA FORMA DE PREPARAR O CAMINHO PARA QUE ALGO BOM ACONTE\u00c7A. \u00c9 ISSO QUE CHAMAMOS DE ESPERAN\u00c7A. [&hellip;]<\/p>\n","protected":false},"featured_media":23600,"comment_status":"open","ping_status":"closed","template":"","meta":{"_kadence_starter_templates_imported_post":false},"product_brand":[],"product_cat":[200,373,878,793,723],"product_tag":[983,728,879,724,973],"class_list":{"0":"post-23597","1":"product","2":"type-product","3":"status-publish","4":"has-post-thumbnail","6":"product_cat-acessorios-bijuterias-semi-joias","7":"product_cat-colares","8":"product_cat-joias","9":"product_cat-presente","10":"product_cat-rommanel","11":"product_tag-colares","12":"product_tag-gargantilha","13":"product_tag-joias","14":"product_tag-rommanel","15":"product_tag-semijoias","17":"first","18":"instock","19":"shipping-taxable","20":"purchasable","21":"product-type-simple"},"_links":{"self":[{"href":"https:\/\/sfashionaccessories.com\/index.php?rest_route=\/wp\/v2\/product\/23597","targetHints":{"allow":["GET"]}}],"collection":[{"href":"https:\/\/sfashionaccessories.com\/index.php?rest_route=\/wp\/v2\/product"}],"about":[{"href":"https:\/\/sfashionaccessories.com\/index.php?rest_route=\/wp\/v2\/types\/product"}],"replies":[{"embeddable":true,"href":"https:\/\/sfashionaccessories.com\/index.php?rest_route=%2Fwp%2Fv2%2Fcomments&post=23597"}],"wp:featuredmedia":[{"embeddable":true,"href":"https:\/\/sfashionaccessories.com\/index.php?rest_route=\/wp\/v2\/media\/23600"}],"wp:attachment":[{"href":"https:\/\/sfashionaccessories.com\/index.php?rest_route=%2Fwp%2Fv2%2Fmedia&parent=23597"}],"wp:term":[{"taxonomy":"product_brand","embeddable":true,"href":"https:\/\/sfashionaccessories.com\/index.php?rest_route=%2Fwp%2Fv2%2Fproduct_brand&post=23597"},{"taxonomy":"product_cat","embeddable":true,"href":"https:\/\/sfashionaccessories.com\/index.php?rest_route=%2Fwp%2Fv2%2Fproduct_cat&post=23597"},{"taxonomy":"product_tag","embeddable":true,"href":"https:\/\/sfashionaccessories.com\/index.php?rest_route=%2Fwp%2Fv2%2Fproduct_tag&post=23597"}],"curies":[{"name":"wp","href":"https:\/\/api.w.org\/{rel}","templated":true}]}}