{"id":23609,"date":"2025-10-12T11:22:17","date_gmt":"2025-10-12T02:22:17","guid":{"rendered":"https:\/\/sfashionaccessories.com\/?post_type=product&#038;p=23609"},"modified":"2026-02-22T23:10:09","modified_gmt":"2026-02-22T14:10:09","slug":"calcinha-boyshort-demillus-gueixa-54534","status":"publish","type":"product","link":"https:\/\/sfashionaccessories.com\/?product=calcinha-boyshort-demillus-gueixa-54534","title":{"rendered":"Calcinha Boyshort DeMillus Gueixa (54534)"},"content":{"rendered":"<p>Confeccionada em microfibra de toque leve e confort\u00e1vel.<br \/>\nCalcinha modelagem boyshort de cintura baixa, com laterais em tule com leve transpar\u00eancia.<br \/>\nCintura e cavas com acabamento em tecido duplo, sem el\u00e1sticos.<br \/>\nComposi\u00e7\u00e3o: Corpo 88% Poliamida e 12% Elatano. Detalhe: 86% Poliamida e 14% Elastano. Forro: 100% Algod\u00e3o.<\/p>\n","protected":false},"excerpt":{"rendered":"<p>Confeccionada em microfibra de toque leve e confort\u00e1vel. Calcinha modelagem boyshort de cintura baixa, com laterais em tule com leve transpar\u00eancia. Cintura e cavas com acabamento em tecido duplo, sem el\u00e1sticos. Composi\u00e7\u00e3o: Corpo 88% Poliamida e 12% Elatano. Detalhe: 86% Poliamida e 14% Elastano. Forro: 100% Algod\u00e3o.<\/p>\n","protected":false},"featured_media":23612,"comment_status":"open","ping_status":"closed","template":"","meta":{"_kadence_starter_templates_imported_post":false},"product_brand":[],"product_cat":[215,268,293,29],"product_tag":[348,266,395,267],"class_list":{"0":"post-23609","1":"product","2":"type-product","3":"status-publish","4":"has-post-thumbnail","6":"product_cat-calcinhas-tangas-fio-dental","7":"product_cat-demillus","8":"product_cat-feminino","9":"product_cat-lingeries","10":"product_tag-calcinha","11":"product_tag-demillus","12":"product_tag-feminino","13":"product_tag-lingerie","15":"first","16":"instock","17":"shipping-taxable","18":"purchasable","19":"product-type-variable"},"_links":{"self":[{"href":"https:\/\/sfashionaccessories.com\/index.php?rest_route=\/wp\/v2\/product\/23609","targetHints":{"allow":["GET"]}}],"collection":[{"href":"https:\/\/sfashionaccessories.com\/index.php?rest_route=\/wp\/v2\/product"}],"about":[{"href":"https:\/\/sfashionaccessories.com\/index.php?rest_route=\/wp\/v2\/types\/product"}],"replies":[{"embeddable":true,"href":"https:\/\/sfashionaccessories.com\/index.php?rest_route=%2Fwp%2Fv2%2Fcomments&post=23609"}],"wp:featuredmedia":[{"embeddable":true,"href":"https:\/\/sfashionaccessories.com\/index.php?rest_route=\/wp\/v2\/media\/23612"}],"wp:attachment":[{"href":"https:\/\/sfashionaccessories.com\/index.php?rest_route=%2Fwp%2Fv2%2Fmedia&parent=23609"}],"wp:term":[{"taxonomy":"product_brand","embeddable":true,"href":"https:\/\/sfashionaccessories.com\/index.php?rest_route=%2Fwp%2Fv2%2Fproduct_brand&post=23609"},{"taxonomy":"product_cat","embeddable":true,"href":"https:\/\/sfashionaccessories.com\/index.php?rest_route=%2Fwp%2Fv2%2Fproduct_cat&post=23609"},{"taxonomy":"product_tag","embeddable":true,"href":"https:\/\/sfashionaccessories.com\/index.php?rest_route=%2Fwp%2Fv2%2Fproduct_tag&post=23609"}],"curies":[{"name":"wp","href":"https:\/\/api.w.org\/{rel}","templated":true}]}}